{"id":9694,"date":"2022-03-08T09:18:45","date_gmt":"2022-03-08T09:18:45","guid":{"rendered":"https:\/\/migrate.e-max.eu\/privacy-policy\/"},"modified":"2024-12-17T08:23:48","modified_gmt":"2024-12-17T07:23:48","slug":"avis-de-non-responsabilite-droit-dauteur","status":"publish","type":"page","link":"https:\/\/backup.e-max.eu\/fr\/avis-de-non-responsabilite-droit-dauteur\/","title":{"rendered":"Avis de non responsabilit\u00e9 droit d&rsquo;auteur"},"content":{"rendered":"\n<section id=\"photo-info-overlay-block_64426062e6de3\" class=\" col-12 photo-info-overlay  d-flex align-items-stretch top-defaultpadding bottom-defaultpadding\">\n  <div id=\"photo-info-overlay-block_64426062e6de3-hook\" class=\"hook\"><\/div>  <style>\n          @media (min-width: 992px) {\n        #photo-info-overlay-block_64426062e6de3 {\n          height: auto;\n          min-height: 320px;\n        }\n      }\n              @media (max-width: 991px) {\n        #photo-info-overlay-block_64426062e6de3 {\n            height: auto;\n            min-height: 120px;\n        }\n      }\n              @media (min-width: 1199.99px) {\n        #photo-info-overlay-block_64426062e6de3 .wrapper h1,\n        #photo-info-overlay-block_64426062e6de3 .wrapper h2 {\n          font-size: 3.125rem;\n        }\n      }\n              @media (min-width: 575.99px) and (max-width: 1199.98px) {\n        #photo-info-overlay-block_64426062e6de3 .wrapper h1,\n        #photo-info-overlay-block_64426062e6de3 .wrapper h2 {\n          font-size: 2.1875rem;\n        }\n      }\n              @media (max-width: 575.98px) {\n        #photo-info-overlay-block_64426062e6de3 .wrapper h1,\n        #photo-info-overlay-block_64426062e6de3 .wrapper h2 {\n          font-size: 1.5625rem;\n        }\n      }\n              @media (min-width: 1199.99px) {\n        #photo-info-overlay-block_64426062e6de3 .wrapper p,\n        #photo-info-overlay-block_64426062e6de3 .wrapper p {\n          font-size: 1rem;\n        }\n      }\n              @media (min-width: 575.99px) and (max-width: 1199.98px) {\n        #photo-info-overlay-block_64426062e6de3 .wrapper p,\n        #photo-info-overlay-block_64426062e6de3 .wrapper p {\n          font-size: 1rem;\n        }\n      }\n              @media (max-width: 575.98px) {\n        #photo-info-overlay-block_64426062e6de3 .wrapper p,\n        #photo-info-overlay-block_64426062e6de3 .wrapper p {\n          font-size: 0.875rem;\n        }\n      }\n      <\/style>\n\n      <div class=\"background\" style=\"background-image: url(https:\/\/i0.wp.com\/backup.e-max.eu\/wp-content\/uploads\/2023\/04\/header-scaled.jpg?fit=2048%2C415&#038;ssl=1)\"><\/div>\n      <div class=\"container d-flex flex-column justify-content-start\">\n    <div class=\"row d-flex flex-column align-items-start\">\n      <div class=\"col-12 col-lg-1\">\n        <div class=\"content \" >\n          <div class=\"color white\" style=\"opacity: calc(0\/100);\"><\/div>\n                    <div class=\"wrapper\">\n\n            \n            <div class=\"text\" style=\"color: var(--black)\">\n              \n            <\/div>\n\n                      <\/div>\n        <\/div>\n      <\/div>\n    <\/div>\n  <\/div>\n<\/section>\n\n\n\n<section id=\"intro-block_646dd2b4891cb\" class=\"col-12 white intro top-defaultpadding bottom-defaultpadding\">\n  <div id=\"intro-block_646dd2b4891cb-hook\" class=\"hook\"><\/div>    \n            \n    \n  <div class=\"container\">\n    <div class=\"row column-direction   \">\n      <div class=\"col-12 col-md-7 description  \">\n                                    <div class=\"title\" style=\"color: var(--black)\">\n                              <h1><span>AVIS DE NON-RESPONSABILIT\u00c9 \/ DROIT D&rsquo;AUTEUR<\/span>\n<\/h1>\n                            <\/div>\n                      \n                      <div class=\"desc\" style=\"color: var(--black)\">\n              <p>\u00a9 2020 E-MAX. Tous droits r\u00e9serv\u00e9s. Ce site et son contenu sont la propri\u00e9t\u00e9 exclusive et int\u00e9grale de la soci\u00e9t\u00e9 E-MAX, \u00e9tablie \u00e0 Dilsen-Stokkem, Siemenslaan 8, 3650 Dilsen-Stokkem, en Belgique.<\/p>\n<p>Ce site et son contenu sont prot\u00e9g\u00e9s par le droit sur la propri\u00e9t\u00e9 intellectuelle. Toute reproduction, diffusion, modification ou communication au public d&rsquo;\u00e9l\u00e9ments (textes, illustrations, lay-out, logos, &#8230;) de ce site ou de son contenu, en tout ou partie, est interdite. Toute reproduction, diffusion, modification ou communication au public d&rsquo;un ou plusieurs \u00e9l\u00e9ments de ce site doit \u00eatre soumise \u00e0 l&rsquo;accord \u00e9crit explicite d&rsquo;E-MAX.<\/p>\n<p>Le contenu a \u00e9t\u00e9 compos\u00e9 avec le plus grand soin par le propri\u00e9taire, mais celui-ci d\u00e9cline toute responsabilit\u00e9 quant \u00e0 de possibles inexactitudes.<\/p>\n<p>Le propri\u00e9taire ne pourra \u00eatre tenu responsable du contenu des dossiers li\u00e9s \u00e0 ce site et\/ou des sites Internet auxquels ce site renvoie.<\/p>\n<p>Toute utilisation non autoris\u00e9e ou inappropri\u00e9e du contenu ou de parties de celui-ci constituera une violation des droits intellectuels. Toute autorisation pour utiliser le contenu pr\u00e9sent\u00e9 ou des parties de celui-ci en des lieux accessibles au public devra \u00eatre demand\u00e9e au pr\u00e9alable et par \u00e9crit.<\/p>\n\n            <\/div>\n                          <\/div>\n      <div class=\"col-12 col-md-5 d-none d-md-block \">\n                    <img decoding=\"async\"\n              src=\"https:\/\/i0.wp.com\/backup.e-max.eu\/wp-content\/uploads\/2023\/05\/E-Max-icon-Disclaimer-TRANSPARANT-600x600px.png?fit=600%2C600&#038;ssl=1\"\n              alt=\"Groen icon van beeldscherm met kruis erdoorheen\"\n              title=\"E-Max-icon-Disclaimer-TRANSPARANT-600x600px\"\n              class=\"img-responsive\"\n              srcset=\"https:\/\/i0.wp.com\/backup.e-max.eu\/wp-content\/uploads\/2023\/05\/E-Max-icon-Disclaimer-TRANSPARANT-600x600px.png?fit=450%2C450&#038;ssl=1 480w,\n                      https:\/\/i0.wp.com\/backup.e-max.eu\/wp-content\/uploads\/2023\/05\/E-Max-icon-Disclaimer-TRANSPARANT-600x600px.png?fit=600%2C600&#038;ssl=1 2048w\"\n              sizes=\"(max-width: 480px) 480px\"\n              width=\"470\"\n                          \/>\n              <\/div>\n    <\/div>\n  <\/div>\n<\/section>\n","protected":false},"excerpt":{"rendered":"","protected":false},"author":1,"featured_media":0,"parent":0,"menu_order":0,"comment_status":"closed","ping_status":"open","template":"","meta":{"_acf_changed":false,"footnotes":""},"class_list":["post-9694","page","type-page","status-publish","hentry"],"acf":[],"yoast_head":"<!-- This site is optimized with the Yoast SEO plugin v24.2 - https:\/\/yoast.com\/wordpress\/plugins\/seo\/ -->\n<title>Avis de non responsabilit\u00e9 droit d&#039;auteur - E-MAX<\/title>\n<meta name=\"description\" content=\"Consultez les mentions l\u00e9gales et les droits d&#039;auteur d&#039;E-MAX. Votre acc\u00e8s \u00e0 une utilisation transparente du site.\" \/>\n<meta name=\"robots\" content=\"noindex, follow, max-snippet:-1, max-image-preview:large, max-video-preview:-1\" \/>\n<meta property=\"og:locale\" content=\"fr_FR\" \/>\n<meta property=\"og:type\" content=\"article\" \/>\n<meta property=\"og:title\" content=\"Avis de non responsabilit\u00e9 droit d&#039;auteur - E-MAX\" \/>\n<meta property=\"og:description\" content=\"Consultez les mentions l\u00e9gales et les droits d&#039;auteur d&#039;E-MAX. Votre acc\u00e8s \u00e0 une utilisation transparente du site.\" \/>\n<meta property=\"og:url\" content=\"https:\/\/backup.e-max.eu\/fr\/avis-de-non-responsabilite-droit-dauteur\/\" \/>\n<meta property=\"og:site_name\" content=\"E-MAX\" \/>\n<meta property=\"article:modified_time\" content=\"2024-12-17T07:23:48+00:00\" \/>\n<meta name=\"twitter:card\" content=\"summary_large_image\" \/>\n<script type=\"application\/ld+json\" class=\"yoast-schema-graph\">{\"@context\":\"https:\/\/schema.org\",\"@graph\":[{\"@type\":\"WebPage\",\"@id\":\"https:\/\/backup.e-max.eu\/fr\/avis-de-non-responsabilite-droit-dauteur\/\",\"url\":\"https:\/\/backup.e-max.eu\/fr\/avis-de-non-responsabilite-droit-dauteur\/\",\"name\":\"Avis de non responsabilit\u00e9 droit d'auteur - E-MAX\",\"isPartOf\":{\"@id\":\"https:\/\/backup.e-max.eu\/#website\"},\"datePublished\":\"2022-03-08T09:18:45+00:00\",\"dateModified\":\"2024-12-17T07:23:48+00:00\",\"description\":\"Consultez les mentions l\u00e9gales et les droits d'auteur d'E-MAX. Votre acc\u00e8s \u00e0 une utilisation transparente du site.\",\"breadcrumb\":{\"@id\":\"https:\/\/backup.e-max.eu\/fr\/avis-de-non-responsabilite-droit-dauteur\/#breadcrumb\"},\"inLanguage\":\"fr-FR\",\"potentialAction\":[{\"@type\":\"ReadAction\",\"target\":[\"https:\/\/backup.e-max.eu\/fr\/avis-de-non-responsabilite-droit-dauteur\/\"]}]},{\"@type\":\"BreadcrumbList\",\"@id\":\"https:\/\/backup.e-max.eu\/fr\/avis-de-non-responsabilite-droit-dauteur\/#breadcrumb\",\"itemListElement\":[{\"@type\":\"ListItem\",\"position\":1,\"name\":\"Home\",\"item\":\"https:\/\/backup.e-max.eu\/fr\/\"},{\"@type\":\"ListItem\",\"position\":2,\"name\":\"Avis de non responsabilit\u00e9 droit d&#8217;auteur\"}]},{\"@type\":\"WebSite\",\"@id\":\"https:\/\/backup.e-max.eu\/#website\",\"url\":\"https:\/\/backup.e-max.eu\/\",\"name\":\"E-MAX\",\"description\":\"Gerecycleerd aluminium met laagste carbon footprint\",\"publisher\":{\"@id\":\"https:\/\/backup.e-max.eu\/#organization\"},\"potentialAction\":[{\"@type\":\"SearchAction\",\"target\":{\"@type\":\"EntryPoint\",\"urlTemplate\":\"https:\/\/backup.e-max.eu\/?s={search_term_string}\"},\"query-input\":{\"@type\":\"PropertyValueSpecification\",\"valueRequired\":true,\"valueName\":\"search_term_string\"}}],\"inLanguage\":\"fr-FR\"},{\"@type\":\"Organization\",\"@id\":\"https:\/\/backup.e-max.eu\/#organization\",\"name\":\"E-MAX Aluminium N.V.\",\"url\":\"https:\/\/backup.e-max.eu\/\",\"logo\":{\"@type\":\"ImageObject\",\"inLanguage\":\"fr-FR\",\"@id\":\"https:\/\/backup.e-max.eu\/#\/schema\/logo\/image\/\",\"url\":\"https:\/\/i0.wp.com\/e-max.eu\/wp-content\/uploads\/2023\/04\/mb-EMAX-logo-Colour-Screen-RGB.png?fit=137%2C46&ssl=1\",\"contentUrl\":\"https:\/\/i0.wp.com\/e-max.eu\/wp-content\/uploads\/2023\/04\/mb-EMAX-logo-Colour-Screen-RGB.png?fit=137%2C46&ssl=1\",\"width\":137,\"height\":46,\"caption\":\"E-MAX Aluminium N.V.\"},\"image\":{\"@id\":\"https:\/\/backup.e-max.eu\/#\/schema\/logo\/image\/\"}}]}<\/script>\n<!-- \/ Yoast SEO plugin. -->","yoast_head_json":{"title":"Avis de non responsabilit\u00e9 droit d'auteur - E-MAX","description":"Consultez les mentions l\u00e9gales et les droits d'auteur d'E-MAX. Votre acc\u00e8s \u00e0 une utilisation transparente du site.","robots":{"index":"noindex","follow":"follow","max-snippet":"max-snippet:-1","max-image-preview":"max-image-preview:large","max-video-preview":"max-video-preview:-1"},"og_locale":"fr_FR","og_type":"article","og_title":"Avis de non responsabilit\u00e9 droit d'auteur - E-MAX","og_description":"Consultez les mentions l\u00e9gales et les droits d'auteur d'E-MAX. Votre acc\u00e8s \u00e0 une utilisation transparente du site.","og_url":"https:\/\/backup.e-max.eu\/fr\/avis-de-non-responsabilite-droit-dauteur\/","og_site_name":"E-MAX","article_modified_time":"2024-12-17T07:23:48+00:00","twitter_card":"summary_large_image","schema":{"@context":"https:\/\/schema.org","@graph":[{"@type":"WebPage","@id":"https:\/\/backup.e-max.eu\/fr\/avis-de-non-responsabilite-droit-dauteur\/","url":"https:\/\/backup.e-max.eu\/fr\/avis-de-non-responsabilite-droit-dauteur\/","name":"Avis de non responsabilit\u00e9 droit d'auteur - E-MAX","isPartOf":{"@id":"https:\/\/backup.e-max.eu\/#website"},"datePublished":"2022-03-08T09:18:45+00:00","dateModified":"2024-12-17T07:23:48+00:00","description":"Consultez les mentions l\u00e9gales et les droits d'auteur d'E-MAX. Votre acc\u00e8s \u00e0 une utilisation transparente du site.","breadcrumb":{"@id":"https:\/\/backup.e-max.eu\/fr\/avis-de-non-responsabilite-droit-dauteur\/#breadcrumb"},"inLanguage":"fr-FR","potentialAction":[{"@type":"ReadAction","target":["https:\/\/backup.e-max.eu\/fr\/avis-de-non-responsabilite-droit-dauteur\/"]}]},{"@type":"BreadcrumbList","@id":"https:\/\/backup.e-max.eu\/fr\/avis-de-non-responsabilite-droit-dauteur\/#breadcrumb","itemListElement":[{"@type":"ListItem","position":1,"name":"Home","item":"https:\/\/backup.e-max.eu\/fr\/"},{"@type":"ListItem","position":2,"name":"Avis de non responsabilit\u00e9 droit d&#8217;auteur"}]},{"@type":"WebSite","@id":"https:\/\/backup.e-max.eu\/#website","url":"https:\/\/backup.e-max.eu\/","name":"E-MAX","description":"Gerecycleerd aluminium met laagste carbon footprint","publisher":{"@id":"https:\/\/backup.e-max.eu\/#organization"},"potentialAction":[{"@type":"SearchAction","target":{"@type":"EntryPoint","urlTemplate":"https:\/\/backup.e-max.eu\/?s={search_term_string}"},"query-input":{"@type":"PropertyValueSpecification","valueRequired":true,"valueName":"search_term_string"}}],"inLanguage":"fr-FR"},{"@type":"Organization","@id":"https:\/\/backup.e-max.eu\/#organization","name":"E-MAX Aluminium N.V.","url":"https:\/\/backup.e-max.eu\/","logo":{"@type":"ImageObject","inLanguage":"fr-FR","@id":"https:\/\/backup.e-max.eu\/#\/schema\/logo\/image\/","url":"https:\/\/i0.wp.com\/e-max.eu\/wp-content\/uploads\/2023\/04\/mb-EMAX-logo-Colour-Screen-RGB.png?fit=137%2C46&ssl=1","contentUrl":"https:\/\/i0.wp.com\/e-max.eu\/wp-content\/uploads\/2023\/04\/mb-EMAX-logo-Colour-Screen-RGB.png?fit=137%2C46&ssl=1","width":137,"height":46,"caption":"E-MAX Aluminium N.V."},"image":{"@id":"https:\/\/backup.e-max.eu\/#\/schema\/logo\/image\/"}}]}},"_links":{"self":[{"href":"https:\/\/backup.e-max.eu\/fr\/wp-json\/wp\/v2\/pages\/9694","targetHints":{"allow":["GET"]}}],"collection":[{"href":"https:\/\/backup.e-max.eu\/fr\/wp-json\/wp\/v2\/pages"}],"about":[{"href":"https:\/\/backup.e-max.eu\/fr\/wp-json\/wp\/v2\/types\/page"}],"author":[{"embeddable":true,"href":"https:\/\/backup.e-max.eu\/fr\/wp-json\/wp\/v2\/users\/1"}],"replies":[{"embeddable":true,"href":"https:\/\/backup.e-max.eu\/fr\/wp-json\/wp\/v2\/comments?post=9694"}],"version-history":[{"count":2,"href":"https:\/\/backup.e-max.eu\/fr\/wp-json\/wp\/v2\/pages\/9694\/revisions"}],"predecessor-version":[{"id":14721,"href":"https:\/\/backup.e-max.eu\/fr\/wp-json\/wp\/v2\/pages\/9694\/revisions\/14721"}],"wp:attachment":[{"href":"https:\/\/backup.e-max.eu\/fr\/wp-json\/wp\/v2\/media?parent=9694"}],"curies":[{"name":"wp","href":"https:\/\/api.w.org\/{rel}","templated":true}]}}