{"id":9688,"date":"2023-05-24T08:05:39","date_gmt":"2023-05-24T06:05:39","guid":{"rendered":"https:\/\/migrate.e-max.eu\/kwaliteit-en-veiligheid\/"},"modified":"2025-01-09T16:38:57","modified_gmt":"2025-01-09T15:38:57","slug":"qualite-et-securite","status":"publish","type":"page","link":"https:\/\/backup.e-max.eu\/fr\/qualite-et-securite\/","title":{"rendered":"Qualit\u00e9 et s\u00e9curit\u00e9"},"content":{"rendered":"\n<section id=\"photo-info-overlay-block_911aa5f0a77b7d0682c49c1ecd63a5e3\" class=\" col-12 photo-info-overlay  d-flex align-items-stretch top-defaultpadding bottom-defaultpadding\">\n  <div id=\"photo-info-overlay-block_911aa5f0a77b7d0682c49c1ecd63a5e3-hook\" class=\"hook\"><\/div>  <style>\n          @media (min-width: 992px) {\n        #photo-info-overlay-block_911aa5f0a77b7d0682c49c1ecd63a5e3 {\n          height: auto;\n          min-height: 320px;\n        }\n      }\n              @media (max-width: 991px) {\n        #photo-info-overlay-block_911aa5f0a77b7d0682c49c1ecd63a5e3 {\n            height: auto;\n            min-height: 120px;\n        }\n      }\n              @media (min-width: 1199.99px) {\n        #photo-info-overlay-block_911aa5f0a77b7d0682c49c1ecd63a5e3 .wrapper h1,\n        #photo-info-overlay-block_911aa5f0a77b7d0682c49c1ecd63a5e3 .wrapper h2 {\n          font-size: 3.125rem;\n        }\n      }\n              @media (min-width: 575.99px) and (max-width: 1199.98px) {\n        #photo-info-overlay-block_911aa5f0a77b7d0682c49c1ecd63a5e3 .wrapper h1,\n        #photo-info-overlay-block_911aa5f0a77b7d0682c49c1ecd63a5e3 .wrapper h2 {\n          font-size: 2.1875rem;\n        }\n      }\n              @media (max-width: 575.98px) {\n        #photo-info-overlay-block_911aa5f0a77b7d0682c49c1ecd63a5e3 .wrapper h1,\n        #photo-info-overlay-block_911aa5f0a77b7d0682c49c1ecd63a5e3 .wrapper h2 {\n          font-size: 1.5625rem;\n        }\n      }\n              @media (min-width: 1199.99px) {\n        #photo-info-overlay-block_911aa5f0a77b7d0682c49c1ecd63a5e3 .wrapper p,\n        #photo-info-overlay-block_911aa5f0a77b7d0682c49c1ecd63a5e3 .wrapper p {\n          font-size: 1rem;\n        }\n      }\n              @media (min-width: 575.99px) and (max-width: 1199.98px) {\n        #photo-info-overlay-block_911aa5f0a77b7d0682c49c1ecd63a5e3 .wrapper p,\n        #photo-info-overlay-block_911aa5f0a77b7d0682c49c1ecd63a5e3 .wrapper p {\n          font-size: 1rem;\n        }\n      }\n              @media (max-width: 575.98px) {\n        #photo-info-overlay-block_911aa5f0a77b7d0682c49c1ecd63a5e3 .wrapper p,\n        #photo-info-overlay-block_911aa5f0a77b7d0682c49c1ecd63a5e3 .wrapper p {\n          font-size: 0.875rem;\n        }\n      }\n      <\/style>\n\n      <div class=\"background\" style=\"background-image: url(https:\/\/i0.wp.com\/backup.e-max.eu\/wp-content\/uploads\/2023\/04\/header-scaled.jpg?fit=2048%2C415&#038;ssl=1)\"><\/div>\n      <div class=\"container d-flex flex-column justify-content-start\">\n    <div class=\"row d-flex flex-column align-items-start\">\n      <div class=\"col-12 col-lg-1\">\n        <div class=\"content \" >\n          <div class=\"color white\" style=\"opacity: calc(0\/100);\"><\/div>\n                    <div class=\"wrapper\">\n\n            \n            <div class=\"text\" style=\"color: var(--black)\">\n              \n            <\/div>\n\n                      <\/div>\n        <\/div>\n      <\/div>\n    <\/div>\n  <\/div>\n<\/section>\n\n\n\n<section id=\"intro-block_3a6cd6b19a1aede4678c9496d9d72d36\" class=\"col-12 white intro top-defaultpadding bottom-defaultpadding\">\n  <div id=\"intro-block_3a6cd6b19a1aede4678c9496d9d72d36-hook\" class=\"hook\"><\/div>      <style>\n      @media (max-width: 768px) {\n        #intro-block_3a6cd6b19a1aede4678c9496d9d72d36 .title * {\n          text-align: left!important;\n        }\n\n        #intro-block_3a6cd6b19a1aede4678c9496d9d72d36 .desc * {\n          text-align: left!important;\n        }\n      }\n    <\/style>\n    \n            \n    \n  <div class=\"container\">\n    <div class=\"row column-direction   \">\n      <div class=\"col-12 col-md-6 description  \">\n                                    <div class=\"title\" style=\"color: var(--black)\">\n                              <h1><span>QUALIT\u00c9 ET S\u00c9CURIT\u00c9<\/span>\n<\/h1>\n                            <\/div>\n                      \n                      <div class=\"desc\" style=\"color: var(--black)\">\n              <p>La qualit\u00e9 et la s\u00e9curit\u00e9 sont deux th\u00e8mes importants dans nos activit\u00e9s quotidiennes. Nous faisons tout pour produire nos profil\u00e9s et nos billettes conform\u00e9ment aux dimensions convenues. Et pour que notre organisation agisse conform\u00e9ment aux normes de qualit\u00e9 et de s\u00e9curit\u00e9 convenues.<\/p>\n<p><strong>SYST\u00c8ME DE MESURE UNIQUE<br \/>\n<\/strong>Toutes nos soci\u00e9t\u00e9s d&rsquo;extrusion appliquent un processus de mesure unique pour contr\u00f4ler en permanence les dimensions des profil\u00e9s pendant la production. Pour ce faire, nous utilisons le syst\u00e8me de contr\u00f4le en ligne des dimensions PROMEX d\u00e9velopp\u00e9 par Ascona. Ce syst\u00e8me nous permet de v\u00e9rifier si les dimensions du profil\u00e9 correspondent \u00e0 100\u00a0% aux souhaits de notre client tout au long du processus d&rsquo;extrusion. Tous les profil\u00e9s extrud\u00e9s sont contr\u00f4l\u00e9s par Ascona. Un rapport de mesure peut \u00eatre remis lors de la premi\u00e8re livraison de vos profil\u00e9s. Vous pouvez \u00e9galement demander un certificat 3.1. Celui-ci confirme les propri\u00e9t\u00e9s m\u00e9caniques et chimiques des profil\u00e9s.<\/p>\n\n            <\/div>\n                          <\/div>\n      <div class=\"col-12 col-md-6  \">\n                    <img decoding=\"async\"\n              src=\"https:\/\/i0.wp.com\/backup.e-max.eu\/wp-content\/uploads\/2023\/05\/kwaliteit2.jpg?fit=600%2C600&#038;ssl=1\"\n              alt=\"Werknemer die een controle uitvoert voor een profiel mal\"\n              title=\"kwaliteit2\"\n              class=\"img-responsive\"\n              srcset=\"https:\/\/i0.wp.com\/backup.e-max.eu\/wp-content\/uploads\/2023\/05\/kwaliteit2.jpg?fit=450%2C450&#038;ssl=1 480w,\n                      https:\/\/i0.wp.com\/backup.e-max.eu\/wp-content\/uploads\/2023\/05\/kwaliteit2.jpg?fit=600%2C600&#038;ssl=1 2048w\"\n              sizes=\"(max-width: 480px) 480px\"\n              width=\"470\"\n                          \/>\n              <\/div>\n    <\/div>\n  <\/div>\n<\/section>\n\n\n\n<section id=\"intro-block_0cb038296498427c051a6b42ef4653d1\" class=\"col-12 white intro top-space-md bottom-space-md\">\n  <div id=\"intro-block_0cb038296498427c051a6b42ef4653d1-hook\" class=\"hook\"><\/div>      <style>\n      @media (max-width: 768px) {\n        #intro-block_0cb038296498427c051a6b42ef4653d1 .title * {\n          text-align: left!important;\n        }\n\n        #intro-block_0cb038296498427c051a6b42ef4653d1 .desc * {\n          text-align: left!important;\n        }\n      }\n    <\/style>\n    \n            \n    \n  <div class=\"container\">\n    <div class=\"row column-direction reverse reverse-mobile \">\n      <div class=\"col-12 col-md-6 description  \">\n                                    <div class=\"title\" style=\"color: var(--black)\">\n                              <h2><span>SCANNER 3D<\/span>\n<\/h2>\n                            <\/div>\n                      \n                      <div class=\"desc\" style=\"color: var(--black)\">\n              <p>Les matrices utilis\u00e9es par E-MAX sont de la plus haute qualit\u00e9. Toutes les matrices sont contr\u00f4l\u00e9es dans le scanner 3D pour v\u00e9rifier l&rsquo;absence de d\u00e9faut. Nous contr\u00f4lons \u00e9galement toutes les matrices livr\u00e9es par un fournisseur ext\u00e9rieur. Vous pouvez donc compter sur une qualit\u00e9 irr\u00e9prochable. Le scanner 3D est \u00e9galement utilis\u00e9 en r\u00e9tro-ing\u00e9nierie. Concr\u00e8tement, la matrice existante est num\u00e9ris\u00e9e et convertie en fichier CAO. Si la matrice est us\u00e9e, elle peut \u00eatre remplac\u00e9e sans d\u00e9lai.<\/p>\n\n            <\/div>\n                          <\/div>\n      <div class=\"col-12 col-md-6  \">\n                    <img decoding=\"async\"\n              src=\"https:\/\/i0.wp.com\/backup.e-max.eu\/wp-content\/uploads\/2023\/05\/kwaliteit-4.jpg?fit=888%2C498&#038;ssl=1\"\n              alt=\"Werknemer die een controle uitvoerd voor een profiel\"\n              title=\"kwaliteit-4\"\n              class=\"img-responsive\"\n              srcset=\"https:\/\/i0.wp.com\/backup.e-max.eu\/wp-content\/uploads\/2023\/05\/kwaliteit-4.jpg?fit=450%2C252&#038;ssl=1 480w,\n                      https:\/\/i0.wp.com\/backup.e-max.eu\/wp-content\/uploads\/2023\/05\/kwaliteit-4.jpg?fit=888%2C498&#038;ssl=1 2048w\"\n              sizes=\"(max-width: 480px) 480px\"\n              width=\"470\"\n                          \/>\n              <\/div>\n    <\/div>\n  <\/div>\n<\/section>\n\n\n\n<section id=\"intro-block_e4811464f9f188dabd7df060e0d1b3fd\" class=\"col-12 white intro top-defaultpadding bottom-defaultpadding\">\n  <div id=\"intro-block_e4811464f9f188dabd7df060e0d1b3fd-hook\" class=\"hook\"><\/div>      <style>\n      @media (max-width: 768px) {\n        #intro-block_e4811464f9f188dabd7df060e0d1b3fd .title * {\n          text-align: left!important;\n        }\n\n        #intro-block_e4811464f9f188dabd7df060e0d1b3fd .desc * {\n          text-align: left!important;\n        }\n      }\n    <\/style>\n    \n            \n    \n  <div class=\"container\">\n    <div class=\"row column-direction   \">\n      <div class=\"col-12 col-md-6 description  \">\n                                    <div class=\"title\" style=\"color: var(--black)\">\n                              <h2><span>PERFORMANCES CERTIFI\u00c9ES, QUALIT\u00c9 GARANTIE<\/span>\n<\/h2>\n                            <\/div>\n                      \n                      <div class=\"desc\" style=\"color: var(--black)\">\n              <p>Nos certificats sont la preuve ultime de nos efforts continuels pour garantir une qualit\u00e9 optimale. Pas seulement pendant le processus de production mais aussi lors de la livraison finale. Nous disposons des certificats suivants\u00a0:<\/p>\n<ul>\n<li><strong>ISO 9001 : 2015<\/strong><\/li>\n<li><strong>ISO 14001:2015<\/strong><\/li>\n<li><strong>ISO 14064-1<\/strong><\/li>\n<li><strong>ISO 50001:2018<\/strong><\/li>\n<li><strong>CE 15088:2005<\/strong><\/li>\n<li><strong>REACH<\/strong><\/li>\n<\/ul>\n\n            <\/div>\n                                <div class=\"buttons justify-content-start\">\n                              \n  \n  <a\n    href=\"\/fr\/telecharger\/certificats\/\"     class=\"button primary-button\n                        \"\n    style=' \n            color: var(--white);      border-radius: 4px;      font-weight: 600;      font-family: Barlow;      '\n    title=\"VOIR LES CERTIFICATS\" id=\"intro-block_e4811464f9f188dabd7df060e0d1b3fd-cta-1\"\n    >\n        <div class=\"text\">\n      VOIR LES CERTIFICATS\n    <\/div>\n  <\/a>\n                          <\/div>\n                <\/div>\n      <div class=\"col-12 col-md-6 d-none d-md-block \">\n                    <img decoding=\"async\"\n              src=\"https:\/\/i0.wp.com\/backup.e-max.eu\/wp-content\/uploads\/2023\/05\/55_0-zwart.jpg?fit=1024%2C682&#038;ssl=1\"\n              alt=\"Zwart-wit foto van de opslagruimte met diverse aluminium profielen die door een werknemer verplaatst worden\"\n              title=\"55_0-zwart\"\n              class=\"img-responsive\"\n              srcset=\"https:\/\/i0.wp.com\/backup.e-max.eu\/wp-content\/uploads\/2023\/05\/55_0-zwart.jpg?fit=450%2C300&#038;ssl=1 480w,\n                      https:\/\/i0.wp.com\/backup.e-max.eu\/wp-content\/uploads\/2023\/05\/55_0-zwart.jpg?fit=1024%2C682&#038;ssl=1 2048w\"\n              sizes=\"(max-width: 480px) 480px\"\n              width=\"470\"\n                          \/>\n              <\/div>\n    <\/div>\n  <\/div>\n<\/section>\n","protected":false},"excerpt":{"rendered":"","protected":false},"author":1,"featured_media":0,"parent":0,"menu_order":0,"comment_status":"closed","ping_status":"closed","template":"","meta":{"_acf_changed":false,"footnotes":""},"class_list":["post-9688","page","type-page","status-publish","hentry"],"acf":[],"yoast_head":"<!-- This site is optimized with the Yoast SEO plugin v24.2 - https:\/\/yoast.com\/wordpress\/plugins\/seo\/ -->\n<title>Qualit\u00e9 et s\u00e9curit\u00e9 dans les solutions en aluminium - E-MAX<\/title>\n<meta name=\"description\" content=\"Qualit\u00e9 et s\u00e9curit\u00e9 sont nos priorit\u00e9s. D\u00e9couvrez les engagements d&#039;E-MAX pour des solutions aluminium fiables.\" \/>\n<meta name=\"robots\" content=\"noindex, follow, max-snippet:-1, max-image-preview:large, max-video-preview:-1\" \/>\n<meta property=\"og:locale\" content=\"fr_FR\" \/>\n<meta property=\"og:type\" content=\"article\" \/>\n<meta property=\"og:title\" content=\"Qualit\u00e9 et s\u00e9curit\u00e9 dans les solutions en aluminium - E-MAX\" \/>\n<meta property=\"og:description\" content=\"Qualit\u00e9 et s\u00e9curit\u00e9 sont nos priorit\u00e9s. D\u00e9couvrez les engagements d&#039;E-MAX pour des solutions aluminium fiables.\" \/>\n<meta property=\"og:url\" content=\"https:\/\/backup.e-max.eu\/fr\/qualite-et-securite\/\" \/>\n<meta property=\"og:site_name\" content=\"E-MAX\" \/>\n<meta property=\"article:modified_time\" content=\"2025-01-09T15:38:57+00:00\" \/>\n<meta name=\"twitter:card\" content=\"summary_large_image\" \/>\n<script type=\"application\/ld+json\" class=\"yoast-schema-graph\">{\"@context\":\"https:\/\/schema.org\",\"@graph\":[{\"@type\":\"WebPage\",\"@id\":\"https:\/\/backup.e-max.eu\/fr\/qualite-et-securite\/\",\"url\":\"https:\/\/backup.e-max.eu\/fr\/qualite-et-securite\/\",\"name\":\"Qualit\u00e9 et s\u00e9curit\u00e9 dans les solutions en aluminium - E-MAX\",\"isPartOf\":{\"@id\":\"https:\/\/backup.e-max.eu\/#website\"},\"datePublished\":\"2023-05-24T06:05:39+00:00\",\"dateModified\":\"2025-01-09T15:38:57+00:00\",\"description\":\"Qualit\u00e9 et s\u00e9curit\u00e9 sont nos priorit\u00e9s. D\u00e9couvrez les engagements d'E-MAX pour des solutions aluminium fiables.\",\"breadcrumb\":{\"@id\":\"https:\/\/backup.e-max.eu\/fr\/qualite-et-securite\/#breadcrumb\"},\"inLanguage\":\"fr-FR\",\"potentialAction\":[{\"@type\":\"ReadAction\",\"target\":[\"https:\/\/backup.e-max.eu\/fr\/qualite-et-securite\/\"]}]},{\"@type\":\"BreadcrumbList\",\"@id\":\"https:\/\/backup.e-max.eu\/fr\/qualite-et-securite\/#breadcrumb\",\"itemListElement\":[{\"@type\":\"ListItem\",\"position\":1,\"name\":\"Home\",\"item\":\"https:\/\/backup.e-max.eu\/fr\/\"},{\"@type\":\"ListItem\",\"position\":2,\"name\":\"Qualit\u00e9 et s\u00e9curit\u00e9\"}]},{\"@type\":\"WebSite\",\"@id\":\"https:\/\/backup.e-max.eu\/#website\",\"url\":\"https:\/\/backup.e-max.eu\/\",\"name\":\"E-MAX\",\"description\":\"Gerecycleerd aluminium met laagste carbon footprint\",\"publisher\":{\"@id\":\"https:\/\/backup.e-max.eu\/#organization\"},\"potentialAction\":[{\"@type\":\"SearchAction\",\"target\":{\"@type\":\"EntryPoint\",\"urlTemplate\":\"https:\/\/backup.e-max.eu\/?s={search_term_string}\"},\"query-input\":{\"@type\":\"PropertyValueSpecification\",\"valueRequired\":true,\"valueName\":\"search_term_string\"}}],\"inLanguage\":\"fr-FR\"},{\"@type\":\"Organization\",\"@id\":\"https:\/\/backup.e-max.eu\/#organization\",\"name\":\"E-MAX Aluminium N.V.\",\"url\":\"https:\/\/backup.e-max.eu\/\",\"logo\":{\"@type\":\"ImageObject\",\"inLanguage\":\"fr-FR\",\"@id\":\"https:\/\/backup.e-max.eu\/#\/schema\/logo\/image\/\",\"url\":\"https:\/\/i0.wp.com\/e-max.eu\/wp-content\/uploads\/2023\/04\/mb-EMAX-logo-Colour-Screen-RGB.png?fit=137%2C46&ssl=1\",\"contentUrl\":\"https:\/\/i0.wp.com\/e-max.eu\/wp-content\/uploads\/2023\/04\/mb-EMAX-logo-Colour-Screen-RGB.png?fit=137%2C46&ssl=1\",\"width\":137,\"height\":46,\"caption\":\"E-MAX Aluminium N.V.\"},\"image\":{\"@id\":\"https:\/\/backup.e-max.eu\/#\/schema\/logo\/image\/\"}}]}<\/script>\n<!-- \/ Yoast SEO plugin. -->","yoast_head_json":{"title":"Qualit\u00e9 et s\u00e9curit\u00e9 dans les solutions en aluminium - E-MAX","description":"Qualit\u00e9 et s\u00e9curit\u00e9 sont nos priorit\u00e9s. D\u00e9couvrez les engagements d'E-MAX pour des solutions aluminium fiables.","robots":{"index":"noindex","follow":"follow","max-snippet":"max-snippet:-1","max-image-preview":"max-image-preview:large","max-video-preview":"max-video-preview:-1"},"og_locale":"fr_FR","og_type":"article","og_title":"Qualit\u00e9 et s\u00e9curit\u00e9 dans les solutions en aluminium - E-MAX","og_description":"Qualit\u00e9 et s\u00e9curit\u00e9 sont nos priorit\u00e9s. D\u00e9couvrez les engagements d'E-MAX pour des solutions aluminium fiables.","og_url":"https:\/\/backup.e-max.eu\/fr\/qualite-et-securite\/","og_site_name":"E-MAX","article_modified_time":"2025-01-09T15:38:57+00:00","twitter_card":"summary_large_image","schema":{"@context":"https:\/\/schema.org","@graph":[{"@type":"WebPage","@id":"https:\/\/backup.e-max.eu\/fr\/qualite-et-securite\/","url":"https:\/\/backup.e-max.eu\/fr\/qualite-et-securite\/","name":"Qualit\u00e9 et s\u00e9curit\u00e9 dans les solutions en aluminium - E-MAX","isPartOf":{"@id":"https:\/\/backup.e-max.eu\/#website"},"datePublished":"2023-05-24T06:05:39+00:00","dateModified":"2025-01-09T15:38:57+00:00","description":"Qualit\u00e9 et s\u00e9curit\u00e9 sont nos priorit\u00e9s. D\u00e9couvrez les engagements d'E-MAX pour des solutions aluminium fiables.","breadcrumb":{"@id":"https:\/\/backup.e-max.eu\/fr\/qualite-et-securite\/#breadcrumb"},"inLanguage":"fr-FR","potentialAction":[{"@type":"ReadAction","target":["https:\/\/backup.e-max.eu\/fr\/qualite-et-securite\/"]}]},{"@type":"BreadcrumbList","@id":"https:\/\/backup.e-max.eu\/fr\/qualite-et-securite\/#breadcrumb","itemListElement":[{"@type":"ListItem","position":1,"name":"Home","item":"https:\/\/backup.e-max.eu\/fr\/"},{"@type":"ListItem","position":2,"name":"Qualit\u00e9 et s\u00e9curit\u00e9"}]},{"@type":"WebSite","@id":"https:\/\/backup.e-max.eu\/#website","url":"https:\/\/backup.e-max.eu\/","name":"E-MAX","description":"Gerecycleerd aluminium met laagste carbon footprint","publisher":{"@id":"https:\/\/backup.e-max.eu\/#organization"},"potentialAction":[{"@type":"SearchAction","target":{"@type":"EntryPoint","urlTemplate":"https:\/\/backup.e-max.eu\/?s={search_term_string}"},"query-input":{"@type":"PropertyValueSpecification","valueRequired":true,"valueName":"search_term_string"}}],"inLanguage":"fr-FR"},{"@type":"Organization","@id":"https:\/\/backup.e-max.eu\/#organization","name":"E-MAX Aluminium N.V.","url":"https:\/\/backup.e-max.eu\/","logo":{"@type":"ImageObject","inLanguage":"fr-FR","@id":"https:\/\/backup.e-max.eu\/#\/schema\/logo\/image\/","url":"https:\/\/i0.wp.com\/e-max.eu\/wp-content\/uploads\/2023\/04\/mb-EMAX-logo-Colour-Screen-RGB.png?fit=137%2C46&ssl=1","contentUrl":"https:\/\/i0.wp.com\/e-max.eu\/wp-content\/uploads\/2023\/04\/mb-EMAX-logo-Colour-Screen-RGB.png?fit=137%2C46&ssl=1","width":137,"height":46,"caption":"E-MAX Aluminium N.V."},"image":{"@id":"https:\/\/backup.e-max.eu\/#\/schema\/logo\/image\/"}}]}},"_links":{"self":[{"href":"https:\/\/backup.e-max.eu\/fr\/wp-json\/wp\/v2\/pages\/9688","targetHints":{"allow":["GET"]}}],"collection":[{"href":"https:\/\/backup.e-max.eu\/fr\/wp-json\/wp\/v2\/pages"}],"about":[{"href":"https:\/\/backup.e-max.eu\/fr\/wp-json\/wp\/v2\/types\/page"}],"author":[{"embeddable":true,"href":"https:\/\/backup.e-max.eu\/fr\/wp-json\/wp\/v2\/users\/1"}],"replies":[{"embeddable":true,"href":"https:\/\/backup.e-max.eu\/fr\/wp-json\/wp\/v2\/comments?post=9688"}],"version-history":[{"count":3,"href":"https:\/\/backup.e-max.eu\/fr\/wp-json\/wp\/v2\/pages\/9688\/revisions"}],"predecessor-version":[{"id":15017,"href":"https:\/\/backup.e-max.eu\/fr\/wp-json\/wp\/v2\/pages\/9688\/revisions\/15017"}],"wp:attachment":[{"href":"https:\/\/backup.e-max.eu\/fr\/wp-json\/wp\/v2\/media?parent=9688"}],"curies":[{"name":"wp","href":"https:\/\/api.w.org\/{rel}","templated":true}]}}