{"id":9666,"date":"2023-06-02T13:51:06","date_gmt":"2023-06-02T11:51:06","guid":{"rendered":"https:\/\/migrate.e-max.eu\/downloads\/"},"modified":"2025-01-28T13:39:13","modified_gmt":"2025-01-28T12:39:13","slug":"telecharger","status":"publish","type":"page","link":"https:\/\/backup.e-max.eu\/fr\/telecharger\/","title":{"rendered":"T\u00e9l\u00e9chargements d&rsquo;E-Max"},"content":{"rendered":"\n<section id=\"photo-info-overlay-block_a8a7c446e4d27baac307bc2bd75ee3a5\" class=\" col-12 photo-info-overlay  d-flex align-items-stretch top-defaultpadding bottom-defaultpadding\">\n  <div id=\"photo-info-overlay-block_a8a7c446e4d27baac307bc2bd75ee3a5-hook\" class=\"hook\"><\/div>  <style>\n          @media (min-width: 992px) {\n        #photo-info-overlay-block_a8a7c446e4d27baac307bc2bd75ee3a5 {\n          height: auto;\n          min-height: 320px;\n        }\n      }\n              @media (max-width: 991px) {\n        #photo-info-overlay-block_a8a7c446e4d27baac307bc2bd75ee3a5 {\n            height: auto;\n            min-height: 120px;\n        }\n      }\n              @media (min-width: 1199.99px) {\n        #photo-info-overlay-block_a8a7c446e4d27baac307bc2bd75ee3a5 .wrapper h1,\n        #photo-info-overlay-block_a8a7c446e4d27baac307bc2bd75ee3a5 .wrapper h2 {\n          font-size: 3.125rem;\n        }\n      }\n              @media (min-width: 575.99px) and (max-width: 1199.98px) {\n        #photo-info-overlay-block_a8a7c446e4d27baac307bc2bd75ee3a5 .wrapper h1,\n        #photo-info-overlay-block_a8a7c446e4d27baac307bc2bd75ee3a5 .wrapper h2 {\n          font-size: 2.1875rem;\n        }\n      }\n              @media (max-width: 575.98px) {\n        #photo-info-overlay-block_a8a7c446e4d27baac307bc2bd75ee3a5 .wrapper h1,\n        #photo-info-overlay-block_a8a7c446e4d27baac307bc2bd75ee3a5 .wrapper h2 {\n          font-size: 1.5625rem;\n        }\n      }\n              @media (min-width: 1199.99px) {\n        #photo-info-overlay-block_a8a7c446e4d27baac307bc2bd75ee3a5 .wrapper p,\n        #photo-info-overlay-block_a8a7c446e4d27baac307bc2bd75ee3a5 .wrapper p {\n          font-size: 1rem;\n        }\n      }\n              @media (min-width: 575.99px) and (max-width: 1199.98px) {\n        #photo-info-overlay-block_a8a7c446e4d27baac307bc2bd75ee3a5 .wrapper p,\n        #photo-info-overlay-block_a8a7c446e4d27baac307bc2bd75ee3a5 .wrapper p {\n          font-size: 1rem;\n        }\n      }\n              @media (max-width: 575.98px) {\n        #photo-info-overlay-block_a8a7c446e4d27baac307bc2bd75ee3a5 .wrapper p,\n        #photo-info-overlay-block_a8a7c446e4d27baac307bc2bd75ee3a5 .wrapper p {\n          font-size: 0.875rem;\n        }\n      }\n      <\/style>\n\n      <div class=\"background\" style=\"background-image: url(https:\/\/i0.wp.com\/backup.e-max.eu\/wp-content\/uploads\/2023\/04\/header-scaled.jpg?fit=2048%2C415&#038;ssl=1)\"><\/div>\n      <div class=\"container d-flex flex-column justify-content-start\">\n    <div class=\"row d-flex flex-column align-items-start\">\n      <div class=\"col-12 col-lg-1\">\n        <div class=\"content \" >\n          <div class=\"color white\" style=\"opacity: calc(0\/100);\"><\/div>\n                    <div class=\"wrapper\">\n\n            \n            <div class=\"text\" style=\"color: var(--black)\">\n              \n            <\/div>\n\n                      <\/div>\n        <\/div>\n      <\/div>\n    <\/div>\n  <\/div>\n<\/section>\n\n\n\n<section id=\"intro-block_0e34906aac5f8b2dc5ea796965466207\" class=\"col-12 white intro top-defaultpadding bottom-defaultpadding\">\n  <div id=\"intro-block_0e34906aac5f8b2dc5ea796965466207-hook\" class=\"hook\"><\/div>      <style>\n      @media (max-width: 768px) {\n        #intro-block_0e34906aac5f8b2dc5ea796965466207 .title * {\n          text-align: left!important;\n        }\n\n        #intro-block_0e34906aac5f8b2dc5ea796965466207 .desc * {\n          text-align: left!important;\n        }\n      }\n    <\/style>\n    \n            \n    \n  <div class=\"container\">\n    <div class=\"row column-direction   \">\n      <div class=\"col-12 col-md-6 description  \">\n                                    <div class=\"title\" style=\"color: var(--black)\">\n                              <h1><span>T\u00c9L\u00c9CHARGEMENTS: D\u00c9COUVREZ NOS CONNAISSANCES ET SOLUTIONS<\/span>\n<\/h1>\n                            <\/div>\n                      \n                      <div class=\"desc\" style=\"color: var(--black)\">\n              <p>Chez E-MAX, nous facilitons l&rsquo;acc\u00e8s \u00e0 toutes les informations essentielles dont vous avez besoin pour votre projet. Sur cette page, vous trouverez une collection compl\u00e8te de brochures, de sp\u00e9cifications techniques, de rapports sur le d\u00e9veloppement durable et bien plus encore. Tout ce que vous devez savoir sur nos produits et services en aluminium de haute qualit\u00e9 est rassembl\u00e9 en un seul endroit.<\/p>\n<p>Que vous recherchiez les derni\u00e8res sp\u00e9cifications de nos profil\u00e9s en aluminium, des informations sur nos processus de recyclage ou un aper\u00e7u de nos initiatives en mati\u00e8re de d\u00e9veloppement durable, nos documents fournissent des informations d\u00e9taill\u00e9es et pratiques. Ces ressources sont con\u00e7ues pour vous aider \u00e0 faire des choix \u00e9clair\u00e9s et \u00e0 atteindre les objectifs de votre projet.<\/p>\n<p>Tous les t\u00e9l\u00e9chargements sont class\u00e9s par cat\u00e9gories claires, ce qui vous permet de trouver rapidement et facilement ce dont vous avez besoin. Il vous manque un document sp\u00e9cifique ? Notre \u00e9quipe est toujours pr\u00eate \u00e0 vous aider et \u00e0 vous fournir des informations compl\u00e9mentaires.<\/p>\n<p>Parcourez nos t\u00e9l\u00e9chargements et d\u00e9couvrez comment E-MAX peut vous aider avec des solutions innovantes en aluminium et des applications durables. Avec nous, vous \u00eates assur\u00e9 de la qualit\u00e9, de la transparence et de l&rsquo;expertise.<\/p>\n\n            <\/div>\n                                <div class=\"buttons justify-content-start\">\n                              \n  \n  <a\n    href=\"\/fr\/telecharger\/brochure\/\"     class=\"button primary-button\n                        \"\n    style=' \n            color: var(--white);      border-radius: 4px;      font-weight: 600;      font-family: Barlow;      '\n    title=\"BROCHURE &#038; WHITEPAPER\" id=\"intro-block_0e34906aac5f8b2dc5ea796965466207-cta-1\"\n    >\n        <div class=\"text\">\n      BROCHURE &#038; WHITEPAPER\n    <\/div>\n  <\/a>\n                              \n  \n  <a\n    href=\"\/fr\/telecharger\/certificats\/\"     class=\"button primary-button\n                        \"\n    style=' \n            color: var(--white);      border-radius: 4px;      font-weight: 600;      font-family: Barlow;      '\n    title=\"CERTIFICAT\" id=\"intro-block_0e34906aac5f8b2dc5ea796965466207-cta-2\"\n    >\n        <div class=\"text\">\n      CERTIFICAT\n    <\/div>\n  <\/a>\n                              \n  \n  <a\n    href=\"\/fr\/telecharger\/infographique\/\"     class=\"button primary-button\n                        \"\n    style=' \n            color: var(--white);      border-radius: 4px;      font-weight: 600;      font-family: Barlow;      '\n    title=\"INFOGRAPHIQUE\" id=\"intro-block_0e34906aac5f8b2dc5ea796965466207-cta-3\"\n    >\n        <div class=\"text\">\n      INFOGRAPHIQUE\n    <\/div>\n  <\/a>\n                          <\/div>\n                <\/div>\n      <div class=\"col-12 col-md-6  \">\n                    <img decoding=\"async\"\n              src=\"https:\/\/i0.wp.com\/backup.e-max.eu\/wp-content\/uploads\/2023\/05\/Group.jpg?fit=600%2C600&#038;ssl=1\"\n              alt=\"Mockup van een laptop met een website pagina van EMAX\"\n              title=\"Group\"\n              class=\"img-responsive\"\n              srcset=\"https:\/\/i0.wp.com\/backup.e-max.eu\/wp-content\/uploads\/2023\/05\/Group.jpg?fit=450%2C450&#038;ssl=1 480w,\n                      https:\/\/i0.wp.com\/backup.e-max.eu\/wp-content\/uploads\/2023\/05\/Group.jpg?fit=600%2C600&#038;ssl=1 2048w\"\n              sizes=\"(max-width: 480px) 480px\"\n              width=\"470\"\n                          \/>\n              <\/div>\n    <\/div>\n  <\/div>\n<\/section>\n","protected":false},"excerpt":{"rendered":"","protected":false},"author":1,"featured_media":0,"parent":0,"menu_order":0,"comment_status":"closed","ping_status":"closed","template":"","meta":{"_acf_changed":false,"footnotes":""},"class_list":["post-9666","page","type-page","status-publish","hentry"],"acf":[],"yoast_head":"<!-- This site is optimized with the Yoast SEO plugin v24.2 - https:\/\/yoast.com\/wordpress\/plugins\/seo\/ -->\n<title>T\u00e9l\u00e9chargez nos certificats, brochures et infographies - E-MAX<\/title>\n<meta name=\"description\" content=\"Trouvez ici tous les t\u00e9l\u00e9chargements d&#039;E-MAX : brochures, infographies et certifications. D\u00e9couvrez nos solutions aluminium durables et innovantes.\" \/>\n<meta name=\"robots\" content=\"noindex, follow, max-snippet:-1, max-image-preview:large, max-video-preview:-1\" \/>\n<meta property=\"og:locale\" content=\"fr_FR\" \/>\n<meta property=\"og:type\" content=\"article\" \/>\n<meta property=\"og:title\" content=\"T\u00e9l\u00e9chargez nos certificats, brochures et infographies - E-MAX\" \/>\n<meta property=\"og:description\" content=\"Trouvez ici tous les t\u00e9l\u00e9chargements d&#039;E-MAX : brochures, infographies et certifications. D\u00e9couvrez nos solutions aluminium durables et innovantes.\" \/>\n<meta property=\"og:url\" content=\"https:\/\/backup.e-max.eu\/fr\/telecharger\/\" \/>\n<meta property=\"og:site_name\" content=\"E-MAX\" \/>\n<meta property=\"article:modified_time\" content=\"2025-01-28T12:39:13+00:00\" \/>\n<meta name=\"twitter:card\" content=\"summary_large_image\" \/>\n<script type=\"application\/ld+json\" class=\"yoast-schema-graph\">{\"@context\":\"https:\/\/schema.org\",\"@graph\":[{\"@type\":\"WebPage\",\"@id\":\"https:\/\/backup.e-max.eu\/fr\/telecharger\/\",\"url\":\"https:\/\/backup.e-max.eu\/fr\/telecharger\/\",\"name\":\"T\u00e9l\u00e9chargez nos certificats, brochures et infographies - E-MAX\",\"isPartOf\":{\"@id\":\"https:\/\/backup.e-max.eu\/#website\"},\"datePublished\":\"2023-06-02T11:51:06+00:00\",\"dateModified\":\"2025-01-28T12:39:13+00:00\",\"description\":\"Trouvez ici tous les t\u00e9l\u00e9chargements d'E-MAX : brochures, infographies et certifications. D\u00e9couvrez nos solutions aluminium durables et innovantes.\",\"breadcrumb\":{\"@id\":\"https:\/\/backup.e-max.eu\/fr\/telecharger\/#breadcrumb\"},\"inLanguage\":\"fr-FR\",\"potentialAction\":[{\"@type\":\"ReadAction\",\"target\":[\"https:\/\/backup.e-max.eu\/fr\/telecharger\/\"]}]},{\"@type\":\"BreadcrumbList\",\"@id\":\"https:\/\/backup.e-max.eu\/fr\/telecharger\/#breadcrumb\",\"itemListElement\":[{\"@type\":\"ListItem\",\"position\":1,\"name\":\"Home\",\"item\":\"https:\/\/backup.e-max.eu\/fr\/\"},{\"@type\":\"ListItem\",\"position\":2,\"name\":\"T\u00e9l\u00e9chargements d&#8217;E-Max\"}]},{\"@type\":\"WebSite\",\"@id\":\"https:\/\/backup.e-max.eu\/#website\",\"url\":\"https:\/\/backup.e-max.eu\/\",\"name\":\"E-MAX\",\"description\":\"Gerecycleerd aluminium met laagste carbon footprint\",\"publisher\":{\"@id\":\"https:\/\/backup.e-max.eu\/#organization\"},\"potentialAction\":[{\"@type\":\"SearchAction\",\"target\":{\"@type\":\"EntryPoint\",\"urlTemplate\":\"https:\/\/backup.e-max.eu\/?s={search_term_string}\"},\"query-input\":{\"@type\":\"PropertyValueSpecification\",\"valueRequired\":true,\"valueName\":\"search_term_string\"}}],\"inLanguage\":\"fr-FR\"},{\"@type\":\"Organization\",\"@id\":\"https:\/\/backup.e-max.eu\/#organization\",\"name\":\"E-MAX Aluminium N.V.\",\"url\":\"https:\/\/backup.e-max.eu\/\",\"logo\":{\"@type\":\"ImageObject\",\"inLanguage\":\"fr-FR\",\"@id\":\"https:\/\/backup.e-max.eu\/#\/schema\/logo\/image\/\",\"url\":\"https:\/\/i0.wp.com\/e-max.eu\/wp-content\/uploads\/2023\/04\/mb-EMAX-logo-Colour-Screen-RGB.png?fit=137%2C46&ssl=1\",\"contentUrl\":\"https:\/\/i0.wp.com\/e-max.eu\/wp-content\/uploads\/2023\/04\/mb-EMAX-logo-Colour-Screen-RGB.png?fit=137%2C46&ssl=1\",\"width\":137,\"height\":46,\"caption\":\"E-MAX Aluminium N.V.\"},\"image\":{\"@id\":\"https:\/\/backup.e-max.eu\/#\/schema\/logo\/image\/\"}}]}<\/script>\n<!-- \/ Yoast SEO plugin. -->","yoast_head_json":{"title":"T\u00e9l\u00e9chargez nos certificats, brochures et infographies - E-MAX","description":"Trouvez ici tous les t\u00e9l\u00e9chargements d'E-MAX : brochures, infographies et certifications. D\u00e9couvrez nos solutions aluminium durables et innovantes.","robots":{"index":"noindex","follow":"follow","max-snippet":"max-snippet:-1","max-image-preview":"max-image-preview:large","max-video-preview":"max-video-preview:-1"},"og_locale":"fr_FR","og_type":"article","og_title":"T\u00e9l\u00e9chargez nos certificats, brochures et infographies - E-MAX","og_description":"Trouvez ici tous les t\u00e9l\u00e9chargements d'E-MAX : brochures, infographies et certifications. D\u00e9couvrez nos solutions aluminium durables et innovantes.","og_url":"https:\/\/backup.e-max.eu\/fr\/telecharger\/","og_site_name":"E-MAX","article_modified_time":"2025-01-28T12:39:13+00:00","twitter_card":"summary_large_image","schema":{"@context":"https:\/\/schema.org","@graph":[{"@type":"WebPage","@id":"https:\/\/backup.e-max.eu\/fr\/telecharger\/","url":"https:\/\/backup.e-max.eu\/fr\/telecharger\/","name":"T\u00e9l\u00e9chargez nos certificats, brochures et infographies - E-MAX","isPartOf":{"@id":"https:\/\/backup.e-max.eu\/#website"},"datePublished":"2023-06-02T11:51:06+00:00","dateModified":"2025-01-28T12:39:13+00:00","description":"Trouvez ici tous les t\u00e9l\u00e9chargements d'E-MAX : brochures, infographies et certifications. D\u00e9couvrez nos solutions aluminium durables et innovantes.","breadcrumb":{"@id":"https:\/\/backup.e-max.eu\/fr\/telecharger\/#breadcrumb"},"inLanguage":"fr-FR","potentialAction":[{"@type":"ReadAction","target":["https:\/\/backup.e-max.eu\/fr\/telecharger\/"]}]},{"@type":"BreadcrumbList","@id":"https:\/\/backup.e-max.eu\/fr\/telecharger\/#breadcrumb","itemListElement":[{"@type":"ListItem","position":1,"name":"Home","item":"https:\/\/backup.e-max.eu\/fr\/"},{"@type":"ListItem","position":2,"name":"T\u00e9l\u00e9chargements d&#8217;E-Max"}]},{"@type":"WebSite","@id":"https:\/\/backup.e-max.eu\/#website","url":"https:\/\/backup.e-max.eu\/","name":"E-MAX","description":"Gerecycleerd aluminium met laagste carbon footprint","publisher":{"@id":"https:\/\/backup.e-max.eu\/#organization"},"potentialAction":[{"@type":"SearchAction","target":{"@type":"EntryPoint","urlTemplate":"https:\/\/backup.e-max.eu\/?s={search_term_string}"},"query-input":{"@type":"PropertyValueSpecification","valueRequired":true,"valueName":"search_term_string"}}],"inLanguage":"fr-FR"},{"@type":"Organization","@id":"https:\/\/backup.e-max.eu\/#organization","name":"E-MAX Aluminium N.V.","url":"https:\/\/backup.e-max.eu\/","logo":{"@type":"ImageObject","inLanguage":"fr-FR","@id":"https:\/\/backup.e-max.eu\/#\/schema\/logo\/image\/","url":"https:\/\/i0.wp.com\/e-max.eu\/wp-content\/uploads\/2023\/04\/mb-EMAX-logo-Colour-Screen-RGB.png?fit=137%2C46&ssl=1","contentUrl":"https:\/\/i0.wp.com\/e-max.eu\/wp-content\/uploads\/2023\/04\/mb-EMAX-logo-Colour-Screen-RGB.png?fit=137%2C46&ssl=1","width":137,"height":46,"caption":"E-MAX Aluminium N.V."},"image":{"@id":"https:\/\/backup.e-max.eu\/#\/schema\/logo\/image\/"}}]}},"_links":{"self":[{"href":"https:\/\/backup.e-max.eu\/fr\/wp-json\/wp\/v2\/pages\/9666","targetHints":{"allow":["GET"]}}],"collection":[{"href":"https:\/\/backup.e-max.eu\/fr\/wp-json\/wp\/v2\/pages"}],"about":[{"href":"https:\/\/backup.e-max.eu\/fr\/wp-json\/wp\/v2\/types\/page"}],"author":[{"embeddable":true,"href":"https:\/\/backup.e-max.eu\/fr\/wp-json\/wp\/v2\/users\/1"}],"replies":[{"embeddable":true,"href":"https:\/\/backup.e-max.eu\/fr\/wp-json\/wp\/v2\/comments?post=9666"}],"version-history":[{"count":7,"href":"https:\/\/backup.e-max.eu\/fr\/wp-json\/wp\/v2\/pages\/9666\/revisions"}],"predecessor-version":[{"id":15254,"href":"https:\/\/backup.e-max.eu\/fr\/wp-json\/wp\/v2\/pages\/9666\/revisions\/15254"}],"wp:attachment":[{"href":"https:\/\/backup.e-max.eu\/fr\/wp-json\/wp\/v2\/media?parent=9666"}],"curies":[{"name":"wp","href":"https:\/\/api.w.org\/{rel}","templated":true}]}}