{"id":9662,"date":"2023-05-24T08:37:54","date_gmt":"2023-05-24T06:37:54","guid":{"rendered":"https:\/\/migrate.e-max.eu\/facts-figures\/"},"modified":"2025-12-17T14:59:00","modified_gmt":"2025-12-17T13:59:00","slug":"faits-et-chiffres","status":"publish","type":"page","link":"https:\/\/backup.e-max.eu\/fr\/faits-et-chiffres\/","title":{"rendered":"Faits et chiffres"},"content":{"rendered":"\n<section id=\"photo-info-overlay-block_ebc30463df98167af81bb2ccd365c1e6\" class=\" col-12 photo-info-overlay  d-flex align-items-stretch top-defaultpadding bottom-defaultpadding\">\n  <div id=\"photo-info-overlay-block_ebc30463df98167af81bb2ccd365c1e6-hook\" class=\"hook\"><\/div>  <style>\n          @media (min-width: 992px) {\n        #photo-info-overlay-block_ebc30463df98167af81bb2ccd365c1e6 {\n          height: auto;\n          min-height: 320px;\n        }\n      }\n              @media (max-width: 991px) {\n        #photo-info-overlay-block_ebc30463df98167af81bb2ccd365c1e6 {\n            height: auto;\n            min-height: 120px;\n        }\n      }\n              @media (min-width: 1199.99px) {\n        #photo-info-overlay-block_ebc30463df98167af81bb2ccd365c1e6 .wrapper h1,\n        #photo-info-overlay-block_ebc30463df98167af81bb2ccd365c1e6 .wrapper h2 {\n          font-size: 3.125rem;\n        }\n      }\n              @media (min-width: 575.99px) and (max-width: 1199.98px) {\n        #photo-info-overlay-block_ebc30463df98167af81bb2ccd365c1e6 .wrapper h1,\n        #photo-info-overlay-block_ebc30463df98167af81bb2ccd365c1e6 .wrapper h2 {\n          font-size: 2.1875rem;\n        }\n      }\n              @media (max-width: 575.98px) {\n        #photo-info-overlay-block_ebc30463df98167af81bb2ccd365c1e6 .wrapper h1,\n        #photo-info-overlay-block_ebc30463df98167af81bb2ccd365c1e6 .wrapper h2 {\n          font-size: 1.5625rem;\n        }\n      }\n              @media (min-width: 1199.99px) {\n        #photo-info-overlay-block_ebc30463df98167af81bb2ccd365c1e6 .wrapper p,\n        #photo-info-overlay-block_ebc30463df98167af81bb2ccd365c1e6 .wrapper p {\n          font-size: 1rem;\n        }\n      }\n              @media (min-width: 575.99px) and (max-width: 1199.98px) {\n        #photo-info-overlay-block_ebc30463df98167af81bb2ccd365c1e6 .wrapper p,\n        #photo-info-overlay-block_ebc30463df98167af81bb2ccd365c1e6 .wrapper p {\n          font-size: 1rem;\n        }\n      }\n              @media (max-width: 575.98px) {\n        #photo-info-overlay-block_ebc30463df98167af81bb2ccd365c1e6 .wrapper p,\n        #photo-info-overlay-block_ebc30463df98167af81bb2ccd365c1e6 .wrapper p {\n          font-size: 0.875rem;\n        }\n      }\n      <\/style>\n\n      <div class=\"background\" style=\"background-image: url(https:\/\/i0.wp.com\/backup.e-max.eu\/wp-content\/uploads\/2023\/04\/header-scaled.jpg?fit=2048%2C415&#038;ssl=1)\"><\/div>\n      <div class=\"container d-flex flex-column justify-content-start\">\n    <div class=\"row d-flex flex-column align-items-start\">\n      <div class=\"col-12 col-lg-1\">\n        <div class=\"content \" >\n          <div class=\"color white\" style=\"opacity: calc(0\/100);\"><\/div>\n                    <div class=\"wrapper\">\n\n            \n            <div class=\"text\" style=\"color: var(--black)\">\n              \n            <\/div>\n\n                      <\/div>\n        <\/div>\n      <\/div>\n    <\/div>\n  <\/div>\n<\/section>\n\n\n\n<section class=\"container-block white\" id=\"container-block-block_8ddff31cd3d2917ba9f3b7372dbb93a6\">\n  <div id=\"container-block-block_8ddff31cd3d2917ba9f3b7372dbb93a6-hook\" class=\"hook\"><\/div>  \n  <div class=\"container\">\n    <div class=\"row\">\n      <div class=\"col-12\">\n        \n\n<div style=\"height:80px\" aria-hidden=\"true\" class=\"wp-block-spacer\"><\/div>\n\n\n\n<div class=\"wp-block-columns is-layout-flex wp-container-core-columns-is-layout-9d6595d7 wp-block-columns-is-layout-flex\">\n<div class=\"wp-block-column is-layout-flow wp-block-column-is-layout-flow\">\n<h1 class=\"wp-block-heading\">D\u00c9COUVREZ LES FAITS ET CHIFFRES D&rsquo;E-MAX<\/h1>\n\n\n\n<p>Chez E-MAX, nous croyons \u00e0 la transparence et \u00e0 la fiabilit\u00e9. De la capacit\u00e9 de production aux statistiques de durabilit\u00e9 en passant par l&rsquo;efficacit\u00e9 op\u00e9rationnelle, vous d\u00e9couvrirez ici ce qui nous distingue au sein de l&rsquo;industrie de l&rsquo;aluminium.<\/p>\n\n\n\n<p>Avec plus de 90.000 tonnes de production annuelle et des machines de pointe, nous sommes \u00e9quip\u00e9s pour r\u00e9pondre aux normes les plus \u00e9lev\u00e9es. Nos processus sont ax\u00e9s non seulement sur la pr\u00e9cision et la qualit\u00e9, mais aussi sur la durabilit\u00e9.<\/p>\n\n\n\n<p>Chez E-MAX, nous nous engageons activement en faveur d&rsquo;une \u00e9conomie circulaire. Nos chiffres refl\u00e8tent non seulement notre capacit\u00e9 de production, mais aussi nos initiatives durables, telles que l&rsquo;utilisation d&rsquo;aluminium recycl\u00e9 et la r\u00e9duction de notre empreinte carbone.<\/p>\n\n\n\n<p>Curieux de conna\u00eetre les faits marquants de notre expertise ? D\u00e9couvrez comment nos faits et chiffres contribuent \u00e0 des solutions innovantes pour les secteurs de la construction, du transport et de l&rsquo;industrie. Chez E-MAX, nous sommes synonymes de qualit\u00e9, d&rsquo;innovation et d&rsquo;avenir durable.<\/p>\n\n\n\n<p>Plus d&rsquo;informations sur E-MAX ? Demandez notre <a href=\"https:\/\/backup.e-max.eu\/fr\/telecharger\/brochure\/\">brochure<\/a>.<\/p>\n<\/div>\n\n\n\n<div class=\"wp-block-column is-layout-flow wp-block-column-is-layout-flow\">\n<figure class=\"wp-block-table is-style-regular\"><table class=\"has-black-color has-text-color\"><tbody><tr><td><img data-recalc-dims=\"1\" loading=\"lazy\" decoding=\"async\" width=\"52\" height=\"52\" class=\"wp-image-8191\" style=\"width: 52px;\" src=\"https:\/\/i0.wp.com\/backup.e-max.eu\/wp-content\/uploads\/2023\/05\/people_pr.png?resize=52%2C52&#038;ssl=1\" alt=\"\" srcset=\"https:\/\/i0.wp.com\/backup.e-max.eu\/wp-content\/uploads\/2023\/05\/people_pr.png?w=52&amp;ssl=1 52w, https:\/\/i0.wp.com\/backup.e-max.eu\/wp-content\/uploads\/2023\/05\/people_pr.png?resize=16%2C16&amp;ssl=1 16w\" sizes=\"auto, (max-width: 52px) 100vw, 52px\" \/><\/td><td>700 employ\u00e9s<\/td><\/tr><tr><td><img data-recalc-dims=\"1\" loading=\"lazy\" decoding=\"async\" width=\"52\" height=\"52\" class=\"wp-image-8179\" style=\"width: 52px;\" src=\"https:\/\/i0.wp.com\/backup.e-max.eu\/wp-content\/uploads\/2023\/05\/network-pr.png?resize=52%2C52&#038;ssl=1\" alt=\"\" srcset=\"https:\/\/i0.wp.com\/backup.e-max.eu\/wp-content\/uploads\/2023\/05\/network-pr.png?w=52&amp;ssl=1 52w, https:\/\/i0.wp.com\/backup.e-max.eu\/wp-content\/uploads\/2023\/05\/network-pr.png?resize=16%2C16&amp;ssl=1 16w\" sizes=\"auto, (max-width: 52px) 100vw, 52px\" \/><\/td><td>1800 clients<\/td><\/tr><tr><td><img data-recalc-dims=\"1\" loading=\"lazy\" decoding=\"async\" width=\"52\" height=\"52\" class=\"wp-image-8187\" style=\"width: 52px;\" src=\"https:\/\/i0.wp.com\/backup.e-max.eu\/wp-content\/uploads\/2023\/05\/chart-pr.png?resize=52%2C52&#038;ssl=1\" alt=\"\" srcset=\"https:\/\/i0.wp.com\/backup.e-max.eu\/wp-content\/uploads\/2023\/05\/chart-pr.png?w=52&amp;ssl=1 52w, https:\/\/i0.wp.com\/backup.e-max.eu\/wp-content\/uploads\/2023\/05\/chart-pr.png?resize=16%2C16&amp;ssl=1 16w\" sizes=\"auto, (max-width: 52px) 100vw, 52px\" \/><\/td><td>\u20ac 380 millions<\/td><\/tr><tr><td><img data-recalc-dims=\"1\" loading=\"lazy\" decoding=\"async\" width=\"52\" height=\"52\" class=\"wp-image-8175\" style=\"width: 52px;\" src=\"https:\/\/i0.wp.com\/backup.e-max.eu\/wp-content\/uploads\/2023\/05\/global-pr.png?resize=52%2C52&#038;ssl=1\" alt=\"\" srcset=\"https:\/\/i0.wp.com\/backup.e-max.eu\/wp-content\/uploads\/2023\/05\/global-pr.png?w=52&amp;ssl=1 52w, https:\/\/i0.wp.com\/backup.e-max.eu\/wp-content\/uploads\/2023\/05\/global-pr.png?resize=16%2C16&amp;ssl=1 16w\" sizes=\"auto, (max-width: 52px) 100vw, 52px\" \/><\/td><td>March\u00e9s de vente : Benelux, Allemagne, Royaume-Uni, France, Autriche, Suisse, Pologne et R\u00e9publique tch\u00e8que.<\/td><\/tr><tr><td><img data-recalc-dims=\"1\" loading=\"lazy\" decoding=\"async\" width=\"52\" height=\"52\" class=\"wp-image-8183\" style=\"width: 52px;\" src=\"https:\/\/i0.wp.com\/backup.e-max.eu\/wp-content\/uploads\/2023\/05\/weight-pr.png?resize=52%2C52&#038;ssl=1\" alt=\"\" srcset=\"https:\/\/i0.wp.com\/backup.e-max.eu\/wp-content\/uploads\/2023\/05\/weight-pr.png?w=52&amp;ssl=1 52w, https:\/\/i0.wp.com\/backup.e-max.eu\/wp-content\/uploads\/2023\/05\/weight-pr.png?resize=16%2C16&amp;ssl=1 16w\" sizes=\"auto, (max-width: 52px) 100vw, 52px\" \/><\/td><td>95.000 tonnes par an<\/td><\/tr><tr><td><img data-recalc-dims=\"1\" loading=\"lazy\" decoding=\"async\" width=\"52\" height=\"52\" class=\"wp-image-8171\" style=\"width: 52px;\" src=\"https:\/\/i0.wp.com\/backup.e-max.eu\/wp-content\/uploads\/2023\/05\/footprinpr.png?resize=52%2C52&#038;ssl=1\" alt=\"\" srcset=\"https:\/\/i0.wp.com\/backup.e-max.eu\/wp-content\/uploads\/2023\/05\/footprinpr.png?w=52&amp;ssl=1 52w, https:\/\/i0.wp.com\/backup.e-max.eu\/wp-content\/uploads\/2023\/05\/footprinpr.png?resize=16%2C16&amp;ssl=1 16w\" sizes=\"auto, (max-width: 52px) 100vw, 52px\" \/><\/td><td>2030: Impact CO2 2,2 tonnes de CO2 \/ tonne de profile d&rsquo;aluminium produite.<br><br>2050: Empreinte carbone z\u00e9ro<\/td><\/tr><\/tbody><\/table><\/figure>\n<\/div>\n<\/div>\n\n\n\n<div style=\"height:100px\" aria-hidden=\"true\" class=\"wp-block-spacer\"><\/div>\n\n\n      <\/div>\n    <\/div>\n  <\/div>\n<\/section>\n","protected":false},"excerpt":{"rendered":"","protected":false},"author":1,"featured_media":0,"parent":0,"menu_order":0,"comment_status":"closed","ping_status":"closed","template":"","meta":{"_acf_changed":false,"footnotes":""},"class_list":["post-9662","page","type-page","status-publish","hentry"],"acf":[],"yoast_head":"<!-- This site is optimized with the Yoast SEO plugin v24.2 - https:\/\/yoast.com\/wordpress\/plugins\/seo\/ -->\n<title>Faits et chiffres sur l\u2019aluminium - E-MAX<\/title>\n<meta name=\"description\" content=\"D\u00e9couvrez les faits et chiffres concernant l&#039;entreprise et notre production. T\u00e9l\u00e9chargez notre brochure sur l&#039;aluminium durable et d\u00e9couvrez E-MAX.\" \/>\n<meta name=\"robots\" content=\"noindex, follow, max-snippet:-1, max-image-preview:large, max-video-preview:-1\" \/>\n<meta property=\"og:locale\" content=\"fr_FR\" \/>\n<meta property=\"og:type\" content=\"article\" \/>\n<meta property=\"og:title\" content=\"Faits et chiffres sur l\u2019aluminium - E-MAX\" \/>\n<meta property=\"og:description\" content=\"D\u00e9couvrez les faits et chiffres concernant l&#039;entreprise et notre production. T\u00e9l\u00e9chargez notre brochure sur l&#039;aluminium durable et d\u00e9couvrez E-MAX.\" \/>\n<meta property=\"og:url\" content=\"https:\/\/backup.e-max.eu\/fr\/faits-et-chiffres\/\" \/>\n<meta property=\"og:site_name\" content=\"E-MAX\" \/>\n<meta property=\"article:modified_time\" content=\"2025-12-17T13:59:00+00:00\" \/>\n<meta property=\"og:image\" content=\"https:\/\/backup.e-max.eu\/wp-content\/uploads\/2023\/05\/people_pr.png\" \/>\n<meta name=\"twitter:card\" content=\"summary_large_image\" \/>\n<meta name=\"twitter:label1\" content=\"Dur\u00e9e de lecture estim\u00e9e\" \/>\n\t<meta name=\"twitter:data1\" content=\"1 minute\" \/>\n<script type=\"application\/ld+json\" class=\"yoast-schema-graph\">{\"@context\":\"https:\/\/schema.org\",\"@graph\":[{\"@type\":\"WebPage\",\"@id\":\"https:\/\/backup.e-max.eu\/fr\/faits-et-chiffres\/\",\"url\":\"https:\/\/backup.e-max.eu\/fr\/faits-et-chiffres\/\",\"name\":\"Faits et chiffres sur l\u2019aluminium - E-MAX\",\"isPartOf\":{\"@id\":\"https:\/\/backup.e-max.eu\/#website\"},\"primaryImageOfPage\":{\"@id\":\"https:\/\/backup.e-max.eu\/fr\/faits-et-chiffres\/#primaryimage\"},\"image\":{\"@id\":\"https:\/\/backup.e-max.eu\/fr\/faits-et-chiffres\/#primaryimage\"},\"thumbnailUrl\":\"https:\/\/backup.e-max.eu\/wp-content\/uploads\/2023\/05\/people_pr.png\",\"datePublished\":\"2023-05-24T06:37:54+00:00\",\"dateModified\":\"2025-12-17T13:59:00+00:00\",\"description\":\"D\u00e9couvrez les faits et chiffres concernant l'entreprise et notre production. T\u00e9l\u00e9chargez notre brochure sur l'aluminium durable et d\u00e9couvrez E-MAX.\",\"breadcrumb\":{\"@id\":\"https:\/\/backup.e-max.eu\/fr\/faits-et-chiffres\/#breadcrumb\"},\"inLanguage\":\"fr-FR\",\"potentialAction\":[{\"@type\":\"ReadAction\",\"target\":[\"https:\/\/backup.e-max.eu\/fr\/faits-et-chiffres\/\"]}]},{\"@type\":\"ImageObject\",\"inLanguage\":\"fr-FR\",\"@id\":\"https:\/\/backup.e-max.eu\/fr\/faits-et-chiffres\/#primaryimage\",\"url\":\"https:\/\/backup.e-max.eu\/wp-content\/uploads\/2023\/05\/people_pr.png\",\"contentUrl\":\"https:\/\/backup.e-max.eu\/wp-content\/uploads\/2023\/05\/people_pr.png\"},{\"@type\":\"BreadcrumbList\",\"@id\":\"https:\/\/backup.e-max.eu\/fr\/faits-et-chiffres\/#breadcrumb\",\"itemListElement\":[{\"@type\":\"ListItem\",\"position\":1,\"name\":\"Home\",\"item\":\"https:\/\/backup.e-max.eu\/fr\/\"},{\"@type\":\"ListItem\",\"position\":2,\"name\":\"Faits et chiffres\"}]},{\"@type\":\"WebSite\",\"@id\":\"https:\/\/backup.e-max.eu\/#website\",\"url\":\"https:\/\/backup.e-max.eu\/\",\"name\":\"E-MAX\",\"description\":\"Gerecycleerd aluminium met laagste carbon footprint\",\"publisher\":{\"@id\":\"https:\/\/backup.e-max.eu\/#organization\"},\"potentialAction\":[{\"@type\":\"SearchAction\",\"target\":{\"@type\":\"EntryPoint\",\"urlTemplate\":\"https:\/\/backup.e-max.eu\/?s={search_term_string}\"},\"query-input\":{\"@type\":\"PropertyValueSpecification\",\"valueRequired\":true,\"valueName\":\"search_term_string\"}}],\"inLanguage\":\"fr-FR\"},{\"@type\":\"Organization\",\"@id\":\"https:\/\/backup.e-max.eu\/#organization\",\"name\":\"E-MAX Aluminium N.V.\",\"url\":\"https:\/\/backup.e-max.eu\/\",\"logo\":{\"@type\":\"ImageObject\",\"inLanguage\":\"fr-FR\",\"@id\":\"https:\/\/backup.e-max.eu\/#\/schema\/logo\/image\/\",\"url\":\"https:\/\/i0.wp.com\/e-max.eu\/wp-content\/uploads\/2023\/04\/mb-EMAX-logo-Colour-Screen-RGB.png?fit=137%2C46&ssl=1\",\"contentUrl\":\"https:\/\/i0.wp.com\/e-max.eu\/wp-content\/uploads\/2023\/04\/mb-EMAX-logo-Colour-Screen-RGB.png?fit=137%2C46&ssl=1\",\"width\":137,\"height\":46,\"caption\":\"E-MAX Aluminium N.V.\"},\"image\":{\"@id\":\"https:\/\/backup.e-max.eu\/#\/schema\/logo\/image\/\"}}]}<\/script>\n<!-- \/ Yoast SEO plugin. -->","yoast_head_json":{"title":"Faits et chiffres sur l\u2019aluminium - E-MAX","description":"D\u00e9couvrez les faits et chiffres concernant l'entreprise et notre production. T\u00e9l\u00e9chargez notre brochure sur l'aluminium durable et d\u00e9couvrez E-MAX.","robots":{"index":"noindex","follow":"follow","max-snippet":"max-snippet:-1","max-image-preview":"max-image-preview:large","max-video-preview":"max-video-preview:-1"},"og_locale":"fr_FR","og_type":"article","og_title":"Faits et chiffres sur l\u2019aluminium - E-MAX","og_description":"D\u00e9couvrez les faits et chiffres concernant l'entreprise et notre production. T\u00e9l\u00e9chargez notre brochure sur l'aluminium durable et d\u00e9couvrez E-MAX.","og_url":"https:\/\/backup.e-max.eu\/fr\/faits-et-chiffres\/","og_site_name":"E-MAX","article_modified_time":"2025-12-17T13:59:00+00:00","og_image":[{"url":"https:\/\/backup.e-max.eu\/wp-content\/uploads\/2023\/05\/people_pr.png","type":"","width":"","height":""}],"twitter_card":"summary_large_image","twitter_misc":{"Dur\u00e9e de lecture estim\u00e9e":"1 minute"},"schema":{"@context":"https:\/\/schema.org","@graph":[{"@type":"WebPage","@id":"https:\/\/backup.e-max.eu\/fr\/faits-et-chiffres\/","url":"https:\/\/backup.e-max.eu\/fr\/faits-et-chiffres\/","name":"Faits et chiffres sur l\u2019aluminium - E-MAX","isPartOf":{"@id":"https:\/\/backup.e-max.eu\/#website"},"primaryImageOfPage":{"@id":"https:\/\/backup.e-max.eu\/fr\/faits-et-chiffres\/#primaryimage"},"image":{"@id":"https:\/\/backup.e-max.eu\/fr\/faits-et-chiffres\/#primaryimage"},"thumbnailUrl":"https:\/\/backup.e-max.eu\/wp-content\/uploads\/2023\/05\/people_pr.png","datePublished":"2023-05-24T06:37:54+00:00","dateModified":"2025-12-17T13:59:00+00:00","description":"D\u00e9couvrez les faits et chiffres concernant l'entreprise et notre production. T\u00e9l\u00e9chargez notre brochure sur l'aluminium durable et d\u00e9couvrez E-MAX.","breadcrumb":{"@id":"https:\/\/backup.e-max.eu\/fr\/faits-et-chiffres\/#breadcrumb"},"inLanguage":"fr-FR","potentialAction":[{"@type":"ReadAction","target":["https:\/\/backup.e-max.eu\/fr\/faits-et-chiffres\/"]}]},{"@type":"ImageObject","inLanguage":"fr-FR","@id":"https:\/\/backup.e-max.eu\/fr\/faits-et-chiffres\/#primaryimage","url":"https:\/\/backup.e-max.eu\/wp-content\/uploads\/2023\/05\/people_pr.png","contentUrl":"https:\/\/backup.e-max.eu\/wp-content\/uploads\/2023\/05\/people_pr.png"},{"@type":"BreadcrumbList","@id":"https:\/\/backup.e-max.eu\/fr\/faits-et-chiffres\/#breadcrumb","itemListElement":[{"@type":"ListItem","position":1,"name":"Home","item":"https:\/\/backup.e-max.eu\/fr\/"},{"@type":"ListItem","position":2,"name":"Faits et chiffres"}]},{"@type":"WebSite","@id":"https:\/\/backup.e-max.eu\/#website","url":"https:\/\/backup.e-max.eu\/","name":"E-MAX","description":"Gerecycleerd aluminium met laagste carbon footprint","publisher":{"@id":"https:\/\/backup.e-max.eu\/#organization"},"potentialAction":[{"@type":"SearchAction","target":{"@type":"EntryPoint","urlTemplate":"https:\/\/backup.e-max.eu\/?s={search_term_string}"},"query-input":{"@type":"PropertyValueSpecification","valueRequired":true,"valueName":"search_term_string"}}],"inLanguage":"fr-FR"},{"@type":"Organization","@id":"https:\/\/backup.e-max.eu\/#organization","name":"E-MAX Aluminium N.V.","url":"https:\/\/backup.e-max.eu\/","logo":{"@type":"ImageObject","inLanguage":"fr-FR","@id":"https:\/\/backup.e-max.eu\/#\/schema\/logo\/image\/","url":"https:\/\/i0.wp.com\/e-max.eu\/wp-content\/uploads\/2023\/04\/mb-EMAX-logo-Colour-Screen-RGB.png?fit=137%2C46&ssl=1","contentUrl":"https:\/\/i0.wp.com\/e-max.eu\/wp-content\/uploads\/2023\/04\/mb-EMAX-logo-Colour-Screen-RGB.png?fit=137%2C46&ssl=1","width":137,"height":46,"caption":"E-MAX Aluminium N.V."},"image":{"@id":"https:\/\/backup.e-max.eu\/#\/schema\/logo\/image\/"}}]}},"_links":{"self":[{"href":"https:\/\/backup.e-max.eu\/fr\/wp-json\/wp\/v2\/pages\/9662","targetHints":{"allow":["GET"]}}],"collection":[{"href":"https:\/\/backup.e-max.eu\/fr\/wp-json\/wp\/v2\/pages"}],"about":[{"href":"https:\/\/backup.e-max.eu\/fr\/wp-json\/wp\/v2\/types\/page"}],"author":[{"embeddable":true,"href":"https:\/\/backup.e-max.eu\/fr\/wp-json\/wp\/v2\/users\/1"}],"replies":[{"embeddable":true,"href":"https:\/\/backup.e-max.eu\/fr\/wp-json\/wp\/v2\/comments?post=9662"}],"version-history":[{"count":5,"href":"https:\/\/backup.e-max.eu\/fr\/wp-json\/wp\/v2\/pages\/9662\/revisions"}],"predecessor-version":[{"id":16751,"href":"https:\/\/backup.e-max.eu\/fr\/wp-json\/wp\/v2\/pages\/9662\/revisions\/16751"}],"wp:attachment":[{"href":"https:\/\/backup.e-max.eu\/fr\/wp-json\/wp\/v2\/media?parent=9662"}],"curies":[{"name":"wp","href":"https:\/\/api.w.org\/{rel}","templated":true}]}}