{"id":9653,"date":"2023-05-24T10:23:29","date_gmt":"2023-05-24T08:23:29","guid":{"rendered":"https:\/\/migrate.e-max.eu\/historie\/"},"modified":"2025-01-09T17:14:22","modified_gmt":"2025-01-09T16:14:22","slug":"historique","status":"publish","type":"page","link":"https:\/\/backup.e-max.eu\/fr\/historique\/","title":{"rendered":"Historique"},"content":{"rendered":"\n<section id=\"photo-info-overlay-block_64426062e6de3\" class=\" col-12 photo-info-overlay  d-flex align-items-stretch top-defaultpadding bottom-defaultpadding\">\n  <div id=\"photo-info-overlay-block_64426062e6de3-hook\" class=\"hook\"><\/div>  <style>\n          @media (min-width: 992px) {\n        #photo-info-overlay-block_64426062e6de3 {\n          height: auto;\n          min-height: 320px;\n        }\n      }\n              @media (max-width: 991px) {\n        #photo-info-overlay-block_64426062e6de3 {\n            height: auto;\n            min-height: 120px;\n        }\n      }\n              @media (min-width: 1199.99px) {\n        #photo-info-overlay-block_64426062e6de3 .wrapper h1,\n        #photo-info-overlay-block_64426062e6de3 .wrapper h2 {\n          font-size: 3.125rem;\n        }\n      }\n              @media (min-width: 575.99px) and (max-width: 1199.98px) {\n        #photo-info-overlay-block_64426062e6de3 .wrapper h1,\n        #photo-info-overlay-block_64426062e6de3 .wrapper h2 {\n          font-size: 2.1875rem;\n        }\n      }\n              @media (max-width: 575.98px) {\n        #photo-info-overlay-block_64426062e6de3 .wrapper h1,\n        #photo-info-overlay-block_64426062e6de3 .wrapper h2 {\n          font-size: 1.5625rem;\n        }\n      }\n              @media (min-width: 1199.99px) {\n        #photo-info-overlay-block_64426062e6de3 .wrapper p,\n        #photo-info-overlay-block_64426062e6de3 .wrapper p {\n          font-size: 1rem;\n        }\n      }\n              @media (min-width: 575.99px) and (max-width: 1199.98px) {\n        #photo-info-overlay-block_64426062e6de3 .wrapper p,\n        #photo-info-overlay-block_64426062e6de3 .wrapper p {\n          font-size: 1rem;\n        }\n      }\n              @media (max-width: 575.98px) {\n        #photo-info-overlay-block_64426062e6de3 .wrapper p,\n        #photo-info-overlay-block_64426062e6de3 .wrapper p {\n          font-size: 0.875rem;\n        }\n      }\n      <\/style>\n\n      <div class=\"background\" style=\"background-image: url(https:\/\/i0.wp.com\/backup.e-max.eu\/wp-content\/uploads\/2023\/04\/header-scaled.jpg?fit=2048%2C415&#038;ssl=1)\"><\/div>\n      <div class=\"container d-flex flex-column justify-content-start\">\n    <div class=\"row d-flex flex-column align-items-start\">\n      <div class=\"col-12 col-lg-1\">\n        <div class=\"content \" >\n          <div class=\"color white\" style=\"opacity: calc(0\/100);\"><\/div>\n                    <div class=\"wrapper\">\n\n            \n            <div class=\"text\" style=\"color: var(--black)\">\n              \n            <\/div>\n\n                      <\/div>\n        <\/div>\n      <\/div>\n    <\/div>\n  <\/div>\n<\/section>\n\n\n\n   \n  <style>\n    @media (min-width: 991.99px) {\n      .image-content-block_646dc96817a1f .img-content-description {\n        width: 75%;\n\n                  padding-right: 8.33333333%;\n              }\n\n      .image-content-block_646dc96817a1f .background-wrapper-image-content {\n                  left: 0;\n              }\n\n      .image-content-block_646dc96817a1f .media-wrapper {\n                  right: 0;\n        \n                  top: 0;\n          bottom: 0;\n              }\n    }\n\n    .image-content-block_646dc96817a1f .media-wrapper {\n      width: 25%;\n    }\n\n    .image-content-block_646dc96817a1f .background-wrapper-image-content {\n      width: 75%;\n    }\n  <\/style>\n\n<section id=\"image-content-block_646dc96817a1f\" class=\"col-12 image-content-block_646dc96817a1f white image-content  \">\n<div id=\"image-content-block_646dc96817a1f-hook\" class=\"hook\"><\/div>  <div class=\"background-wrapper-image-content\">\n      <\/div>\n  <div class=\"container\">\n    <div class=\"row\">\n      <div class=\"image-content-seperator\">\n        <div class=\"col-12 description\">\n          <div class=\"img-content-description top-defaultpadding bottom-defaultpadding\">\n                        <div class=\"title\" style=\"color: var(--black);\">\n                              <h1>\n                  HISTORIQUE\n\n                <\/h1>\n                          <\/div>\n                        <div class=\"text\" style=\"color: var(--black);\">\n                              <p>L&rsquo;histoire d&rsquo;E-MAX se conjugue avec les verbes entreprendre mais aussi cr\u00e9er et concr\u00e9tiser des opportunit\u00e9s. Au fil des ann\u00e9es, nous sommes devenus un partenaire fiable dans le d\u00e9veloppement de solutions durables en aluminium \u00e0 faible empreinte carbone.<\/p>\n<p>Tout a commenc\u00e9 en\u00a0<strong>1996<\/strong>. Trois entrepreneurs r\u00e9alisent leur r\u00eave. Ils cr\u00e9ent leur propre entreprise, sp\u00e9cialis\u00e9e dans l&rsquo;extrusion d&rsquo;aluminium: E-MAX Sustainable Aluminium.<\/p>\n<p>La production commence en\u00a0<strong>1997<\/strong>\u00a0avec dix travailleurs, une seule presse d&rsquo;extrusion de 2\u00a0500\u00a0tonnes et deux clients. Face \u00e0 la demande croissante, une deuxi\u00e8me presse de 3\u00a0500\u00a0tonnes est mise en service en 2000.<\/p>\n<p>En\u00a0<strong>2001<\/strong>, l&rsquo;acquisition d&rsquo;E-MAX par l&rsquo;homme d&rsquo;affaires Jos Vaessen ouvre de nouvelles perspectives. Notre parc de machines est \u00e9toff\u00e9 et nos effectifs sont port\u00e9s \u00e0 40 travailleurs. E-MAX compte alors quelque 200 clients en Belgique et aux Pays-Bas.<\/p>\n<p>En\u00a0<strong>2002<\/strong>, l&rsquo;excellente collaboration avec les sous-traitants permet d&rsquo;\u00e9largir le champ des d\u00e9bouch\u00e9s \u00e0 l&rsquo;Allemagne, l&rsquo;Autriche et la France.<\/p>\n<p>En\u00a0<strong>2005<\/strong>, nous prenons possession d&rsquo;un tout nouveau hall logistique et le parc de machines s&rsquo;\u00e9largit lui aussi avec une unit\u00e9 d&#8217;emballage automatique E-MAX r\u00e9alise alors un chiffre d&rsquo;affaires d&rsquo;environ 80\u00a0millions d&rsquo;euros.<\/p>\n<p>En\u00a0<strong>2007<\/strong>, E-MAX PROFILES conna\u00eet une \u00e9volution majeure avec le rachat, au groupe Alcoa, d&rsquo;une fonderie d&rsquo;aluminium \u00e0 Kerkrade (NL). De quoi assurer ainsi l&rsquo;approvisionnement en mati\u00e8res premi\u00e8res. Dans la foul\u00e9e, suivent les premi\u00e8res d\u00e9marches pour parvenir \u00e0 une \u00ab\u00a0pollinisation crois\u00e9e\u00a0\u00bb\u00a0entre les deux soci\u00e9t\u00e9s.<\/p>\n<p>En\u00a0<strong>2008<\/strong>, E-MAX franchit encore un pas suppl\u00e9mentaire sur le march\u00e9 international avec la p\u00e9n\u00e9tration du march\u00e9 russe. Nous fournissons \u00e9galement \u00e0 la Russie des solutions en aluminium.<\/p>\n<p><strong>2009<\/strong>: la croissance de la soci\u00e9t\u00e9 exige toujours plus d&rsquo;investissements. E-MAX \u00e9toffe encore son parc de machines avec de nouvelles unit\u00e9s d&#8217;emballage, des scies, un syst\u00e8me automatique de stockage de matrices. La fonderie de Kerkrade b\u00e9n\u00e9ficie \u00e9galement des investissements n\u00e9cessaires.<\/p>\n<p><strong>2010<\/strong>: les synergies entre la division extrusion de Dilsen et la fonderie sont totales. E-MAX fait figure de groupe d&rsquo;aluminium \u00e0 part enti\u00e8re. Nous innovons dans le domaine de l&rsquo;aluminium durable avec le lancement des alliages X-ECO, fruit de 3 ann\u00e9es de recherche avec des instituts de premier plan.<\/p>\n<p>En\u00a0<strong>2011<\/strong>, nous int\u00e9grons la soci\u00e9t\u00e9 Alex, bas\u00e9e \u00e0 Gullegem (B) et sp\u00e9cialis\u00e9e dans l&rsquo;extrusion d&rsquo;aluminium, en vue de soutenir notre croissance. Alex est une jeune soci\u00e9t\u00e9 qui dispose d&rsquo;infrastructures tr\u00e8s modernes de m\u00eame que d&rsquo;une architecture r\u00e9ellement impressionnante. Implant\u00e9e \u00e0 proximit\u00e9 de la fronti\u00e8re fran\u00e7aise, elle offre un acc\u00e8s synonyme de nombreuses opportunit\u00e9s au march\u00e9 fran\u00e7ais et est en tous points compl\u00e9mentaire avec les activit\u00e9s d&rsquo;E-MAX.<\/p>\n<p><strong>2017<\/strong>\u00a0: Rachat et int\u00e9gration aux activit\u00e9s du groupe E-MAX de la soci\u00e9t\u00e9 d&rsquo;extrusion d&rsquo;aluminium de BOAL \u00e0 Wevelgem (B). La capacit\u00e9 du parc de machines et le personnel atteignent respectivement 60\u00a0000\u00a0tonnes par an et 400\u00a0employ\u00e9s. Ce rachat ancre encore plus fermement l&rsquo;entreprise sur le march\u00e9 fran\u00e7ais. Ces derni\u00e8res ann\u00e9es, des investissements importants ont \u00e9galement \u00e9t\u00e9 r\u00e9alis\u00e9s dans la fonderie et dans la production d&rsquo;\u00e9nergie durable. Nous sommes d\u00e9sormais le seul fournisseur du Benelux \u00e0 proposer des profil\u00e9s enti\u00e8rement en aluminium \u00e0 faible empreinte carbone.<\/p>\n<p>En <em>juillet<\/em> <strong>2023<\/strong>, Constellium SE a sign\u00e9 un accord contraignant avec E-MAX pour la vente de trois de ses installations d&rsquo;extrusion situ\u00e9es \u00e0 Landau, Crailsheim et Burg en Allemagne. La transaction finale sera finalis\u00e9e le 30 septembre 2023. E-MAX franchit ainsi une \u00e9tape importante dans sa strat\u00e9gie de croissance et passe \u00e0 800 employ\u00e9s avec un chiffre d&rsquo;affaires annuel de 500 millions d&rsquo;euros. Avec une capacit\u00e9 d&rsquo;extrusion totale de 100 000 tonnes par an, E-MAX peut traiter enti\u00e8rement sa propre capacit\u00e9 de fonderie X-ECO de 80 000 tonnes en interne.<\/p>\n\n                          <\/div>\n                          <div class=\"buttons justify-content-start\">\n                                  \n  \n  <a\n    href=\"\/fr\/equipe-de-vente\/\"     class=\"button primary-button\n                        \"\n    style=' \n            color: var(--white);      border-radius: 4px;      font-weight: 600;      font-family: Barlow;      '\n    title=\"CONTACTER L'\u00c9QUIPE DE VENTE\" id=\"image-content-block_646dc96817a1f-cta-1\"\n    >\n        <div class=\"text\">\n      CONTACTER L&rsquo;\u00c9QUIPE DE VENTE\n    <\/div>\n  <\/a>\n                              <\/div>\n                      <\/div>\n        <\/div>\n      <\/div>\n    <\/div>\n  <\/div>\n\n  <div class=\"media-wrapper\">\n          <div class=\"video-hook\"><\/div>\n      <div class=\"video\">\n              <iframe\n          class=\"vimeoplayer\"\n          data-type=\"vimeo\"\n          src=\"https:\/\/player.vimeo.com\/video\/824047925?autoplay=1&#038;title=0&#038;byline=0&#038;muted=1&#038;controls=0&#038;autopause=0&#038;dnt=1\"\n          allow=\"autoplay; fullscreen; picture-in-picture\"\n          allowfullscreen\n          data-origwidth=\"\"\n          data-origheight=\"\"\n          title=\"HISTORIQUE\"\n        ><\/iframe>\n            <\/div>\n      <\/div>\n<\/section>\n","protected":false},"excerpt":{"rendered":"","protected":false},"author":1,"featured_media":0,"parent":0,"menu_order":0,"comment_status":"closed","ping_status":"closed","template":"","meta":{"_acf_changed":false,"footnotes":""},"class_list":["post-9653","page","type-page","status-publish","hentry"],"acf":[],"yoast_head":"<!-- This site is optimized with the Yoast SEO plugin v24.2 - https:\/\/yoast.com\/wordpress\/plugins\/seo\/ -->\n<title>L\u2019histoire d\u2019E-MAX : pionnier de l\u2019aluminium bas carbone - E-MAX<\/title>\n<meta name=\"description\" content=\"D\u00e9couvrez l\u2019histoire d\u2019E-MAX: un parcours d\u2019innovation et de qualit\u00e9 dans les solutions en aluminium.\" \/>\n<meta name=\"robots\" content=\"noindex, follow, max-snippet:-1, max-image-preview:large, max-video-preview:-1\" \/>\n<meta property=\"og:locale\" content=\"fr_FR\" \/>\n<meta property=\"og:type\" content=\"article\" \/>\n<meta property=\"og:title\" content=\"L\u2019histoire d\u2019E-MAX : pionnier de l\u2019aluminium bas carbone - E-MAX\" \/>\n<meta property=\"og:description\" content=\"D\u00e9couvrez l\u2019histoire d\u2019E-MAX: un parcours d\u2019innovation et de qualit\u00e9 dans les solutions en aluminium.\" \/>\n<meta property=\"og:url\" content=\"https:\/\/backup.e-max.eu\/fr\/historique\/\" \/>\n<meta property=\"og:site_name\" content=\"E-MAX\" \/>\n<meta property=\"article:modified_time\" content=\"2025-01-09T16:14:22+00:00\" \/>\n<meta name=\"twitter:card\" content=\"summary_large_image\" \/>\n<script type=\"application\/ld+json\" class=\"yoast-schema-graph\">{\"@context\":\"https:\/\/schema.org\",\"@graph\":[{\"@type\":\"WebPage\",\"@id\":\"https:\/\/backup.e-max.eu\/fr\/historique\/\",\"url\":\"https:\/\/backup.e-max.eu\/fr\/historique\/\",\"name\":\"L\u2019histoire d\u2019E-MAX : pionnier de l\u2019aluminium bas carbone - E-MAX\",\"isPartOf\":{\"@id\":\"https:\/\/backup.e-max.eu\/#website\"},\"datePublished\":\"2023-05-24T08:23:29+00:00\",\"dateModified\":\"2025-01-09T16:14:22+00:00\",\"description\":\"D\u00e9couvrez l\u2019histoire d\u2019E-MAX: un parcours d\u2019innovation et de qualit\u00e9 dans les solutions en aluminium.\",\"breadcrumb\":{\"@id\":\"https:\/\/backup.e-max.eu\/fr\/historique\/#breadcrumb\"},\"inLanguage\":\"fr-FR\",\"potentialAction\":[{\"@type\":\"ReadAction\",\"target\":[\"https:\/\/backup.e-max.eu\/fr\/historique\/\"]}]},{\"@type\":\"BreadcrumbList\",\"@id\":\"https:\/\/backup.e-max.eu\/fr\/historique\/#breadcrumb\",\"itemListElement\":[{\"@type\":\"ListItem\",\"position\":1,\"name\":\"Home\",\"item\":\"https:\/\/backup.e-max.eu\/fr\/\"},{\"@type\":\"ListItem\",\"position\":2,\"name\":\"Historique\"}]},{\"@type\":\"WebSite\",\"@id\":\"https:\/\/backup.e-max.eu\/#website\",\"url\":\"https:\/\/backup.e-max.eu\/\",\"name\":\"E-MAX\",\"description\":\"Gerecycleerd aluminium met laagste carbon footprint\",\"publisher\":{\"@id\":\"https:\/\/backup.e-max.eu\/#organization\"},\"potentialAction\":[{\"@type\":\"SearchAction\",\"target\":{\"@type\":\"EntryPoint\",\"urlTemplate\":\"https:\/\/backup.e-max.eu\/?s={search_term_string}\"},\"query-input\":{\"@type\":\"PropertyValueSpecification\",\"valueRequired\":true,\"valueName\":\"search_term_string\"}}],\"inLanguage\":\"fr-FR\"},{\"@type\":\"Organization\",\"@id\":\"https:\/\/backup.e-max.eu\/#organization\",\"name\":\"E-MAX Aluminium N.V.\",\"url\":\"https:\/\/backup.e-max.eu\/\",\"logo\":{\"@type\":\"ImageObject\",\"inLanguage\":\"fr-FR\",\"@id\":\"https:\/\/backup.e-max.eu\/#\/schema\/logo\/image\/\",\"url\":\"https:\/\/i0.wp.com\/e-max.eu\/wp-content\/uploads\/2023\/04\/mb-EMAX-logo-Colour-Screen-RGB.png?fit=137%2C46&ssl=1\",\"contentUrl\":\"https:\/\/i0.wp.com\/e-max.eu\/wp-content\/uploads\/2023\/04\/mb-EMAX-logo-Colour-Screen-RGB.png?fit=137%2C46&ssl=1\",\"width\":137,\"height\":46,\"caption\":\"E-MAX Aluminium N.V.\"},\"image\":{\"@id\":\"https:\/\/backup.e-max.eu\/#\/schema\/logo\/image\/\"}}]}<\/script>\n<!-- \/ Yoast SEO plugin. -->","yoast_head_json":{"title":"L\u2019histoire d\u2019E-MAX : pionnier de l\u2019aluminium bas carbone - E-MAX","description":"D\u00e9couvrez l\u2019histoire d\u2019E-MAX: un parcours d\u2019innovation et de qualit\u00e9 dans les solutions en aluminium.","robots":{"index":"noindex","follow":"follow","max-snippet":"max-snippet:-1","max-image-preview":"max-image-preview:large","max-video-preview":"max-video-preview:-1"},"og_locale":"fr_FR","og_type":"article","og_title":"L\u2019histoire d\u2019E-MAX : pionnier de l\u2019aluminium bas carbone - E-MAX","og_description":"D\u00e9couvrez l\u2019histoire d\u2019E-MAX: un parcours d\u2019innovation et de qualit\u00e9 dans les solutions en aluminium.","og_url":"https:\/\/backup.e-max.eu\/fr\/historique\/","og_site_name":"E-MAX","article_modified_time":"2025-01-09T16:14:22+00:00","twitter_card":"summary_large_image","schema":{"@context":"https:\/\/schema.org","@graph":[{"@type":"WebPage","@id":"https:\/\/backup.e-max.eu\/fr\/historique\/","url":"https:\/\/backup.e-max.eu\/fr\/historique\/","name":"L\u2019histoire d\u2019E-MAX : pionnier de l\u2019aluminium bas carbone - E-MAX","isPartOf":{"@id":"https:\/\/backup.e-max.eu\/#website"},"datePublished":"2023-05-24T08:23:29+00:00","dateModified":"2025-01-09T16:14:22+00:00","description":"D\u00e9couvrez l\u2019histoire d\u2019E-MAX: un parcours d\u2019innovation et de qualit\u00e9 dans les solutions en aluminium.","breadcrumb":{"@id":"https:\/\/backup.e-max.eu\/fr\/historique\/#breadcrumb"},"inLanguage":"fr-FR","potentialAction":[{"@type":"ReadAction","target":["https:\/\/backup.e-max.eu\/fr\/historique\/"]}]},{"@type":"BreadcrumbList","@id":"https:\/\/backup.e-max.eu\/fr\/historique\/#breadcrumb","itemListElement":[{"@type":"ListItem","position":1,"name":"Home","item":"https:\/\/backup.e-max.eu\/fr\/"},{"@type":"ListItem","position":2,"name":"Historique"}]},{"@type":"WebSite","@id":"https:\/\/backup.e-max.eu\/#website","url":"https:\/\/backup.e-max.eu\/","name":"E-MAX","description":"Gerecycleerd aluminium met laagste carbon footprint","publisher":{"@id":"https:\/\/backup.e-max.eu\/#organization"},"potentialAction":[{"@type":"SearchAction","target":{"@type":"EntryPoint","urlTemplate":"https:\/\/backup.e-max.eu\/?s={search_term_string}"},"query-input":{"@type":"PropertyValueSpecification","valueRequired":true,"valueName":"search_term_string"}}],"inLanguage":"fr-FR"},{"@type":"Organization","@id":"https:\/\/backup.e-max.eu\/#organization","name":"E-MAX Aluminium N.V.","url":"https:\/\/backup.e-max.eu\/","logo":{"@type":"ImageObject","inLanguage":"fr-FR","@id":"https:\/\/backup.e-max.eu\/#\/schema\/logo\/image\/","url":"https:\/\/i0.wp.com\/e-max.eu\/wp-content\/uploads\/2023\/04\/mb-EMAX-logo-Colour-Screen-RGB.png?fit=137%2C46&ssl=1","contentUrl":"https:\/\/i0.wp.com\/e-max.eu\/wp-content\/uploads\/2023\/04\/mb-EMAX-logo-Colour-Screen-RGB.png?fit=137%2C46&ssl=1","width":137,"height":46,"caption":"E-MAX Aluminium N.V."},"image":{"@id":"https:\/\/backup.e-max.eu\/#\/schema\/logo\/image\/"}}]}},"_links":{"self":[{"href":"https:\/\/backup.e-max.eu\/fr\/wp-json\/wp\/v2\/pages\/9653","targetHints":{"allow":["GET"]}}],"collection":[{"href":"https:\/\/backup.e-max.eu\/fr\/wp-json\/wp\/v2\/pages"}],"about":[{"href":"https:\/\/backup.e-max.eu\/fr\/wp-json\/wp\/v2\/types\/page"}],"author":[{"embeddable":true,"href":"https:\/\/backup.e-max.eu\/fr\/wp-json\/wp\/v2\/users\/1"}],"replies":[{"embeddable":true,"href":"https:\/\/backup.e-max.eu\/fr\/wp-json\/wp\/v2\/comments?post=9653"}],"version-history":[{"count":2,"href":"https:\/\/backup.e-max.eu\/fr\/wp-json\/wp\/v2\/pages\/9653\/revisions"}],"predecessor-version":[{"id":14736,"href":"https:\/\/backup.e-max.eu\/fr\/wp-json\/wp\/v2\/pages\/9653\/revisions\/14736"}],"wp:attachment":[{"href":"https:\/\/backup.e-max.eu\/fr\/wp-json\/wp\/v2\/media?parent=9653"}],"curies":[{"name":"wp","href":"https:\/\/api.w.org\/{rel}","templated":true}]}}