{"id":9612,"date":"2023-05-23T14:18:12","date_gmt":"2023-05-23T12:18:12","guid":{"rendered":"https:\/\/migrate.e-max.eu\/over-ons\/"},"modified":"2025-01-09T16:45:44","modified_gmt":"2025-01-09T15:45:44","slug":"propos-de-nous","status":"publish","type":"page","link":"https:\/\/backup.e-max.eu\/fr\/propos-de-nous\/","title":{"rendered":"Propos de nous"},"content":{"rendered":"\n<section id=\"photo-info-overlay-block_cd04238496af131050c16c7a94663ce3\" class=\" col-12 photo-info-overlay  d-flex align-items-stretch top-defaultpadding bottom-defaultpadding\">\n  <div id=\"photo-info-overlay-block_cd04238496af131050c16c7a94663ce3-hook\" class=\"hook\"><\/div>  <style>\n          @media (min-width: 992px) {\n        #photo-info-overlay-block_cd04238496af131050c16c7a94663ce3 {\n          height: auto;\n          min-height: 320px;\n        }\n      }\n              @media (max-width: 991px) {\n        #photo-info-overlay-block_cd04238496af131050c16c7a94663ce3 {\n            height: auto;\n            min-height: 120px;\n        }\n      }\n              @media (min-width: 1199.99px) {\n        #photo-info-overlay-block_cd04238496af131050c16c7a94663ce3 .wrapper h1,\n        #photo-info-overlay-block_cd04238496af131050c16c7a94663ce3 .wrapper h2 {\n          font-size: 3.125rem;\n        }\n      }\n              @media (min-width: 575.99px) and (max-width: 1199.98px) {\n        #photo-info-overlay-block_cd04238496af131050c16c7a94663ce3 .wrapper h1,\n        #photo-info-overlay-block_cd04238496af131050c16c7a94663ce3 .wrapper h2 {\n          font-size: 2.1875rem;\n        }\n      }\n              @media (max-width: 575.98px) {\n        #photo-info-overlay-block_cd04238496af131050c16c7a94663ce3 .wrapper h1,\n        #photo-info-overlay-block_cd04238496af131050c16c7a94663ce3 .wrapper h2 {\n          font-size: 1.5625rem;\n        }\n      }\n              @media (min-width: 1199.99px) {\n        #photo-info-overlay-block_cd04238496af131050c16c7a94663ce3 .wrapper p,\n        #photo-info-overlay-block_cd04238496af131050c16c7a94663ce3 .wrapper p {\n          font-size: 1rem;\n        }\n      }\n              @media (min-width: 575.99px) and (max-width: 1199.98px) {\n        #photo-info-overlay-block_cd04238496af131050c16c7a94663ce3 .wrapper p,\n        #photo-info-overlay-block_cd04238496af131050c16c7a94663ce3 .wrapper p {\n          font-size: 1rem;\n        }\n      }\n              @media (max-width: 575.98px) {\n        #photo-info-overlay-block_cd04238496af131050c16c7a94663ce3 .wrapper p,\n        #photo-info-overlay-block_cd04238496af131050c16c7a94663ce3 .wrapper p {\n          font-size: 0.875rem;\n        }\n      }\n      <\/style>\n\n      <div class=\"background\" style=\"background-image: url(https:\/\/i0.wp.com\/backup.e-max.eu\/wp-content\/uploads\/2023\/04\/header-scaled.jpg?fit=2048%2C415&#038;ssl=1)\"><\/div>\n      <div class=\"container d-flex flex-column justify-content-start\">\n    <div class=\"row d-flex flex-column align-items-start\">\n      <div class=\"col-12 col-lg-1\">\n        <div class=\"content \" >\n          <div class=\"color white\" style=\"opacity: calc(0\/100);\"><\/div>\n                    <div class=\"wrapper\">\n\n            \n            <div class=\"text\" style=\"color: var(--black)\">\n              \n            <\/div>\n\n                      <\/div>\n        <\/div>\n      <\/div>\n    <\/div>\n  <\/div>\n<\/section>\n\n\n\n<section id=\"intro-block_9b07763ebd985828f3db38d6cfa16fb9\" class=\"col-12 white intro top-defaultpadding bottom-space-md\">\n  <div id=\"intro-block_9b07763ebd985828f3db38d6cfa16fb9-hook\" class=\"hook\"><\/div>      <style>\n      @media (max-width: 768px) {\n        #intro-block_9b07763ebd985828f3db38d6cfa16fb9 .title * {\n          text-align: left!important;\n        }\n\n        #intro-block_9b07763ebd985828f3db38d6cfa16fb9 .desc * {\n          text-align: left!important;\n        }\n      }\n    <\/style>\n    \n            \n    \n  <div class=\"container\">\n    <div class=\"row column-direction   \">\n      <div class=\"col-12 col-md-6 description  \">\n                                    <div class=\"title\" style=\"color: var(--black)\">\n                              <h1><span>\u00c0 PROPOS DE NOUS<\/span>\n<\/h1>\n                            <\/div>\n                      \n                      <div class=\"desc\" style=\"color: var(--black)\">\n              <p>L&rsquo;histoire d&rsquo;E-MAX se conjugue avec les verbes entreprendre; cr\u00e9er et concr\u00e9tiser. Nous sommes devenus un partenaire durable dans le d\u00e9veloppement de solutions en aluminium durables.<\/p>\n<p>E-MAX est un acteur empirique incontournable du secteur de l&rsquo;aluminium. Chez nous, pas de fioriture. Nous proposons la meilleure qualit\u00e9 \u00e0 un prix raisonnable. Nous mettons vos besoins au premier plan. Vous cherchez les meilleurs semi-produits possibles\u00a0? Vous cherchez un partenaire qui vous accompagne pour d\u00e9velopper de nouvelles solutions et r\u00e9aliser des \u00e9conomies\u00a0? Ne cherchez plus, E-MAX est le partenaire dont vous avez toujours r\u00eav\u00e9.<\/p>\n\n            <\/div>\n                                <div class=\"buttons justify-content-start\">\n                              \n  \n  <a\n    href=\"\/fr\/telecharger\/brochure\/\"     class=\"button primary-button\n                        \"\n    style=' \n            color: var(--white);      border-radius: 4px;      font-weight: 600;      font-family: Barlow;      '\n    title=\"T\u00c9L\u00c9CHARGEZ NOTRE BROCHURE ICI\" id=\"intro-block_9b07763ebd985828f3db38d6cfa16fb9-cta-1\"\n    >\n        <div class=\"text\">\n      T\u00c9L\u00c9CHARGEZ NOTRE BROCHURE ICI\n    <\/div>\n  <\/a>\n                          <\/div>\n                <\/div>\n      <div class=\"col-12 col-md-6  \">\n                    <img decoding=\"async\"\n              src=\"https:\/\/i0.wp.com\/backup.e-max.eu\/wp-content\/uploads\/2023\/04\/office-test-mid-hor.jpg?fit=1024%2C496&#038;ssl=1\"\n              alt=\"Voorzijde van de locatie in Gullegem. Metalen frame grote ramen met een productiehal aan de zijkant voorzien van een groot spandoek met het logo van EMAX erop.\"\n              title=\"office-test-mid-hor\"\n              class=\"img-responsive\"\n              srcset=\"https:\/\/i0.wp.com\/backup.e-max.eu\/wp-content\/uploads\/2023\/04\/office-test-mid-hor.jpg?fit=450%2C218&#038;ssl=1 480w,\n                      https:\/\/i0.wp.com\/backup.e-max.eu\/wp-content\/uploads\/2023\/04\/office-test-mid-hor.jpg?fit=1024%2C496&#038;ssl=1 2048w\"\n              sizes=\"(max-width: 480px) 480px\"\n              width=\"470\"\n                          \/>\n              <\/div>\n    <\/div>\n  <\/div>\n<\/section>\n\n\n\n<section id=\"intro-block_1765fdd881285f4e761e4646ab3493df\" class=\"col-12 white intro top-space-md bottom-space-xs\">\n  <div id=\"intro-block_1765fdd881285f4e761e4646ab3493df-hook\" class=\"hook\"><\/div>      <style>\n      @media (max-width: 768px) {\n        #intro-block_1765fdd881285f4e761e4646ab3493df .title * {\n          text-align: left!important;\n        }\n\n        #intro-block_1765fdd881285f4e761e4646ab3493df .desc * {\n          text-align: left!important;\n        }\n      }\n    <\/style>\n    \n            \n          \n  <div class=\"container\">\n    <div class=\"row column-direction  reverse-mobile \">\n      <div class=\"col-12 col-md-7 description  \">\n          \n                      <div class=\"desc\" style=\"color: var(--black)\">\n              <p>Une approche qui se refl\u00e8te pleinement dans notre alliage durable \u00e0 faible empreinte carbone\u00a0: X-ECO. Mais notre fa\u00e7on de travailler au quotidien peut aussi \u00eatre qualifi\u00e9e de durable. Cela se refl\u00e8te aussi dans notre hall logistique, nos emballages r\u00e9utilisables et les plus faibles \u00e9missions de CO<sub>2<\/sub>qui soient. Nous sommes \u00e9galement enti\u00e8rement autonomes en termes de consommation d&rsquo;\u00e9nergie gr\u00e2ce \u00e0 notre \u00e9olienne et nos panneaux solaires. Chez E-MAX, l&rsquo;innovation ax\u00e9e sur les solutions durables est la norme.<\/p>\n<p>&nbsp;<\/p>\n\n            <\/div>\n                          <\/div>\n      <div class=\"col-12 col-md-5  \">\n        \n                          <div style=\"color: var(--black)\">\n                              <h2 class=\"\">NOTRE APPROCHE S&rsquo;ARTICULE AUTOUR DES CONCEPTS DE DURABILIT\u00c9 ET D&rsquo;IMPACT MINIMUM SUR I&rsquo;ENVIRONNEMENT\n<\/h2>\n                            <\/div>\n            \n              <\/div>\n    <\/div>\n  <\/div>\n<\/section>\n\n\n\n<section id=\"intro-block_34a9d9bdfb0b7e318bffed078670b360\" class=\"col-12 white intro top-space-xs bottom-space-md\">\n  <div id=\"intro-block_34a9d9bdfb0b7e318bffed078670b360-hook\" class=\"hook\"><\/div>      <style>\n      @media (max-width: 768px) {\n        #intro-block_34a9d9bdfb0b7e318bffed078670b360 .title * {\n          text-align: left!important;\n        }\n\n        #intro-block_34a9d9bdfb0b7e318bffed078670b360 .desc * {\n          text-align: left!important;\n        }\n      }\n    <\/style>\n    \n            \n    \n  <div class=\"container\">\n    <div class=\"row column-direction   \">\n      <div class=\"col-12 col-md-6 description  \">\n                                    <div class=\"title\" style=\"color: var(--black)\">\n                              <h2>NOS RELATIONS AVEC NOS CLIENTS SONT \u00c9GALEMENT DURABLES<\/h2>\n                            <\/div>\n                      \n                      <div class=\"desc\" style=\"color: var(--black)\">\n              <p>Nos conseillers font tout pour atteindre le plus haut niveau de satisfaction client et pour d\u00e9passer vos attentes. Forts de notre vaste exp\u00e9rience et de notre expertise, nous offrons les meilleurs conseils \u00e0 nos clients. Il y a toujours un interlocuteur pr\u00eat \u00e0 vous \u00e9couter chez E-MAX.<\/p>\n\n            <\/div>\n                          <\/div>\n      <div class=\"col-12 col-md-6  \">\n                              <iframe id=\"ytplayer-block_34a9d9bdfb0b7e318bffed078670b360\"\n              src=\"https:\/\/www.youtube-nocookie.com\/embed\/c2vshAVt9QI?rel=0&#038;modestbranding=1&#038;autohide=1&#038;mute=1&#038;showinfo=0&#038;controls=0&#038;autoplay=1\"\n              allow=\"accelerometer; autoplay; clipboard-write; encrypted-media; gyroscope; picture-in-picture\"\n              allowfullscreen\n              title=\"NOS RELATIONS AVEC NOS CLIENTS SONT \u00c9GALEMENT DURABLES\"\n                        ><\/iframe>\n          \n              <\/div>\n    <\/div>\n  <\/div>\n<\/section>\n\n\n\n<section id=\"intro-block_3af7d63dc0332579e48ad14dd879f654\" class=\"col-12 white intro top-space-md bottom-defaultpadding\">\n  <div id=\"intro-block_3af7d63dc0332579e48ad14dd879f654-hook\" class=\"hook\"><\/div>      <style>\n      @media (max-width: 768px) {\n        #intro-block_3af7d63dc0332579e48ad14dd879f654 .title * {\n          text-align: left!important;\n        }\n\n        #intro-block_3af7d63dc0332579e48ad14dd879f654 .desc * {\n          text-align: left!important;\n        }\n      }\n    <\/style>\n    \n            \n    \n  <div class=\"container\">\n    <div class=\"row column-direction reverse reverse-mobile \">\n      <div class=\"col-12 col-md-6 description  \">\n                                    <div class=\"title\" style=\"color: var(--black)\">\n                              <h2><span>LES AVANTAGES DE TRAVAILLER AVEC E-MAX SONT NOMBREUX:<\/span>\n<\/h2>\n                            <\/div>\n                      \n                      <div class=\"desc\" style=\"color: var(--black)\">\n              <p>Nous nous appuyons sur nos sept sites de production, notre fonderie et notre hall logistique pour vous fournir la meilleure qualit\u00e9. E-MAX affiche une infrastructure moderne et un parc de machines moderne et durable. Nos clients \u00e9voluent dans divers secteurs. Par exemple, nous livrons des produits pour les secteurs de la construction, des transports, de l&rsquo;architecture, de l&rsquo;am\u00e9nagement int\u00e9rieur, de l&rsquo;ing\u00e9nierie et de l&rsquo;horticulture. En tant que membres de Vaessen Industries, nous sommes flexibles, ind\u00e9pendants et affichons une tr\u00e8s bonne sant\u00e9 financi\u00e8re.<\/p>\n<ul>\n<li>Solutions durables avec une faible empreinte carbone<\/li>\n<li>Orientation client et fiabilit\u00e9<\/li>\n<li>Exp\u00e9rience et expertise \u00e9tendues<\/li>\n<li>Positionnement id\u00e9al des sites de production<\/li>\n<li>Qualit\u00e9 certifi\u00e9e<\/li>\n<li>Ind\u00e9pendance garantie par la s\u00e9curit\u00e9 d&rsquo;approvisionnement en mati\u00e8res premi\u00e8res<\/li>\n<li>Infrastructure et parc de machines modernes<\/li>\n<li>Ambition \u00e9lev\u00e9e en termes de croissance<\/li>\n<li>Flexibilit\u00e9<\/li>\n<li>Innovation et r\u00e9duction des co\u00fbts<\/li>\n<\/ul>\n\n            <\/div>\n                          <\/div>\n      <div class=\"col-12 col-md-6  \">\n                    <img decoding=\"async\"\n              src=\"https:\/\/i0.wp.com\/backup.e-max.eu\/wp-content\/uploads\/2023\/07\/4-tabs-1.jpg?fit=800%2C800&#038;ssl=1\"\n              alt=\"Emax logo uitgesneden metalen bord buiten\"\n              title=\"4-tabs-1\"\n              class=\"img-responsive\"\n              srcset=\"https:\/\/i0.wp.com\/backup.e-max.eu\/wp-content\/uploads\/2023\/07\/4-tabs-1.jpg?fit=450%2C450&#038;ssl=1 480w,\n                      https:\/\/i0.wp.com\/backup.e-max.eu\/wp-content\/uploads\/2023\/07\/4-tabs-1.jpg?fit=800%2C800&#038;ssl=1 2048w\"\n              sizes=\"(max-width: 480px) 480px\"\n              width=\"470\"\n                          \/>\n              <\/div>\n    <\/div>\n  <\/div>\n<\/section>\n","protected":false},"excerpt":{"rendered":"","protected":false},"author":1,"featured_media":0,"parent":0,"menu_order":0,"comment_status":"closed","ping_status":"closed","template":"","meta":{"_acf_changed":false,"footnotes":""},"class_list":["post-9612","page","type-page","status-publish","hentry"],"acf":[],"yoast_head":"<!-- This site is optimized with the Yoast SEO plugin v24.2 - https:\/\/yoast.com\/wordpress\/plugins\/seo\/ -->\n<title>L\u2019histoire d\u2019E-MAX: solutions en aluminium durable - E-MAX<\/title>\n<meta name=\"description\" content=\"Vous recherchez le meilleur aluminium durable semi-fini ? E-MAX est le partenaire fiable pour le d\u00e9veloppement de solutions d&#039;aluminium circulaires.\" \/>\n<meta name=\"robots\" content=\"noindex, follow, max-snippet:-1, max-image-preview:large, max-video-preview:-1\" \/>\n<meta property=\"og:locale\" content=\"fr_FR\" \/>\n<meta property=\"og:type\" content=\"article\" \/>\n<meta property=\"og:title\" content=\"L\u2019histoire d\u2019E-MAX: solutions en aluminium durable - E-MAX\" \/>\n<meta property=\"og:description\" content=\"Vous recherchez le meilleur aluminium durable semi-fini ? E-MAX est le partenaire fiable pour le d\u00e9veloppement de solutions d&#039;aluminium circulaires.\" \/>\n<meta property=\"og:url\" content=\"https:\/\/backup.e-max.eu\/fr\/propos-de-nous\/\" \/>\n<meta property=\"og:site_name\" content=\"E-MAX\" \/>\n<meta property=\"article:modified_time\" content=\"2025-01-09T15:45:44+00:00\" \/>\n<meta name=\"twitter:card\" content=\"summary_large_image\" \/>\n<script type=\"application\/ld+json\" class=\"yoast-schema-graph\">{\"@context\":\"https:\/\/schema.org\",\"@graph\":[{\"@type\":\"WebPage\",\"@id\":\"https:\/\/backup.e-max.eu\/fr\/propos-de-nous\/\",\"url\":\"https:\/\/backup.e-max.eu\/fr\/propos-de-nous\/\",\"name\":\"L\u2019histoire d\u2019E-MAX: solutions en aluminium durable - E-MAX\",\"isPartOf\":{\"@id\":\"https:\/\/backup.e-max.eu\/#website\"},\"datePublished\":\"2023-05-23T12:18:12+00:00\",\"dateModified\":\"2025-01-09T15:45:44+00:00\",\"description\":\"Vous recherchez le meilleur aluminium durable semi-fini ? E-MAX est le partenaire fiable pour le d\u00e9veloppement de solutions d'aluminium circulaires.\",\"breadcrumb\":{\"@id\":\"https:\/\/backup.e-max.eu\/fr\/propos-de-nous\/#breadcrumb\"},\"inLanguage\":\"fr-FR\",\"potentialAction\":[{\"@type\":\"ReadAction\",\"target\":[\"https:\/\/backup.e-max.eu\/fr\/propos-de-nous\/\"]}]},{\"@type\":\"BreadcrumbList\",\"@id\":\"https:\/\/backup.e-max.eu\/fr\/propos-de-nous\/#breadcrumb\",\"itemListElement\":[{\"@type\":\"ListItem\",\"position\":1,\"name\":\"Home\",\"item\":\"https:\/\/backup.e-max.eu\/fr\/\"},{\"@type\":\"ListItem\",\"position\":2,\"name\":\"Propos de nous\"}]},{\"@type\":\"WebSite\",\"@id\":\"https:\/\/backup.e-max.eu\/#website\",\"url\":\"https:\/\/backup.e-max.eu\/\",\"name\":\"E-MAX\",\"description\":\"Gerecycleerd aluminium met laagste carbon footprint\",\"publisher\":{\"@id\":\"https:\/\/backup.e-max.eu\/#organization\"},\"potentialAction\":[{\"@type\":\"SearchAction\",\"target\":{\"@type\":\"EntryPoint\",\"urlTemplate\":\"https:\/\/backup.e-max.eu\/?s={search_term_string}\"},\"query-input\":{\"@type\":\"PropertyValueSpecification\",\"valueRequired\":true,\"valueName\":\"search_term_string\"}}],\"inLanguage\":\"fr-FR\"},{\"@type\":\"Organization\",\"@id\":\"https:\/\/backup.e-max.eu\/#organization\",\"name\":\"E-MAX Aluminium N.V.\",\"url\":\"https:\/\/backup.e-max.eu\/\",\"logo\":{\"@type\":\"ImageObject\",\"inLanguage\":\"fr-FR\",\"@id\":\"https:\/\/backup.e-max.eu\/#\/schema\/logo\/image\/\",\"url\":\"https:\/\/i0.wp.com\/e-max.eu\/wp-content\/uploads\/2023\/04\/mb-EMAX-logo-Colour-Screen-RGB.png?fit=137%2C46&ssl=1\",\"contentUrl\":\"https:\/\/i0.wp.com\/e-max.eu\/wp-content\/uploads\/2023\/04\/mb-EMAX-logo-Colour-Screen-RGB.png?fit=137%2C46&ssl=1\",\"width\":137,\"height\":46,\"caption\":\"E-MAX Aluminium N.V.\"},\"image\":{\"@id\":\"https:\/\/backup.e-max.eu\/#\/schema\/logo\/image\/\"}}]}<\/script>\n<!-- \/ Yoast SEO plugin. -->","yoast_head_json":{"title":"L\u2019histoire d\u2019E-MAX: solutions en aluminium durable - E-MAX","description":"Vous recherchez le meilleur aluminium durable semi-fini ? E-MAX est le partenaire fiable pour le d\u00e9veloppement de solutions d'aluminium circulaires.","robots":{"index":"noindex","follow":"follow","max-snippet":"max-snippet:-1","max-image-preview":"max-image-preview:large","max-video-preview":"max-video-preview:-1"},"og_locale":"fr_FR","og_type":"article","og_title":"L\u2019histoire d\u2019E-MAX: solutions en aluminium durable - E-MAX","og_description":"Vous recherchez le meilleur aluminium durable semi-fini ? E-MAX est le partenaire fiable pour le d\u00e9veloppement de solutions d'aluminium circulaires.","og_url":"https:\/\/backup.e-max.eu\/fr\/propos-de-nous\/","og_site_name":"E-MAX","article_modified_time":"2025-01-09T15:45:44+00:00","twitter_card":"summary_large_image","schema":{"@context":"https:\/\/schema.org","@graph":[{"@type":"WebPage","@id":"https:\/\/backup.e-max.eu\/fr\/propos-de-nous\/","url":"https:\/\/backup.e-max.eu\/fr\/propos-de-nous\/","name":"L\u2019histoire d\u2019E-MAX: solutions en aluminium durable - E-MAX","isPartOf":{"@id":"https:\/\/backup.e-max.eu\/#website"},"datePublished":"2023-05-23T12:18:12+00:00","dateModified":"2025-01-09T15:45:44+00:00","description":"Vous recherchez le meilleur aluminium durable semi-fini ? E-MAX est le partenaire fiable pour le d\u00e9veloppement de solutions d'aluminium circulaires.","breadcrumb":{"@id":"https:\/\/backup.e-max.eu\/fr\/propos-de-nous\/#breadcrumb"},"inLanguage":"fr-FR","potentialAction":[{"@type":"ReadAction","target":["https:\/\/backup.e-max.eu\/fr\/propos-de-nous\/"]}]},{"@type":"BreadcrumbList","@id":"https:\/\/backup.e-max.eu\/fr\/propos-de-nous\/#breadcrumb","itemListElement":[{"@type":"ListItem","position":1,"name":"Home","item":"https:\/\/backup.e-max.eu\/fr\/"},{"@type":"ListItem","position":2,"name":"Propos de nous"}]},{"@type":"WebSite","@id":"https:\/\/backup.e-max.eu\/#website","url":"https:\/\/backup.e-max.eu\/","name":"E-MAX","description":"Gerecycleerd aluminium met laagste carbon footprint","publisher":{"@id":"https:\/\/backup.e-max.eu\/#organization"},"potentialAction":[{"@type":"SearchAction","target":{"@type":"EntryPoint","urlTemplate":"https:\/\/backup.e-max.eu\/?s={search_term_string}"},"query-input":{"@type":"PropertyValueSpecification","valueRequired":true,"valueName":"search_term_string"}}],"inLanguage":"fr-FR"},{"@type":"Organization","@id":"https:\/\/backup.e-max.eu\/#organization","name":"E-MAX Aluminium N.V.","url":"https:\/\/backup.e-max.eu\/","logo":{"@type":"ImageObject","inLanguage":"fr-FR","@id":"https:\/\/backup.e-max.eu\/#\/schema\/logo\/image\/","url":"https:\/\/i0.wp.com\/e-max.eu\/wp-content\/uploads\/2023\/04\/mb-EMAX-logo-Colour-Screen-RGB.png?fit=137%2C46&ssl=1","contentUrl":"https:\/\/i0.wp.com\/e-max.eu\/wp-content\/uploads\/2023\/04\/mb-EMAX-logo-Colour-Screen-RGB.png?fit=137%2C46&ssl=1","width":137,"height":46,"caption":"E-MAX Aluminium N.V."},"image":{"@id":"https:\/\/backup.e-max.eu\/#\/schema\/logo\/image\/"}}]}},"_links":{"self":[{"href":"https:\/\/backup.e-max.eu\/fr\/wp-json\/wp\/v2\/pages\/9612","targetHints":{"allow":["GET"]}}],"collection":[{"href":"https:\/\/backup.e-max.eu\/fr\/wp-json\/wp\/v2\/pages"}],"about":[{"href":"https:\/\/backup.e-max.eu\/fr\/wp-json\/wp\/v2\/types\/page"}],"author":[{"embeddable":true,"href":"https:\/\/backup.e-max.eu\/fr\/wp-json\/wp\/v2\/users\/1"}],"replies":[{"embeddable":true,"href":"https:\/\/backup.e-max.eu\/fr\/wp-json\/wp\/v2\/comments?post=9612"}],"version-history":[{"count":3,"href":"https:\/\/backup.e-max.eu\/fr\/wp-json\/wp\/v2\/pages\/9612\/revisions"}],"predecessor-version":[{"id":15013,"href":"https:\/\/backup.e-max.eu\/fr\/wp-json\/wp\/v2\/pages\/9612\/revisions\/15013"}],"wp:attachment":[{"href":"https:\/\/backup.e-max.eu\/fr\/wp-json\/wp\/v2\/media?parent=9612"}],"curies":[{"name":"wp","href":"https:\/\/api.w.org\/{rel}","templated":true}]}}