{"id":9598,"date":"2023-05-23T13:39:47","date_gmt":"2023-05-23T11:39:47","guid":{"rendered":"https:\/\/migrate.e-max.eu\/q-a\/"},"modified":"2025-01-10T16:00:46","modified_gmt":"2025-01-10T15:00:46","slug":"qr","status":"publish","type":"page","link":"https:\/\/backup.e-max.eu\/fr\/qr\/","title":{"rendered":"Q&#038;A: Questions et r\u00e9ponses"},"content":{"rendered":"\n<section id=\"photo-info-overlay-block_64426062e6de3\" class=\" col-12 photo-info-overlay  d-flex align-items-stretch top-defaultpadding bottom-defaultpadding\">\n  <div id=\"photo-info-overlay-block_64426062e6de3-hook\" class=\"hook\"><\/div>  <style>\n          @media (min-width: 992px) {\n        #photo-info-overlay-block_64426062e6de3 {\n          height: auto;\n          min-height: 320px;\n        }\n      }\n              @media (max-width: 991px) {\n        #photo-info-overlay-block_64426062e6de3 {\n            height: auto;\n            min-height: 120px;\n        }\n      }\n              @media (min-width: 1199.99px) {\n        #photo-info-overlay-block_64426062e6de3 .wrapper h1,\n        #photo-info-overlay-block_64426062e6de3 .wrapper h2 {\n          font-size: 3.125rem;\n        }\n      }\n              @media (min-width: 575.99px) and (max-width: 1199.98px) {\n        #photo-info-overlay-block_64426062e6de3 .wrapper h1,\n        #photo-info-overlay-block_64426062e6de3 .wrapper h2 {\n          font-size: 2.1875rem;\n        }\n      }\n              @media (max-width: 575.98px) {\n        #photo-info-overlay-block_64426062e6de3 .wrapper h1,\n        #photo-info-overlay-block_64426062e6de3 .wrapper h2 {\n          font-size: 1.5625rem;\n        }\n      }\n              @media (min-width: 1199.99px) {\n        #photo-info-overlay-block_64426062e6de3 .wrapper p,\n        #photo-info-overlay-block_64426062e6de3 .wrapper p {\n          font-size: 1rem;\n        }\n      }\n              @media (min-width: 575.99px) and (max-width: 1199.98px) {\n        #photo-info-overlay-block_64426062e6de3 .wrapper p,\n        #photo-info-overlay-block_64426062e6de3 .wrapper p {\n          font-size: 1rem;\n        }\n      }\n              @media (max-width: 575.98px) {\n        #photo-info-overlay-block_64426062e6de3 .wrapper p,\n        #photo-info-overlay-block_64426062e6de3 .wrapper p {\n          font-size: 0.875rem;\n        }\n      }\n      <\/style>\n\n      <div class=\"background\" style=\"background-image: url(https:\/\/i0.wp.com\/backup.e-max.eu\/wp-content\/uploads\/2023\/04\/header-scaled.jpg?fit=2048%2C415&#038;ssl=1)\"><\/div>\n      <div class=\"container d-flex flex-column justify-content-start\">\n    <div class=\"row d-flex flex-column align-items-start\">\n      <div class=\"col-12 col-lg-1\">\n        <div class=\"content \" >\n          <div class=\"color white\" style=\"opacity: calc(0\/100);\"><\/div>\n                    <div class=\"wrapper\">\n\n            \n            <div class=\"text\" style=\"color: var(--black)\">\n              \n            <\/div>\n\n                      <\/div>\n        <\/div>\n      <\/div>\n    <\/div>\n  <\/div>\n<\/section>\n\n\n\n<section id=\"intro-block_646ca521096ff\" class=\"col-12 white intro top-defaultpadding bottom-defaultpadding\">\n  <div id=\"intro-block_646ca521096ff-hook\" class=\"hook\"><\/div>    \n            \n    \n  <div class=\"container\">\n    <div class=\"row column-direction   \">\n      <div class=\"col-12 col-md-6 description  \">\n                                    <div class=\"title\" style=\"color: var(--black)\">\n                              <h1>QUESTIONS &#038; R\u00c9PONSES<\/h1>\n                            <\/div>\n                      \n                      <div class=\"desc\" style=\"color: var(--black)\">\n              <p>Qu\u2019est-ce que l\u2019aluminium durable ? Le recyclage affecte-t-il la qualit\u00e9 de l\u2019aluminium ? Pour toutes vos questions sur l\u2019aluminium vert, l\u2019aluminium durable de haute qualit\u00e9, X-ECO et E-MAX, vous \u00eates ici au bon endroit. Vous n\u2019avez pas trouv\u00e9 de r\u00e9ponse \u00e0 votre question ?<br \/>\nVeuillez remplir notre formulaire de contact. Nous serons heureux de r\u00e9pondre \u00e0 votre question.<\/p>\n\n            <\/div>\n                                <div class=\"buttons justify-content-start\">\n                              \n  \n  <a\n    href=\"\/fr\/citation-demande\/\"     class=\"button primary-button\n                        \"\n    style=' \n            color: var(--white);      border-radius: 4px;      font-weight: 600;      font-family: Barlow;      '\n    title=\"CONTACTEZ-NOUS\" id=\"intro-block_646ca521096ff-cta-1\"\n    >\n        <div class=\"text\">\n      CONTACTEZ-NOUS\n    <\/div>\n  <\/a>\n                          <\/div>\n                <\/div>\n      <div class=\"col-12 col-md-6  \">\n                              <iframe id=\"vimeoplayer-block_646ca521096ff\"\n                              src=\"https:\/\/player.vimeo.com\/video\/440303824?autoplay=1&#038;title=QUESTIONS &#038; R\u00c9PONSES&#038;byline=0&#038;muted=1&#038;controls=0&#038;autopause=0&#038;dnt=1\"\n                            allow=\"autoplay; fullscreen; picture-in-picture\"\n              data-origwidth=\"\"\n              data-origheight=\"\"\n              title=\"QUESTIONS &#038; R\u00c9PONSES\"\n                        ><\/iframe>\n          \n              <\/div>\n    <\/div>\n  <\/div>\n<\/section>\n\n\n\n<section id=\"faq-list-block-block_646ca5e809708\" class=\"col-12 faq-list-block top-defaultpadding bottom-defaultpadding\" style=\"background: var(--light-grey)\">\n  <div id=\"faq-list-block-block_646ca5e809708-hook\" class=\"hook\"><\/div>  \t<div class=\"container\">\n\t\t<div class=\"row\">\n\t\t\t<div class=\"col-12\">\n\t\t\t\t<div class=\"title justify-content-start\" style=\"color: var(--black);\">\n                      <h2><\/h2>\n          \t\t\t\t<\/div>\n\t\t\t<\/div>\n      <div class=\"col-12 faq-list\">\n              <\/div>\n    \t\t<\/div>\n\t<\/div>\n<\/section>","protected":false},"excerpt":{"rendered":"","protected":false},"author":1,"featured_media":0,"parent":0,"menu_order":0,"comment_status":"closed","ping_status":"closed","template":"","meta":{"_acf_changed":false,"footnotes":""},"class_list":["post-9598","page","type-page","status-publish","hentry"],"acf":[],"yoast_head":"<!-- This site is optimized with the Yoast SEO plugin v24.2 - https:\/\/yoast.com\/wordpress\/plugins\/seo\/ -->\n<title>Q&amp;R: Tout ce que vous voulez savoir sur E-MAX - E-MAX<\/title>\n<meta name=\"description\" content=\"Trouvez rapidement des informations pr\u00e9cises gr\u00e2ce au QR d&#039;E-MAX. Simplicit\u00e9 et efficacit\u00e9 en un scan.\" \/>\n<meta name=\"robots\" content=\"noindex, follow, max-snippet:-1, max-image-preview:large, max-video-preview:-1\" \/>\n<meta property=\"og:locale\" content=\"fr_FR\" \/>\n<meta property=\"og:type\" content=\"article\" \/>\n<meta property=\"og:title\" content=\"Q&amp;R: Tout ce que vous voulez savoir sur E-MAX - E-MAX\" \/>\n<meta property=\"og:description\" content=\"Trouvez rapidement des informations pr\u00e9cises gr\u00e2ce au QR d&#039;E-MAX. Simplicit\u00e9 et efficacit\u00e9 en un scan.\" \/>\n<meta property=\"og:url\" content=\"https:\/\/backup.e-max.eu\/q-a\/\" \/>\n<meta property=\"og:site_name\" content=\"E-MAX\" \/>\n<meta property=\"article:modified_time\" content=\"2025-01-10T15:00:46+00:00\" \/>\n<meta name=\"twitter:card\" content=\"summary_large_image\" \/>\n<script type=\"application\/ld+json\" class=\"yoast-schema-graph\">{\"@context\":\"https:\/\/schema.org\",\"@graph\":[{\"@type\":\"WebPage\",\"@id\":\"https:\/\/backup.e-max.eu\/q-a\/\",\"url\":\"https:\/\/backup.e-max.eu\/q-a\/\",\"name\":\"Q&R: Tout ce que vous voulez savoir sur E-MAX - E-MAX\",\"isPartOf\":{\"@id\":\"https:\/\/backup.e-max.eu\/#website\"},\"datePublished\":\"2023-05-23T11:39:47+00:00\",\"dateModified\":\"2025-01-10T15:00:46+00:00\",\"description\":\"Trouvez rapidement des informations pr\u00e9cises gr\u00e2ce au QR d'E-MAX. Simplicit\u00e9 et efficacit\u00e9 en un scan.\",\"breadcrumb\":{\"@id\":\"https:\/\/backup.e-max.eu\/q-a\/#breadcrumb\"},\"inLanguage\":\"fr-FR\",\"potentialAction\":[{\"@type\":\"ReadAction\",\"target\":[\"https:\/\/backup.e-max.eu\/q-a\/\"]}]},{\"@type\":\"BreadcrumbList\",\"@id\":\"https:\/\/backup.e-max.eu\/q-a\/#breadcrumb\",\"itemListElement\":[{\"@type\":\"ListItem\",\"position\":1,\"name\":\"Home\",\"item\":\"https:\/\/backup.e-max.eu\/fr\/\"},{\"@type\":\"ListItem\",\"position\":2,\"name\":\"Q&#038;A: Questions et r\u00e9ponses\"}]},{\"@type\":\"WebSite\",\"@id\":\"https:\/\/backup.e-max.eu\/#website\",\"url\":\"https:\/\/backup.e-max.eu\/\",\"name\":\"E-MAX\",\"description\":\"Gerecycleerd aluminium met laagste carbon footprint\",\"publisher\":{\"@id\":\"https:\/\/backup.e-max.eu\/#organization\"},\"potentialAction\":[{\"@type\":\"SearchAction\",\"target\":{\"@type\":\"EntryPoint\",\"urlTemplate\":\"https:\/\/backup.e-max.eu\/?s={search_term_string}\"},\"query-input\":{\"@type\":\"PropertyValueSpecification\",\"valueRequired\":true,\"valueName\":\"search_term_string\"}}],\"inLanguage\":\"fr-FR\"},{\"@type\":\"Organization\",\"@id\":\"https:\/\/backup.e-max.eu\/#organization\",\"name\":\"E-MAX Aluminium N.V.\",\"url\":\"https:\/\/backup.e-max.eu\/\",\"logo\":{\"@type\":\"ImageObject\",\"inLanguage\":\"fr-FR\",\"@id\":\"https:\/\/backup.e-max.eu\/#\/schema\/logo\/image\/\",\"url\":\"https:\/\/i0.wp.com\/e-max.eu\/wp-content\/uploads\/2023\/04\/mb-EMAX-logo-Colour-Screen-RGB.png?fit=137%2C46&ssl=1\",\"contentUrl\":\"https:\/\/i0.wp.com\/e-max.eu\/wp-content\/uploads\/2023\/04\/mb-EMAX-logo-Colour-Screen-RGB.png?fit=137%2C46&ssl=1\",\"width\":137,\"height\":46,\"caption\":\"E-MAX Aluminium N.V.\"},\"image\":{\"@id\":\"https:\/\/backup.e-max.eu\/#\/schema\/logo\/image\/\"}}]}<\/script>\n<!-- \/ Yoast SEO plugin. -->","yoast_head_json":{"title":"Q&R: Tout ce que vous voulez savoir sur E-MAX - E-MAX","description":"Trouvez rapidement des informations pr\u00e9cises gr\u00e2ce au QR d'E-MAX. Simplicit\u00e9 et efficacit\u00e9 en un scan.","robots":{"index":"noindex","follow":"follow","max-snippet":"max-snippet:-1","max-image-preview":"max-image-preview:large","max-video-preview":"max-video-preview:-1"},"og_locale":"fr_FR","og_type":"article","og_title":"Q&R: Tout ce que vous voulez savoir sur E-MAX - E-MAX","og_description":"Trouvez rapidement des informations pr\u00e9cises gr\u00e2ce au QR d'E-MAX. Simplicit\u00e9 et efficacit\u00e9 en un scan.","og_url":"https:\/\/backup.e-max.eu\/q-a\/","og_site_name":"E-MAX","article_modified_time":"2025-01-10T15:00:46+00:00","twitter_card":"summary_large_image","schema":{"@context":"https:\/\/schema.org","@graph":[{"@type":"WebPage","@id":"https:\/\/backup.e-max.eu\/q-a\/","url":"https:\/\/backup.e-max.eu\/q-a\/","name":"Q&R: Tout ce que vous voulez savoir sur E-MAX - E-MAX","isPartOf":{"@id":"https:\/\/backup.e-max.eu\/#website"},"datePublished":"2023-05-23T11:39:47+00:00","dateModified":"2025-01-10T15:00:46+00:00","description":"Trouvez rapidement des informations pr\u00e9cises gr\u00e2ce au QR d'E-MAX. Simplicit\u00e9 et efficacit\u00e9 en un scan.","breadcrumb":{"@id":"https:\/\/backup.e-max.eu\/q-a\/#breadcrumb"},"inLanguage":"fr-FR","potentialAction":[{"@type":"ReadAction","target":["https:\/\/backup.e-max.eu\/q-a\/"]}]},{"@type":"BreadcrumbList","@id":"https:\/\/backup.e-max.eu\/q-a\/#breadcrumb","itemListElement":[{"@type":"ListItem","position":1,"name":"Home","item":"https:\/\/backup.e-max.eu\/fr\/"},{"@type":"ListItem","position":2,"name":"Q&#038;A: Questions et r\u00e9ponses"}]},{"@type":"WebSite","@id":"https:\/\/backup.e-max.eu\/#website","url":"https:\/\/backup.e-max.eu\/","name":"E-MAX","description":"Gerecycleerd aluminium met laagste carbon footprint","publisher":{"@id":"https:\/\/backup.e-max.eu\/#organization"},"potentialAction":[{"@type":"SearchAction","target":{"@type":"EntryPoint","urlTemplate":"https:\/\/backup.e-max.eu\/?s={search_term_string}"},"query-input":{"@type":"PropertyValueSpecification","valueRequired":true,"valueName":"search_term_string"}}],"inLanguage":"fr-FR"},{"@type":"Organization","@id":"https:\/\/backup.e-max.eu\/#organization","name":"E-MAX Aluminium N.V.","url":"https:\/\/backup.e-max.eu\/","logo":{"@type":"ImageObject","inLanguage":"fr-FR","@id":"https:\/\/backup.e-max.eu\/#\/schema\/logo\/image\/","url":"https:\/\/i0.wp.com\/e-max.eu\/wp-content\/uploads\/2023\/04\/mb-EMAX-logo-Colour-Screen-RGB.png?fit=137%2C46&ssl=1","contentUrl":"https:\/\/i0.wp.com\/e-max.eu\/wp-content\/uploads\/2023\/04\/mb-EMAX-logo-Colour-Screen-RGB.png?fit=137%2C46&ssl=1","width":137,"height":46,"caption":"E-MAX Aluminium N.V."},"image":{"@id":"https:\/\/backup.e-max.eu\/#\/schema\/logo\/image\/"}}]}},"_links":{"self":[{"href":"https:\/\/backup.e-max.eu\/fr\/wp-json\/wp\/v2\/pages\/9598","targetHints":{"allow":["GET"]}}],"collection":[{"href":"https:\/\/backup.e-max.eu\/fr\/wp-json\/wp\/v2\/pages"}],"about":[{"href":"https:\/\/backup.e-max.eu\/fr\/wp-json\/wp\/v2\/types\/page"}],"author":[{"embeddable":true,"href":"https:\/\/backup.e-max.eu\/fr\/wp-json\/wp\/v2\/users\/1"}],"replies":[{"embeddable":true,"href":"https:\/\/backup.e-max.eu\/fr\/wp-json\/wp\/v2\/comments?post=9598"}],"version-history":[{"count":5,"href":"https:\/\/backup.e-max.eu\/fr\/wp-json\/wp\/v2\/pages\/9598\/revisions"}],"predecessor-version":[{"id":15140,"href":"https:\/\/backup.e-max.eu\/fr\/wp-json\/wp\/v2\/pages\/9598\/revisions\/15140"}],"wp:attachment":[{"href":"https:\/\/backup.e-max.eu\/fr\/wp-json\/wp\/v2\/media?parent=9598"}],"curies":[{"name":"wp","href":"https:\/\/api.w.org\/{rel}","templated":true}]}}