{"id":10037,"date":"2023-06-23T08:04:40","date_gmt":"2023-06-23T06:04:40","guid":{"rendered":"https:\/\/migrate.e-max.eu\/?page_id=10037"},"modified":"2025-01-10T15:34:31","modified_gmt":"2025-01-10T14:34:31","slug":"batiment","status":"publish","type":"page","link":"https:\/\/backup.e-max.eu\/fr\/batiment\/","title":{"rendered":"Profil\u00e9s en aluminium durables pour le b\u00e2timent"},"content":{"rendered":"\n<section id=\"photo-info-overlay-block_64426062e6de3\" class=\" col-12 photo-info-overlay  d-flex align-items-stretch top-defaultpadding bottom-defaultpadding\">\n  <div id=\"photo-info-overlay-block_64426062e6de3-hook\" class=\"hook\"><\/div>  <style>\n          @media (min-width: 992px) {\n        #photo-info-overlay-block_64426062e6de3 {\n          height: auto;\n          min-height: 320px;\n        }\n      }\n              @media (max-width: 991px) {\n        #photo-info-overlay-block_64426062e6de3 {\n            height: auto;\n            min-height: 120px;\n        }\n      }\n              @media (min-width: 1199.99px) {\n        #photo-info-overlay-block_64426062e6de3 .wrapper h1,\n        #photo-info-overlay-block_64426062e6de3 .wrapper h2 {\n          font-size: 3.125rem;\n        }\n      }\n              @media (min-width: 575.99px) and (max-width: 1199.98px) {\n        #photo-info-overlay-block_64426062e6de3 .wrapper h1,\n        #photo-info-overlay-block_64426062e6de3 .wrapper h2 {\n          font-size: 2.1875rem;\n        }\n      }\n              @media (max-width: 575.98px) {\n        #photo-info-overlay-block_64426062e6de3 .wrapper h1,\n        #photo-info-overlay-block_64426062e6de3 .wrapper h2 {\n          font-size: 1.5625rem;\n        }\n      }\n              @media (min-width: 1199.99px) {\n        #photo-info-overlay-block_64426062e6de3 .wrapper p,\n        #photo-info-overlay-block_64426062e6de3 .wrapper p {\n          font-size: 1rem;\n        }\n      }\n              @media (min-width: 575.99px) and (max-width: 1199.98px) {\n        #photo-info-overlay-block_64426062e6de3 .wrapper p,\n        #photo-info-overlay-block_64426062e6de3 .wrapper p {\n          font-size: 1rem;\n        }\n      }\n              @media (max-width: 575.98px) {\n        #photo-info-overlay-block_64426062e6de3 .wrapper p,\n        #photo-info-overlay-block_64426062e6de3 .wrapper p {\n          font-size: 0.875rem;\n        }\n      }\n      <\/style>\n\n      <div class=\"background\" style=\"background-image: url(https:\/\/i0.wp.com\/backup.e-max.eu\/wp-content\/uploads\/2023\/04\/header-scaled.jpg?fit=2048%2C415&#038;ssl=1)\"><\/div>\n      <div class=\"container d-flex flex-column justify-content-start\">\n    <div class=\"row d-flex flex-column align-items-start\">\n      <div class=\"col-12 col-lg-1\">\n        <div class=\"content \" >\n          <div class=\"color white\" style=\"opacity: calc(0\/100);\"><\/div>\n                    <div class=\"wrapper\">\n\n            \n            <div class=\"text\" style=\"color: var(--black)\">\n              \n            <\/div>\n\n                      <\/div>\n        <\/div>\n      <\/div>\n    <\/div>\n  <\/div>\n<\/section>\n\n\n\n<section id=\"intro-block_646da8d0928d4\" class=\"col-12 white intro top-defaultpadding bottom-defaultpadding\">\n  <div id=\"intro-block_646da8d0928d4-hook\" class=\"hook\"><\/div>    \n            \n    \n  <div class=\"container\">\n    <div class=\"row column-direction   \">\n      <div class=\"col-12 col-md-6 description  \">\n                                    <div class=\"title\" style=\"color: var(--black)\">\n                              <h1><span>PROFIL\u00c9S EN ALUMINIUM DURABLES POUR LE B\u00c2TIMENT<\/span>\n<\/h1>\n                            <\/div>\n                      \n                      <div class=\"desc\" style=\"color: var(--black)\">\n              <p><span style=\"color: #83b81a;\"><strong>Tr\u00e8s faible empreinte carbone<\/strong><\/span><\/p>\n<p><a href=\"https:\/\/backup.e-max.eu\/fr\/equipe-de-vente\/\">N&rsquo;h\u00e9sitez pas \u00e0 contacter directement l&rsquo;un de nos responsables de compte<\/a><\/p>\n<p><strong>Gr\u00e2ce \u00e0 X-ECO, la construction durable devient possible\u00a0\u00a0<\/strong><\/p>\n<p>X-ECO est le nom de marque de l&rsquo;aluminium circulaire de haute qualit\u00e9 et durable produit dans la fonderie d&rsquo;aluminium d&rsquo;E-MAX \u00e0 Kerkrade (Pays-Bas). Le produit contient une grande quantit\u00e9 d&rsquo;aluminium recycl\u00e9 (au moins 80 %), est produit localement en utilisant autant de combustibles non fossiles que possible et a une tr\u00e8s faible empreinte carbone (2 \u00e0 4 tonnes de CO\u2082\/tonne d&rsquo;aluminium). L&#8217;empreinte \u00e9cologique est certifi\u00e9e par l&rsquo;organisme de certification DNV. \u00c0 titre de comparaison, la moyenne mondiale est de 18 tonnes de CO\u2082\/tonne d&rsquo;aluminium, tandis que la moyenne europ\u00e9enne est de 8 tonnes de CO\u2082\/tonne d&rsquo;aluminium.<\/p>\n<p>Quatre alliages sont propos\u00e9s :<\/p>\n<ul>\n<li>X-ECO.22 \/ EN AW 6060 : convient particuli\u00e8rement aux encadrements de fen\u00eatres et de portes, aux syst\u00e8mes de fa\u00e7ade, aux syst\u00e8mes d\u00e9coratifs et aux panneaux solaires.<\/li>\n<li>X-ECO.25 \/ EN AW 6063 : surtout pour les serres, les pi\u00e8ces de machines et d&rsquo;automobiles et le mat\u00e9riel de travail en hauteur.<\/li>\n<li>X-ECO.29 \/ EN AW 6061 : surtout pour les pi\u00e8ces automobiles, les composants de tentes, les \u00e9l\u00e9ments de construction et le mat\u00e9riel de travail en hauteur.<\/li>\n<li>X-ECO.29 \/ EN AW 6061 : surtout pour les pi\u00e8ces automobiles, les composants de tentes, les \u00e9l\u00e9ments de construction et le mat\u00e9riel de travail en hauteur.<\/li>\n<\/ul>\n<p>Tous les alliages sont conformes aux normes de qualit\u00e9 europ\u00e9ennes EN-486 et EN-573.<\/p>\n\n            <\/div>\n                          <\/div>\n      <div class=\"col-12 col-md-6  \">\n                    <img decoding=\"async\"\n              src=\"https:\/\/i0.wp.com\/backup.e-max.eu\/wp-content\/uploads\/2023\/06\/iStock-901533480.jpg?fit=600%2C600&#038;ssl=1\"\n              alt=\"Metalen relingen voor ramen van een modern bedrijfsgebouw\"\n              title=\"iStock-901533480\"\n              class=\"img-responsive\"\n              srcset=\"https:\/\/i0.wp.com\/backup.e-max.eu\/wp-content\/uploads\/2023\/06\/iStock-901533480.jpg?fit=450%2C450&#038;ssl=1 480w,\n                      https:\/\/i0.wp.com\/backup.e-max.eu\/wp-content\/uploads\/2023\/06\/iStock-901533480.jpg?fit=600%2C600&#038;ssl=1 2048w\"\n              sizes=\"(max-width: 480px) 480px\"\n              width=\"470\"\n                          \/>\n              <\/div>\n    <\/div>\n  <\/div>\n<\/section>\n\n\n\n<section id=\"intro-block_646da908928d5\" class=\"col-12 white intro top-defaultpadding bottom-defaultpadding\">\n  <div id=\"intro-block_646da908928d5-hook\" class=\"hook\"><\/div>    \n            \n    \n  <div class=\"container\">\n    <div class=\"row column-direction reverse reverse-mobile \">\n      <div class=\"col-12 col-md-6 description  \">\n                                    <div class=\"title\" style=\"color: var(--black)\">\n                              <h2><span>DES APPLICATIONS AUSSI NOMBREUSES QUE VARI\u00c9ES<\/span>\n<\/h2>\n                            <\/div>\n                      \n                      <div class=\"desc\" style=\"color: var(--black)\">\n              <p>L\u2019entreprise E-MAX assure elle-m\u00eame la transformation de l\u2019aluminium X-ECO en profil\u00e9s. Elle peut produire de petits profil\u00e9s complexes, mais aussi des profil\u00e9s de plus grande taille en quantit\u00e9s plus importantes (de 0,150 \u00e0 18 kg\/m).<br \/>\nCes profil\u00e9s sont utilis\u00e9s dans le secteur du b\u00e2timent pour produire, notamment, des encadrements de fen\u00eatres et de portes, des balcons et cl\u00f4tures, des fixations pour bardages, des guides de c\u00e2bles et des fixations de radiateurs.<\/p>\n<p><a href=\"https:\/\/backup.e-max.eu\/fr\/telecharger\/brochure\/\" target=\"_blank\" rel=\"noopener\">T\u00c9L\u00c9CHARGEZ NOTRE BROCHURE ICI<\/a><\/p>\n\n            <\/div>\n                          <\/div>\n      <div class=\"col-12 col-md-6  \">\n                    <img decoding=\"async\"\n              src=\"https:\/\/i0.wp.com\/backup.e-max.eu\/wp-content\/uploads\/2023\/06\/iStock-184649833-scaled.jpg?fit=1024%2C683&#038;ssl=1\"\n              alt=\"Modern glazen bedrijfsgebouw\"\n              title=\"Modern Corporate Glass Building\"\n              class=\"img-responsive\"\n              srcset=\"https:\/\/i0.wp.com\/backup.e-max.eu\/wp-content\/uploads\/2023\/06\/iStock-184649833-scaled.jpg?fit=450%2C300&#038;ssl=1 480w,\n                      https:\/\/i0.wp.com\/backup.e-max.eu\/wp-content\/uploads\/2023\/06\/iStock-184649833-scaled.jpg?fit=1024%2C683&#038;ssl=1 2048w\"\n              sizes=\"(max-width: 480px) 480px\"\n              width=\"470\"\n                          \/>\n              <\/div>\n    <\/div>\n  <\/div>\n<\/section>\n\n\n\n<section id=\"intro-block_646daa63928d8\" class=\"col-12 white intro top-defaultpadding bottom-defaultpadding\">\n  <div id=\"intro-block_646daa63928d8-hook\" class=\"hook\"><\/div>    \n            \n    \n  <div class=\"container\">\n    <div class=\"row column-direction   \">\n      <div class=\"col-12 col-md-6 description  \">\n                                    <div class=\"title\" style=\"color: var(--black)\">\n                              <h2><span>SCIENTIFIQUEMENT PROUV\u00c9<\/span>\n<\/h2>\n                            <\/div>\n                      \n                      <div class=\"desc\" style=\"color: var(--black)\">\n              <p>Le nom X-ECO est d\u00e9riv\u00e9 de l&rsquo;expression latine \u00ab ex \u00e6quo \u00bb qui signifie \u00ab \u00e9gal \u00e0 \u00bb.<br \/>\nX-ECO est un aluminium circulaire riche en alliage avec une composition \u00e9quilibr\u00e9e en oligo-\u00e9l\u00e9ments. De ce fait, ses propri\u00e9t\u00e9s m\u00e9caniques et de surface sont au moins \u00e9gales \u00e0 celles de l&rsquo;aluminium classique.<\/p>\n<p>Cela fait plus de 10 ans qu&rsquo;une \u00e9tude scientifique est men\u00e9e en coop\u00e9ration avec l&rsquo;Universit\u00e9 Libre de Bruxelles sur la qualit\u00e9 de l&rsquo;aluminium circulaire.<\/p>\n<p>Cette \u00e9tude d\u00e9montre les bonnes performances de l&rsquo;aluminium circulaire haute qualit\u00e9 X-ECO, \u00e0 savoir :<\/p>\n<ul>\n<li>Une <a href=\"https:\/\/backup.e-max.eu\/fr\/telecharger\/infographique\/\">structure de surface<\/a> matte et r\u00e9guli\u00e8re apr\u00e8s d\u00e9capage<\/li>\n<li>Une faible variation de <a href=\"https:\/\/backup.e-max.eu\/fr\/telecharger\/infographique\/\">couleur<\/a> apr\u00e8s anodisation<\/li>\n<li>Une bonne r\u00e9sistance \u00e0 la <a href=\"https:\/\/backup.e-max.eu\/fr\/telecharger\/infographique\/\">corrosion filiforme<\/a> apr\u00e8s rev\u00eatement par pulv\u00e9risation<\/li>\n<\/ul>\n<h2>D\u00e9couvrez comment vous pouvez contribuer \u00e0 une \u00e9conomie circulaire gr\u00e2ce \u00e0 X-ECO<\/h2>\n<p><a tabindex=\"-1\" href=\"https:\/\/backup.e-max.eu\/fr\/citation-demande\/\" data-entity-substitution=\"canonical\" data-entity-type=\"node\" data-entity-uuid=\"e00506bc-9610-408c-a1e7-c581a9e02b2c\">Contactez-nous<\/a>\u00a0pour des conseils personnalis\u00e9s. Nous nous ferons un plaisir de vous aider \u00e0 trouver une solution adapt\u00e9e \u00e0 chaque situation.<\/p>\n\n            <\/div>\n                          <\/div>\n      <div class=\"col-12 col-md-6  \">\n                    <img decoding=\"async\"\n              src=\"https:\/\/i0.wp.com\/backup.e-max.eu\/wp-content\/uploads\/2023\/05\/55_0-zwart.jpg?fit=1024%2C682&#038;ssl=1\"\n              alt=\"Zwart-wit foto van de opslagruimte met diverse aluminium profielen die door een werknemer verplaatst worden\"\n              title=\"55_0-zwart\"\n              class=\"img-responsive\"\n              srcset=\"https:\/\/i0.wp.com\/backup.e-max.eu\/wp-content\/uploads\/2023\/05\/55_0-zwart.jpg?fit=450%2C300&#038;ssl=1 480w,\n                      https:\/\/i0.wp.com\/backup.e-max.eu\/wp-content\/uploads\/2023\/05\/55_0-zwart.jpg?fit=1024%2C682&#038;ssl=1 2048w\"\n              sizes=\"(max-width: 480px) 480px\"\n              width=\"470\"\n                          \/>\n              <\/div>\n    <\/div>\n  <\/div>\n<\/section>\n","protected":false},"excerpt":{"rendered":"","protected":false},"author":1,"featured_media":0,"parent":0,"menu_order":0,"comment_status":"closed","ping_status":"closed","template":"","meta":{"_acf_changed":false,"footnotes":""},"class_list":["post-10037","page","type-page","status-publish","hentry"],"acf":[],"yoast_head":"<!-- This site is optimized with the Yoast SEO plugin v24.2 - https:\/\/yoast.com\/wordpress\/plugins\/seo\/ -->\n<title>Profil\u00e9s en aluminium durables pour le b\u00e2timent - E-MAX<\/title>\n<meta name=\"description\" content=\"Profil\u00e9s en aluminium durables d&#039;E-MAX pour des applications vari\u00e9es dans le secteur du b\u00e2timent.\" \/>\n<meta name=\"robots\" content=\"noindex, follow, max-snippet:-1, max-image-preview:large, max-video-preview:-1\" \/>\n<meta property=\"og:locale\" content=\"fr_FR\" \/>\n<meta property=\"og:type\" content=\"article\" \/>\n<meta property=\"og:title\" content=\"Profil\u00e9s en aluminium durables pour le b\u00e2timent - E-MAX\" \/>\n<meta property=\"og:description\" content=\"Profil\u00e9s en aluminium durables d&#039;E-MAX pour des applications vari\u00e9es dans le secteur du b\u00e2timent.\" \/>\n<meta property=\"og:url\" content=\"https:\/\/backup.e-max.eu\/fr\/batiment\/\" \/>\n<meta property=\"og:site_name\" content=\"E-MAX\" \/>\n<meta property=\"article:modified_time\" content=\"2025-01-10T14:34:31+00:00\" \/>\n<meta name=\"twitter:card\" content=\"summary_large_image\" \/>\n<script type=\"application\/ld+json\" class=\"yoast-schema-graph\">{\"@context\":\"https:\/\/schema.org\",\"@graph\":[{\"@type\":\"WebPage\",\"@id\":\"https:\/\/backup.e-max.eu\/fr\/batiment\/\",\"url\":\"https:\/\/backup.e-max.eu\/fr\/batiment\/\",\"name\":\"Profil\u00e9s en aluminium durables pour le b\u00e2timent - E-MAX\",\"isPartOf\":{\"@id\":\"https:\/\/backup.e-max.eu\/#website\"},\"datePublished\":\"2023-06-23T06:04:40+00:00\",\"dateModified\":\"2025-01-10T14:34:31+00:00\",\"description\":\"Profil\u00e9s en aluminium durables d'E-MAX pour des applications vari\u00e9es dans le secteur du b\u00e2timent.\",\"breadcrumb\":{\"@id\":\"https:\/\/backup.e-max.eu\/fr\/batiment\/#breadcrumb\"},\"inLanguage\":\"fr-FR\",\"potentialAction\":[{\"@type\":\"ReadAction\",\"target\":[\"https:\/\/backup.e-max.eu\/fr\/batiment\/\"]}]},{\"@type\":\"BreadcrumbList\",\"@id\":\"https:\/\/backup.e-max.eu\/fr\/batiment\/#breadcrumb\",\"itemListElement\":[{\"@type\":\"ListItem\",\"position\":1,\"name\":\"Home\",\"item\":\"https:\/\/backup.e-max.eu\/fr\/\"},{\"@type\":\"ListItem\",\"position\":2,\"name\":\"Profil\u00e9s en aluminium durables pour le b\u00e2timent\"}]},{\"@type\":\"WebSite\",\"@id\":\"https:\/\/backup.e-max.eu\/#website\",\"url\":\"https:\/\/backup.e-max.eu\/\",\"name\":\"E-MAX\",\"description\":\"Gerecycleerd aluminium met laagste carbon footprint\",\"publisher\":{\"@id\":\"https:\/\/backup.e-max.eu\/#organization\"},\"potentialAction\":[{\"@type\":\"SearchAction\",\"target\":{\"@type\":\"EntryPoint\",\"urlTemplate\":\"https:\/\/backup.e-max.eu\/?s={search_term_string}\"},\"query-input\":{\"@type\":\"PropertyValueSpecification\",\"valueRequired\":true,\"valueName\":\"search_term_string\"}}],\"inLanguage\":\"fr-FR\"},{\"@type\":\"Organization\",\"@id\":\"https:\/\/backup.e-max.eu\/#organization\",\"name\":\"E-MAX Aluminium N.V.\",\"url\":\"https:\/\/backup.e-max.eu\/\",\"logo\":{\"@type\":\"ImageObject\",\"inLanguage\":\"fr-FR\",\"@id\":\"https:\/\/backup.e-max.eu\/#\/schema\/logo\/image\/\",\"url\":\"https:\/\/i0.wp.com\/e-max.eu\/wp-content\/uploads\/2023\/04\/mb-EMAX-logo-Colour-Screen-RGB.png?fit=137%2C46&ssl=1\",\"contentUrl\":\"https:\/\/i0.wp.com\/e-max.eu\/wp-content\/uploads\/2023\/04\/mb-EMAX-logo-Colour-Screen-RGB.png?fit=137%2C46&ssl=1\",\"width\":137,\"height\":46,\"caption\":\"E-MAX Aluminium N.V.\"},\"image\":{\"@id\":\"https:\/\/backup.e-max.eu\/#\/schema\/logo\/image\/\"}}]}<\/script>\n<!-- \/ Yoast SEO plugin. -->","yoast_head_json":{"title":"Profil\u00e9s en aluminium durables pour le b\u00e2timent - E-MAX","description":"Profil\u00e9s en aluminium durables d'E-MAX pour des applications vari\u00e9es dans le secteur du b\u00e2timent.","robots":{"index":"noindex","follow":"follow","max-snippet":"max-snippet:-1","max-image-preview":"max-image-preview:large","max-video-preview":"max-video-preview:-1"},"og_locale":"fr_FR","og_type":"article","og_title":"Profil\u00e9s en aluminium durables pour le b\u00e2timent - E-MAX","og_description":"Profil\u00e9s en aluminium durables d'E-MAX pour des applications vari\u00e9es dans le secteur du b\u00e2timent.","og_url":"https:\/\/backup.e-max.eu\/fr\/batiment\/","og_site_name":"E-MAX","article_modified_time":"2025-01-10T14:34:31+00:00","twitter_card":"summary_large_image","schema":{"@context":"https:\/\/schema.org","@graph":[{"@type":"WebPage","@id":"https:\/\/backup.e-max.eu\/fr\/batiment\/","url":"https:\/\/backup.e-max.eu\/fr\/batiment\/","name":"Profil\u00e9s en aluminium durables pour le b\u00e2timent - E-MAX","isPartOf":{"@id":"https:\/\/backup.e-max.eu\/#website"},"datePublished":"2023-06-23T06:04:40+00:00","dateModified":"2025-01-10T14:34:31+00:00","description":"Profil\u00e9s en aluminium durables d'E-MAX pour des applications vari\u00e9es dans le secteur du b\u00e2timent.","breadcrumb":{"@id":"https:\/\/backup.e-max.eu\/fr\/batiment\/#breadcrumb"},"inLanguage":"fr-FR","potentialAction":[{"@type":"ReadAction","target":["https:\/\/backup.e-max.eu\/fr\/batiment\/"]}]},{"@type":"BreadcrumbList","@id":"https:\/\/backup.e-max.eu\/fr\/batiment\/#breadcrumb","itemListElement":[{"@type":"ListItem","position":1,"name":"Home","item":"https:\/\/backup.e-max.eu\/fr\/"},{"@type":"ListItem","position":2,"name":"Profil\u00e9s en aluminium durables pour le b\u00e2timent"}]},{"@type":"WebSite","@id":"https:\/\/backup.e-max.eu\/#website","url":"https:\/\/backup.e-max.eu\/","name":"E-MAX","description":"Gerecycleerd aluminium met laagste carbon footprint","publisher":{"@id":"https:\/\/backup.e-max.eu\/#organization"},"potentialAction":[{"@type":"SearchAction","target":{"@type":"EntryPoint","urlTemplate":"https:\/\/backup.e-max.eu\/?s={search_term_string}"},"query-input":{"@type":"PropertyValueSpecification","valueRequired":true,"valueName":"search_term_string"}}],"inLanguage":"fr-FR"},{"@type":"Organization","@id":"https:\/\/backup.e-max.eu\/#organization","name":"E-MAX Aluminium N.V.","url":"https:\/\/backup.e-max.eu\/","logo":{"@type":"ImageObject","inLanguage":"fr-FR","@id":"https:\/\/backup.e-max.eu\/#\/schema\/logo\/image\/","url":"https:\/\/i0.wp.com\/e-max.eu\/wp-content\/uploads\/2023\/04\/mb-EMAX-logo-Colour-Screen-RGB.png?fit=137%2C46&ssl=1","contentUrl":"https:\/\/i0.wp.com\/e-max.eu\/wp-content\/uploads\/2023\/04\/mb-EMAX-logo-Colour-Screen-RGB.png?fit=137%2C46&ssl=1","width":137,"height":46,"caption":"E-MAX Aluminium N.V."},"image":{"@id":"https:\/\/backup.e-max.eu\/#\/schema\/logo\/image\/"}}]}},"_links":{"self":[{"href":"https:\/\/backup.e-max.eu\/fr\/wp-json\/wp\/v2\/pages\/10037","targetHints":{"allow":["GET"]}}],"collection":[{"href":"https:\/\/backup.e-max.eu\/fr\/wp-json\/wp\/v2\/pages"}],"about":[{"href":"https:\/\/backup.e-max.eu\/fr\/wp-json\/wp\/v2\/types\/page"}],"author":[{"embeddable":true,"href":"https:\/\/backup.e-max.eu\/fr\/wp-json\/wp\/v2\/users\/1"}],"replies":[{"embeddable":true,"href":"https:\/\/backup.e-max.eu\/fr\/wp-json\/wp\/v2\/comments?post=10037"}],"version-history":[{"count":3,"href":"https:\/\/backup.e-max.eu\/fr\/wp-json\/wp\/v2\/pages\/10037\/revisions"}],"predecessor-version":[{"id":15100,"href":"https:\/\/backup.e-max.eu\/fr\/wp-json\/wp\/v2\/pages\/10037\/revisions\/15100"}],"wp:attachment":[{"href":"https:\/\/backup.e-max.eu\/fr\/wp-json\/wp\/v2\/media?parent=10037"}],"curies":[{"name":"wp","href":"https:\/\/api.w.org\/{rel}","templated":true}]}}