{"id":9538,"date":"2023-05-24T10:13:17","date_gmt":"2023-05-24T08:13:17","guid":{"rendered":"https:\/\/migrate.e-max.eu\/vision-values\/"},"modified":"2025-01-10T15:35:59","modified_gmt":"2025-01-10T14:35:59","slug":"vision-und-werte","status":"publish","type":"page","link":"https:\/\/backup.e-max.eu\/de\/vision-und-werte\/","title":{"rendered":"Vision und Werte"},"content":{"rendered":"\n<section id=\"photo-info-overlay-block_1120f635cb477fdcb7b5190311fc9c18\" class=\" col-12 photo-info-overlay  d-flex align-items-stretch top-defaultpadding bottom-defaultpadding\">\n  <div id=\"photo-info-overlay-block_1120f635cb477fdcb7b5190311fc9c18-hook\" class=\"hook\"><\/div>  <style>\n          @media (min-width: 992px) {\n        #photo-info-overlay-block_1120f635cb477fdcb7b5190311fc9c18 {\n          height: auto;\n          min-height: 320px;\n        }\n      }\n              @media (max-width: 991px) {\n        #photo-info-overlay-block_1120f635cb477fdcb7b5190311fc9c18 {\n            height: auto;\n            min-height: 120px;\n        }\n      }\n              @media (min-width: 1199.99px) {\n        #photo-info-overlay-block_1120f635cb477fdcb7b5190311fc9c18 .wrapper h1,\n        #photo-info-overlay-block_1120f635cb477fdcb7b5190311fc9c18 .wrapper h2 {\n          font-size: 3.125rem;\n        }\n      }\n              @media (min-width: 575.99px) and (max-width: 1199.98px) {\n        #photo-info-overlay-block_1120f635cb477fdcb7b5190311fc9c18 .wrapper h1,\n        #photo-info-overlay-block_1120f635cb477fdcb7b5190311fc9c18 .wrapper h2 {\n          font-size: 2.1875rem;\n        }\n      }\n              @media (max-width: 575.98px) {\n        #photo-info-overlay-block_1120f635cb477fdcb7b5190311fc9c18 .wrapper h1,\n        #photo-info-overlay-block_1120f635cb477fdcb7b5190311fc9c18 .wrapper h2 {\n          font-size: 1.5625rem;\n        }\n      }\n              @media (min-width: 1199.99px) {\n        #photo-info-overlay-block_1120f635cb477fdcb7b5190311fc9c18 .wrapper p,\n        #photo-info-overlay-block_1120f635cb477fdcb7b5190311fc9c18 .wrapper p {\n          font-size: 1rem;\n        }\n      }\n              @media (min-width: 575.99px) and (max-width: 1199.98px) {\n        #photo-info-overlay-block_1120f635cb477fdcb7b5190311fc9c18 .wrapper p,\n        #photo-info-overlay-block_1120f635cb477fdcb7b5190311fc9c18 .wrapper p {\n          font-size: 1rem;\n        }\n      }\n              @media (max-width: 575.98px) {\n        #photo-info-overlay-block_1120f635cb477fdcb7b5190311fc9c18 .wrapper p,\n        #photo-info-overlay-block_1120f635cb477fdcb7b5190311fc9c18 .wrapper p {\n          font-size: 0.875rem;\n        }\n      }\n      <\/style>\n\n      <div class=\"background\" style=\"background-image: url(https:\/\/i0.wp.com\/backup.e-max.eu\/wp-content\/uploads\/2023\/04\/header-scaled.jpg?fit=2048%2C415&#038;ssl=1)\"><\/div>\n      <div class=\"container d-flex flex-column justify-content-start\">\n    <div class=\"row d-flex flex-column align-items-start\">\n      <div class=\"col-12 col-lg-1\">\n        <div class=\"content \" >\n          <div class=\"color white\" style=\"opacity: calc(0\/100);\"><\/div>\n                    <div class=\"wrapper\">\n\n            \n            <div class=\"text\" style=\"color: var(--black)\">\n              \n            <\/div>\n\n                      <\/div>\n        <\/div>\n      <\/div>\n    <\/div>\n  <\/div>\n<\/section>\n\n\n\n<section id=\"intro-block_ed69b9a5c0108f750bc913418a668bed\" class=\"col-12 white intro top-defaultpadding bottom-defaultpadding\">\n  <div id=\"intro-block_ed69b9a5c0108f750bc913418a668bed-hook\" class=\"hook\"><\/div>      <style>\n      @media (max-width: 768px) {\n        #intro-block_ed69b9a5c0108f750bc913418a668bed .title * {\n          text-align: left!important;\n        }\n\n        #intro-block_ed69b9a5c0108f750bc913418a668bed .desc * {\n          text-align: left!important;\n        }\n      }\n    <\/style>\n    \n            \n    \n  <div class=\"container\">\n    <div class=\"row column-direction   \">\n      <div class=\"col-12 col-md-6 description  \">\n                                    <div class=\"title\" style=\"color: var(--black)\">\n                              <h1><span>VISION UND WERTE<\/span>\n<\/h1>\n                            <\/div>\n                      \n                      <div class=\"desc\" style=\"color: var(--black)\">\n              <p>E-MAX hat sich zum Ziel gesetzt, Marktf\u00fchrer in der Verarbeitung von recyceltem Aluminium f\u00fcr Strangpressanwendungen in Westeuropa zu werden, indem wir unseren Kunden \u00fcberlegene L\u00f6sungen mit einem sehr niedrigen Kohlenstoff-Fu\u00dfabdruck anbieten. Daher sind wir bereit, jede Herausforderung im <strong>Bereich der Entwicklung und Umsetzung nachhaltiger Aluminiuml\u00f6sungen anzunehmen<\/strong>.<\/p>\n<p>Dies gilt sowohl in <strong>wirtschaftlicher und \u00f6kologischer Hinsicht als auch in der Partnerschaft mit unseren Kunden und Lieferanten<\/strong>. Dank der Entwicklung innerhalb unseres Unternehmens im Laufe der Jahre ist es uns gelungen, die Professionalit\u00e4t eines multinationalen Konzerns mit der Flexibilit\u00e4t und Kundenorientierung eines KMU (Small to Medium-sized Enterprise) zu verbinden.<\/p>\n<p>Dadurch sind wir ein <strong>hervorragender internationaler Akteur<\/strong>.<\/p>\n<p>&nbsp;<\/p>\n\n            <\/div>\n                          <\/div>\n      <div class=\"col-12 col-md-6  \">\n                    <img decoding=\"async\"\n              src=\"https:\/\/i0.wp.com\/backup.e-max.eu\/wp-content\/uploads\/2023\/04\/hands-test-mid-hor.jpg?fit=1024%2C496&#038;ssl=1\"\n              alt=\"Stockfoto waarop een tablet zichtbaar is die vastgehouden wordt door een persoon waarnaast er een persoon is die met een pen naar het scherm wijst.\"\n              title=\"hands-test-mid-hor\"\n              class=\"img-responsive\"\n              srcset=\"https:\/\/i0.wp.com\/backup.e-max.eu\/wp-content\/uploads\/2023\/04\/hands-test-mid-hor.jpg?fit=450%2C218&#038;ssl=1 480w,\n                      https:\/\/i0.wp.com\/backup.e-max.eu\/wp-content\/uploads\/2023\/04\/hands-test-mid-hor.jpg?fit=1024%2C496&#038;ssl=1 2048w\"\n              sizes=\"(max-width: 480px) 480px\"\n              width=\"470\"\n                          \/>\n              <\/div>\n    <\/div>\n  <\/div>\n<\/section>\n\n\n\n<section id=\"photo-info-overlay-block_793f2e583496428b80f8763ab63e3aa4\" class=\" col-12 photo-info-overlay  d-flex align-items-stretch top-defaultpadding bottom-defaultpadding\">\n  <div id=\"photo-info-overlay-block_793f2e583496428b80f8763ab63e3aa4-hook\" class=\"hook\"><\/div>  <style>\n          @media (min-width: 992px) {\n        #photo-info-overlay-block_793f2e583496428b80f8763ab63e3aa4 {\n          height: auto;\n          min-height: 420px;\n        }\n      }\n              @media (max-width: 991px) {\n        #photo-info-overlay-block_793f2e583496428b80f8763ab63e3aa4 {\n            height: auto;\n            min-height: 420px;\n        }\n      }\n              @media (min-width: 1199.99px) {\n        #photo-info-overlay-block_793f2e583496428b80f8763ab63e3aa4 .wrapper h1,\n        #photo-info-overlay-block_793f2e583496428b80f8763ab63e3aa4 .wrapper h2 {\n          font-size: 3.125rem;\n        }\n      }\n              @media (min-width: 575.99px) and (max-width: 1199.98px) {\n        #photo-info-overlay-block_793f2e583496428b80f8763ab63e3aa4 .wrapper h1,\n        #photo-info-overlay-block_793f2e583496428b80f8763ab63e3aa4 .wrapper h2 {\n          font-size: 2.1875rem;\n        }\n      }\n              @media (max-width: 575.98px) {\n        #photo-info-overlay-block_793f2e583496428b80f8763ab63e3aa4 .wrapper h1,\n        #photo-info-overlay-block_793f2e583496428b80f8763ab63e3aa4 .wrapper h2 {\n          font-size: 1.5625rem;\n        }\n      }\n              @media (min-width: 1199.99px) {\n        #photo-info-overlay-block_793f2e583496428b80f8763ab63e3aa4 .wrapper p,\n        #photo-info-overlay-block_793f2e583496428b80f8763ab63e3aa4 .wrapper p {\n          font-size: 1rem;\n        }\n      }\n              @media (min-width: 575.99px) and (max-width: 1199.98px) {\n        #photo-info-overlay-block_793f2e583496428b80f8763ab63e3aa4 .wrapper p,\n        #photo-info-overlay-block_793f2e583496428b80f8763ab63e3aa4 .wrapper p {\n          font-size: 1rem;\n        }\n      }\n              @media (max-width: 575.98px) {\n        #photo-info-overlay-block_793f2e583496428b80f8763ab63e3aa4 .wrapper p,\n        #photo-info-overlay-block_793f2e583496428b80f8763ab63e3aa4 .wrapper p {\n          font-size: 0.875rem;\n        }\n      }\n      <\/style>\n\n      <div class=\"background\" style=\"background-image: url(https:\/\/i0.wp.com\/backup.e-max.eu\/wp-content\/uploads\/2023\/04\/vrachtwagen_emax.jpg?fit=1600%2C823&#038;ssl=1)\"><\/div>\n      <div class=\"container d-flex flex-column justify-content-start\">\n    <div class=\"row d-flex flex-column align-items-end\">\n      <div class=\"col-12 col-lg-6\">\n        <div class=\"content \" >\n          <div class=\"color white\" style=\"opacity: calc(100\/100);\"><\/div>\n                    <div class=\"wrapper\">\n\n            \n            <div class=\"text\" style=\"color: var(--black)\">\n              <p><strong>Sicherheit, Gesundheit, Umwelt, Energie und Qualit\u00e4t<\/strong> liegen in der Verantwortung jedes Mitarbeiters von E-MAX und sind Voraussetzung f\u00fcr die Besch\u00e4ftigung. Es liegt in der Verantwortung der Gesch\u00e4ftsleitung, alle Mitarbeiter mit Informationen, F\u00e4higkeiten und Ressourcen auszustatten, die f\u00fcr einen st\u00f6rungsfreien, gesunden, energieeffizienten und qualit\u00e4tsgesicherten Arbeitsplatz, die Vermeidung von Umweltverschmutzung und den Schutz der Umwelt notwendig sind. Es liegt in der Verantwortung der Mitarbeiter, diese F\u00e4higkeiten und Ressourcen zu nutzen. E-MAX wird diese Werte \u00fcber Design- und Einkaufsprozesse bei allen seinen Auftragnehmern, Lieferanten und Kunden verfolgen.<\/p>\n\n            <\/div>\n\n                      <\/div>\n        <\/div>\n      <\/div>\n    <\/div>\n  <\/div>\n<\/section>\n\n\n\n<section id=\"intro-block_2ca79359ff1ebd77a8f2e5a9d03357b4\" class=\"col-12 white intro top-defaultpadding bottom-defaultpadding\">\n  <div id=\"intro-block_2ca79359ff1ebd77a8f2e5a9d03357b4-hook\" class=\"hook\"><\/div>      <style>\n      @media (max-width: 768px) {\n        #intro-block_2ca79359ff1ebd77a8f2e5a9d03357b4 .title * {\n          text-align: left!important;\n        }\n\n        #intro-block_2ca79359ff1ebd77a8f2e5a9d03357b4 .desc * {\n          text-align: left!important;\n        }\n      }\n    <\/style>\n    \n            \n    \n  <div class=\"container\">\n    <div class=\"row column-direction   \">\n      <div class=\"col-12 col-md-6 description  \">\n                                    <div class=\"title\" style=\"color: var(--black)\">\n                              <h2><span>DAS H\u00d6HERE ANSTREBEN<\/span>\n<\/h2>\n                            <\/div>\n                      \n                      <div class=\"desc\" style=\"color: var(--black)\">\n              <p>E-MAX kompromittiert diese Mandate nicht zu Gunsten des Profits oder der Produktion und h\u00e4lt sich an alle geltenden Gesetze und Vorschriften. Wir streben ein immer h\u00f6heres Qualit\u00e4tsniveau unserer Produkte und Prozesse, eine bessere Umweltsicherheit, eine h\u00f6here Energieeffizienz und eine bessere Leistung nach dem Prinzip der kontinuierlichen Verbesserung an.<\/p>\n<p>Als mittelst\u00e4ndisches Unternehmen ist E-MAX ein finanziell gesunder und robuster Akteur innerhalb der Vaessen Industries. Dadurch sind wir in der Lage, innerhalb unserer Gesch\u00e4ftsbereiche E-MAX <a href=\"https:\/\/backup.e-max.eu\/de\/produkte\/aluminiumprofile\/\">ALUMINIUMPROFILE<\/a> und E-MAX <a href=\"https:\/\/backup.e-max.eu\/de\/produkte\/bolzen\/\">BOLZEN<\/a> st\u00e4ndig in immer h\u00f6here Qualit\u00e4t zu investieren.<\/p>\n\n            <\/div>\n                          <\/div>\n      <div class=\"col-12 col-md-6  \">\n                    <img decoding=\"async\"\n              src=\"https:\/\/i0.wp.com\/backup.e-max.eu\/wp-content\/uploads\/2023\/04\/office-test-mid-hor.jpg?fit=1024%2C496&#038;ssl=1\"\n              alt=\"Voorzijde van de locatie in Gullegem. Metalen frame grote ramen met een productiehal aan de zijkant voorzien van een groot spandoek met het logo van EMAX erop.\"\n              title=\"office-test-mid-hor\"\n              class=\"img-responsive\"\n              srcset=\"https:\/\/i0.wp.com\/backup.e-max.eu\/wp-content\/uploads\/2023\/04\/office-test-mid-hor.jpg?fit=450%2C218&#038;ssl=1 480w,\n                      https:\/\/i0.wp.com\/backup.e-max.eu\/wp-content\/uploads\/2023\/04\/office-test-mid-hor.jpg?fit=1024%2C496&#038;ssl=1 2048w\"\n              sizes=\"(max-width: 480px) 480px\"\n              width=\"470\"\n                          \/>\n              <\/div>\n    <\/div>\n  <\/div>\n<\/section>\n","protected":false},"excerpt":{"rendered":"","protected":false},"author":1,"featured_media":0,"parent":0,"menu_order":0,"comment_status":"closed","ping_status":"closed","template":"","meta":{"_acf_changed":false,"footnotes":""},"class_list":["post-9538","page","type-page","status-publish","hentry"],"acf":[],"yoast_head":"<!-- This site is optimized with the Yoast SEO plugin v24.2 - https:\/\/yoast.com\/wordpress\/plugins\/seo\/ -->\n<title>Vision und Werte f\u00fcr eine bessere Aluminiumzukunft - E-MAX<\/title>\n<meta name=\"description\" content=\"E-MAX Vision: Innovation, Nachhaltigkeit und Qualit\u00e4t. Aluminiuml\u00f6sungen, die die Zukunft gestalten.\" \/>\n<meta name=\"robots\" content=\"noindex, follow, max-snippet:-1, max-image-preview:large, max-video-preview:-1\" \/>\n<meta property=\"og:locale\" content=\"de_DE\" \/>\n<meta property=\"og:type\" content=\"article\" \/>\n<meta property=\"og:title\" content=\"Vision und Werte f\u00fcr eine bessere Aluminiumzukunft - E-MAX\" \/>\n<meta property=\"og:description\" content=\"E-MAX Vision: Innovation, Nachhaltigkeit und Qualit\u00e4t. Aluminiuml\u00f6sungen, die die Zukunft gestalten.\" \/>\n<meta property=\"og:url\" content=\"https:\/\/backup.e-max.eu\/de\/vision-und-werte\/\" \/>\n<meta property=\"og:site_name\" content=\"E-MAX\" \/>\n<meta property=\"article:modified_time\" content=\"2025-01-10T14:35:59+00:00\" \/>\n<meta name=\"twitter:card\" content=\"summary_large_image\" \/>\n<script type=\"application\/ld+json\" class=\"yoast-schema-graph\">{\"@context\":\"https:\/\/schema.org\",\"@graph\":[{\"@type\":\"WebPage\",\"@id\":\"https:\/\/backup.e-max.eu\/de\/vision-und-werte\/\",\"url\":\"https:\/\/backup.e-max.eu\/de\/vision-und-werte\/\",\"name\":\"Vision und Werte f\u00fcr eine bessere Aluminiumzukunft - E-MAX\",\"isPartOf\":{\"@id\":\"https:\/\/backup.e-max.eu\/#website\"},\"datePublished\":\"2023-05-24T08:13:17+00:00\",\"dateModified\":\"2025-01-10T14:35:59+00:00\",\"description\":\"E-MAX Vision: Innovation, Nachhaltigkeit und Qualit\u00e4t. Aluminiuml\u00f6sungen, die die Zukunft gestalten.\",\"breadcrumb\":{\"@id\":\"https:\/\/backup.e-max.eu\/de\/vision-und-werte\/#breadcrumb\"},\"inLanguage\":\"de\",\"potentialAction\":[{\"@type\":\"ReadAction\",\"target\":[\"https:\/\/backup.e-max.eu\/de\/vision-und-werte\/\"]}]},{\"@type\":\"BreadcrumbList\",\"@id\":\"https:\/\/backup.e-max.eu\/de\/vision-und-werte\/#breadcrumb\",\"itemListElement\":[{\"@type\":\"ListItem\",\"position\":1,\"name\":\"Home\",\"item\":\"https:\/\/backup.e-max.eu\/de\/\"},{\"@type\":\"ListItem\",\"position\":2,\"name\":\"Vision und Werte\"}]},{\"@type\":\"WebSite\",\"@id\":\"https:\/\/backup.e-max.eu\/#website\",\"url\":\"https:\/\/backup.e-max.eu\/\",\"name\":\"E-MAX\",\"description\":\"Gerecycleerd aluminium met laagste carbon footprint\",\"publisher\":{\"@id\":\"https:\/\/backup.e-max.eu\/#organization\"},\"potentialAction\":[{\"@type\":\"SearchAction\",\"target\":{\"@type\":\"EntryPoint\",\"urlTemplate\":\"https:\/\/backup.e-max.eu\/?s={search_term_string}\"},\"query-input\":{\"@type\":\"PropertyValueSpecification\",\"valueRequired\":true,\"valueName\":\"search_term_string\"}}],\"inLanguage\":\"de\"},{\"@type\":\"Organization\",\"@id\":\"https:\/\/backup.e-max.eu\/#organization\",\"name\":\"E-MAX Aluminium N.V.\",\"url\":\"https:\/\/backup.e-max.eu\/\",\"logo\":{\"@type\":\"ImageObject\",\"inLanguage\":\"de\",\"@id\":\"https:\/\/backup.e-max.eu\/#\/schema\/logo\/image\/\",\"url\":\"https:\/\/i0.wp.com\/e-max.eu\/wp-content\/uploads\/2023\/04\/mb-EMAX-logo-Colour-Screen-RGB.png?fit=137%2C46&ssl=1\",\"contentUrl\":\"https:\/\/i0.wp.com\/e-max.eu\/wp-content\/uploads\/2023\/04\/mb-EMAX-logo-Colour-Screen-RGB.png?fit=137%2C46&ssl=1\",\"width\":137,\"height\":46,\"caption\":\"E-MAX Aluminium N.V.\"},\"image\":{\"@id\":\"https:\/\/backup.e-max.eu\/#\/schema\/logo\/image\/\"}}]}<\/script>\n<!-- \/ Yoast SEO plugin. -->","yoast_head_json":{"title":"Vision und Werte f\u00fcr eine bessere Aluminiumzukunft - E-MAX","description":"E-MAX Vision: Innovation, Nachhaltigkeit und Qualit\u00e4t. Aluminiuml\u00f6sungen, die die Zukunft gestalten.","robots":{"index":"noindex","follow":"follow","max-snippet":"max-snippet:-1","max-image-preview":"max-image-preview:large","max-video-preview":"max-video-preview:-1"},"og_locale":"de_DE","og_type":"article","og_title":"Vision und Werte f\u00fcr eine bessere Aluminiumzukunft - E-MAX","og_description":"E-MAX Vision: Innovation, Nachhaltigkeit und Qualit\u00e4t. Aluminiuml\u00f6sungen, die die Zukunft gestalten.","og_url":"https:\/\/backup.e-max.eu\/de\/vision-und-werte\/","og_site_name":"E-MAX","article_modified_time":"2025-01-10T14:35:59+00:00","twitter_card":"summary_large_image","schema":{"@context":"https:\/\/schema.org","@graph":[{"@type":"WebPage","@id":"https:\/\/backup.e-max.eu\/de\/vision-und-werte\/","url":"https:\/\/backup.e-max.eu\/de\/vision-und-werte\/","name":"Vision und Werte f\u00fcr eine bessere Aluminiumzukunft - E-MAX","isPartOf":{"@id":"https:\/\/backup.e-max.eu\/#website"},"datePublished":"2023-05-24T08:13:17+00:00","dateModified":"2025-01-10T14:35:59+00:00","description":"E-MAX Vision: Innovation, Nachhaltigkeit und Qualit\u00e4t. Aluminiuml\u00f6sungen, die die Zukunft gestalten.","breadcrumb":{"@id":"https:\/\/backup.e-max.eu\/de\/vision-und-werte\/#breadcrumb"},"inLanguage":"de","potentialAction":[{"@type":"ReadAction","target":["https:\/\/backup.e-max.eu\/de\/vision-und-werte\/"]}]},{"@type":"BreadcrumbList","@id":"https:\/\/backup.e-max.eu\/de\/vision-und-werte\/#breadcrumb","itemListElement":[{"@type":"ListItem","position":1,"name":"Home","item":"https:\/\/backup.e-max.eu\/de\/"},{"@type":"ListItem","position":2,"name":"Vision und Werte"}]},{"@type":"WebSite","@id":"https:\/\/backup.e-max.eu\/#website","url":"https:\/\/backup.e-max.eu\/","name":"E-MAX","description":"Gerecycleerd aluminium met laagste carbon footprint","publisher":{"@id":"https:\/\/backup.e-max.eu\/#organization"},"potentialAction":[{"@type":"SearchAction","target":{"@type":"EntryPoint","urlTemplate":"https:\/\/backup.e-max.eu\/?s={search_term_string}"},"query-input":{"@type":"PropertyValueSpecification","valueRequired":true,"valueName":"search_term_string"}}],"inLanguage":"de"},{"@type":"Organization","@id":"https:\/\/backup.e-max.eu\/#organization","name":"E-MAX Aluminium N.V.","url":"https:\/\/backup.e-max.eu\/","logo":{"@type":"ImageObject","inLanguage":"de","@id":"https:\/\/backup.e-max.eu\/#\/schema\/logo\/image\/","url":"https:\/\/i0.wp.com\/e-max.eu\/wp-content\/uploads\/2023\/04\/mb-EMAX-logo-Colour-Screen-RGB.png?fit=137%2C46&ssl=1","contentUrl":"https:\/\/i0.wp.com\/e-max.eu\/wp-content\/uploads\/2023\/04\/mb-EMAX-logo-Colour-Screen-RGB.png?fit=137%2C46&ssl=1","width":137,"height":46,"caption":"E-MAX Aluminium N.V."},"image":{"@id":"https:\/\/backup.e-max.eu\/#\/schema\/logo\/image\/"}}]}},"_links":{"self":[{"href":"https:\/\/backup.e-max.eu\/de\/wp-json\/wp\/v2\/pages\/9538","targetHints":{"allow":["GET"]}}],"collection":[{"href":"https:\/\/backup.e-max.eu\/de\/wp-json\/wp\/v2\/pages"}],"about":[{"href":"https:\/\/backup.e-max.eu\/de\/wp-json\/wp\/v2\/types\/page"}],"author":[{"embeddable":true,"href":"https:\/\/backup.e-max.eu\/de\/wp-json\/wp\/v2\/users\/1"}],"replies":[{"embeddable":true,"href":"https:\/\/backup.e-max.eu\/de\/wp-json\/wp\/v2\/comments?post=9538"}],"version-history":[{"count":4,"href":"https:\/\/backup.e-max.eu\/de\/wp-json\/wp\/v2\/pages\/9538\/revisions"}],"predecessor-version":[{"id":15104,"href":"https:\/\/backup.e-max.eu\/de\/wp-json\/wp\/v2\/pages\/9538\/revisions\/15104"}],"wp:attachment":[{"href":"https:\/\/backup.e-max.eu\/de\/wp-json\/wp\/v2\/media?parent=9538"}],"curies":[{"name":"wp","href":"https:\/\/api.w.org\/{rel}","templated":true}]}}