{"id":9505,"date":"2023-05-24T11:06:26","date_gmt":"2023-05-24T09:06:26","guid":{"rendered":"https:\/\/migrate.e-max.eu\/privacy-en-cookiebeleid\/"},"modified":"2025-01-10T15:40:13","modified_gmt":"2025-01-10T14:40:13","slug":"datenschutz-und-cookie-erklaerung","status":"publish","type":"page","link":"https:\/\/backup.e-max.eu\/de\/datenschutz-und-cookie-erklaerung\/","title":{"rendered":"Datenschutz- und Cookie-Erkl\u00e4rung"},"content":{"rendered":"\n<section id=\"photo-info-overlay-block_64426062e6de3\" class=\" col-12 photo-info-overlay  d-flex align-items-stretch top-defaultpadding bottom-defaultpadding\">\n  <div id=\"photo-info-overlay-block_64426062e6de3-hook\" class=\"hook\"><\/div>  <style>\n          @media (min-width: 992px) {\n        #photo-info-overlay-block_64426062e6de3 {\n          height: auto;\n          min-height: 320px;\n        }\n      }\n              @media (max-width: 991px) {\n        #photo-info-overlay-block_64426062e6de3 {\n            height: auto;\n            min-height: 120px;\n        }\n      }\n              @media (min-width: 1199.99px) {\n        #photo-info-overlay-block_64426062e6de3 .wrapper h1,\n        #photo-info-overlay-block_64426062e6de3 .wrapper h2 {\n          font-size: 3.125rem;\n        }\n      }\n              @media (min-width: 575.99px) and (max-width: 1199.98px) {\n        #photo-info-overlay-block_64426062e6de3 .wrapper h1,\n        #photo-info-overlay-block_64426062e6de3 .wrapper h2 {\n          font-size: 2.1875rem;\n        }\n      }\n              @media (max-width: 575.98px) {\n        #photo-info-overlay-block_64426062e6de3 .wrapper h1,\n        #photo-info-overlay-block_64426062e6de3 .wrapper h2 {\n          font-size: 1.5625rem;\n        }\n      }\n              @media (min-width: 1199.99px) {\n        #photo-info-overlay-block_64426062e6de3 .wrapper p,\n        #photo-info-overlay-block_64426062e6de3 .wrapper p {\n          font-size: 1rem;\n        }\n      }\n              @media (min-width: 575.99px) and (max-width: 1199.98px) {\n        #photo-info-overlay-block_64426062e6de3 .wrapper p,\n        #photo-info-overlay-block_64426062e6de3 .wrapper p {\n          font-size: 1rem;\n        }\n      }\n              @media (max-width: 575.98px) {\n        #photo-info-overlay-block_64426062e6de3 .wrapper p,\n        #photo-info-overlay-block_64426062e6de3 .wrapper p {\n          font-size: 0.875rem;\n        }\n      }\n      <\/style>\n\n      <div class=\"background\" style=\"background-image: url(https:\/\/i0.wp.com\/backup.e-max.eu\/wp-content\/uploads\/2023\/04\/header-scaled.jpg?fit=2048%2C415&#038;ssl=1)\"><\/div>\n      <div class=\"container d-flex flex-column justify-content-start\">\n    <div class=\"row d-flex flex-column align-items-start\">\n      <div class=\"col-12 col-lg-1\">\n        <div class=\"content \" >\n          <div class=\"color white\" style=\"opacity: calc(0\/100);\"><\/div>\n                    <div class=\"wrapper\">\n\n            \n            <div class=\"text\" style=\"color: var(--black)\">\n              \n            <\/div>\n\n                      <\/div>\n        <\/div>\n      <\/div>\n    <\/div>\n  <\/div>\n<\/section>\n\n\n\n<section id=\"intro-block_646dd2b4891cb\" class=\"col-12 white intro top-defaultpadding bottom-defaultpadding\">\n  <div id=\"intro-block_646dd2b4891cb-hook\" class=\"hook\"><\/div>    \n            \n    \n  <div class=\"container\">\n    <div class=\"row column-direction   \">\n      <div class=\"col-12 col-md-7 description  \">\n                                    <div class=\"title\" style=\"color: var(--black)\">\n                              <h1><span>DATENSCHUTZ- UND COOKIE-ERKL\u00c4RUNG<\/span>\n<\/h1>\n                            <\/div>\n                      \n                      <div class=\"desc\" style=\"color: var(--black)\">\n              <div id=\"block-emax-content\" class=\"block\">\n<article class=\"node node--type-product node--view-mode-full\" role=\"article\" data-history-node-id=\"55\">\n<div class=\"node__content\">\n<div class=\"clearfix text-formatted field__item\">\n<p>E-MAX ist Verarbeitungsverantwortlicher f\u00fcr die Verarbeitung aller personenbezogenen Daten, die auf dieser Website gesammelt werden. E-MAX respektiert Ihre Privatsph\u00e4re und h\u00e4lt sich an die Bestimmungen des niederl\u00e4ndischen Datenschutzgesetzes (Wet bescherming persoonsgegevens- Wbp). E-MAX sammelt oder verarbeitet \u00fcber die von E-MAX gesetzten funktionellen Cookies keine personenbezogenen Daten. E-MAX verarbeitet ausschlie\u00dflich personenbezogene Daten, die ein Benutzer E-MAX freiwillig durch Anmeldung f\u00fcr eine Dienstleistung, die auf der Website angeboten wird, auf der Website bereitstellt. Der wichtigste Zweck, zu dem E-MAX diese personenbezogenen Daten sammelt und verarbeitet, besteht darin, dem Benutzer alle Dienstleistungen der Website sowie Benutzerkomfort auf der Website anbieten zu k\u00f6nnen.<\/p>\n<p><b>Weiterleitung, Speicherung und Verarbeitung von Daten<\/b><\/p>\n<p>Die Weiterleitung, Speicherung und Verarbeitung von Daten, die von dieser Website gesammelt werden, sind durch geeignete, \u00fcbliche technische Ma\u00dfnahmen gesichert. E-MAX kann ihre personenbezogenen Daten an andere Unternehmen im selben Konzern weiterleiten. Ferner kann E-MAX Ihre personenbezogenen Daten an Dritte weiterleiten, die Ihre personenbezogenen Daten gem\u00e4\u00df den Anweisungen von E-MAX und unter der Verantwortung von E-MAX verarbeiten. E-MAX leitet Ihre personenbezogenen Daten nicht an sonstige Dritte weiter, es sei denn, E-MAX ist gesetzlich dazu verpflichtet.<\/p>\n<p><b>Einsichtnahme, Korrektur und L\u00f6schung<\/b><\/p>\n<p>Sie k\u00f6nnen E-MAX jederzeit um Einsicht in die personenbezogenen Daten bitten, die E-MAX von Ihnen gesammelt hat. Sie k\u00f6nnen E-MAX auch bitten, diese personenbezogenen Daten zu korrigieren oder zu l\u00f6schen. Wenn Sie Fragen zu den Angaben auf dieser Seite haben sollten, dann k\u00f6nnen Sie eine E-Mail an <a href=\"https:\/\/backup.e-max.eu\/nl\/over-ons\/info@e-max.be\">info@e-max.be<\/a> schicken.<\/p>\n<p>An dieser Datenschutzerkl\u00e4rung k\u00f6nnen jederzeit \u00c4nderungen vorgenommen werden. Solche \u00c4nderungen treten unmittelbar nach Ver\u00f6ffentlichung der ge\u00e4nderten Datenschutzerkl\u00e4rung in Kraft. Benutzern der Website wird empfohlen, die Datenschutzerkl\u00e4rung regelm\u00e4\u00dfig auf eventuelle \u00c4nderungen zu \u00fcberpr\u00fcfen.<\/p>\n<\/div>\n<\/div>\n<\/article>\n<\/div>\n<div id=\"block-cookiedeclaration\" class=\"block\">\n<p><strong>COOKIE ERKL\u00c4RUNG<\/strong><\/p>\n<\/div>\n\n            <\/div>\n                          <\/div>\n      <div class=\"col-12 col-md-5 d-none d-md-block \">\n                    <img decoding=\"async\"\n              src=\"https:\/\/i0.wp.com\/backup.e-max.eu\/wp-content\/uploads\/2023\/05\/E-Max-icon-Privacy-Policy-TRANSPARANT-600x600px.png?fit=600%2C600&#038;ssl=1\"\n              alt=\"Privacy policy schild icon\"\n              title=\"E-Max-icon-Privacy Policy-TRANSPARANT-600x600px\"\n              class=\"img-responsive\"\n              srcset=\"https:\/\/i0.wp.com\/backup.e-max.eu\/wp-content\/uploads\/2023\/05\/E-Max-icon-Privacy-Policy-TRANSPARANT-600x600px.png?fit=450%2C450&#038;ssl=1 480w,\n                      https:\/\/i0.wp.com\/backup.e-max.eu\/wp-content\/uploads\/2023\/05\/E-Max-icon-Privacy-Policy-TRANSPARANT-600x600px.png?fit=600%2C600&#038;ssl=1 2048w\"\n              sizes=\"(max-width: 480px) 480px\"\n              width=\"470\"\n                          \/>\n              <\/div>\n    <\/div>\n  <\/div>\n<\/section>\n","protected":false},"excerpt":{"rendered":"","protected":false},"author":1,"featured_media":0,"parent":0,"menu_order":0,"comment_status":"closed","ping_status":"open","template":"","meta":{"_acf_changed":false,"footnotes":""},"class_list":["post-9505","page","type-page","status-publish","hentry"],"acf":[],"yoast_head":"<!-- This site is optimized with the Yoast SEO plugin v24.2 - https:\/\/yoast.com\/wordpress\/plugins\/seo\/ -->\n<title>Datenschutz- und Cookie-Erkl\u00e4rung - E-MAX<\/title>\n<meta name=\"description\" content=\"Bitte lesen Sie unsere Datenschutz- und Urheberrechtsinformationen, bevor Sie unsere Website nutzen. Ehrlichkeit und Transparenz ist das, wof\u00fcr wir Stehen.\" \/>\n<meta name=\"robots\" content=\"noindex, follow, max-snippet:-1, max-image-preview:large, max-video-preview:-1\" \/>\n<meta property=\"og:locale\" content=\"de_DE\" \/>\n<meta property=\"og:type\" content=\"article\" \/>\n<meta property=\"og:title\" content=\"Datenschutz- und Cookie-Erkl\u00e4rung - E-MAX\" \/>\n<meta property=\"og:description\" content=\"Bitte lesen Sie unsere Datenschutz- und Urheberrechtsinformationen, bevor Sie unsere Website nutzen. Ehrlichkeit und Transparenz ist das, wof\u00fcr wir Stehen.\" \/>\n<meta property=\"og:url\" content=\"https:\/\/backup.e-max.eu\/de\/datenschutz-und-cookie-erklaerung\/\" \/>\n<meta property=\"og:site_name\" content=\"E-MAX\" \/>\n<meta property=\"article:modified_time\" content=\"2025-01-10T14:40:13+00:00\" \/>\n<meta name=\"twitter:card\" content=\"summary_large_image\" \/>\n<script type=\"application\/ld+json\" class=\"yoast-schema-graph\">{\"@context\":\"https:\/\/schema.org\",\"@graph\":[{\"@type\":\"WebPage\",\"@id\":\"https:\/\/backup.e-max.eu\/de\/datenschutz-und-cookie-erklaerung\/\",\"url\":\"https:\/\/backup.e-max.eu\/de\/datenschutz-und-cookie-erklaerung\/\",\"name\":\"Datenschutz- und Cookie-Erkl\u00e4rung - E-MAX\",\"isPartOf\":{\"@id\":\"https:\/\/backup.e-max.eu\/#website\"},\"datePublished\":\"2023-05-24T09:06:26+00:00\",\"dateModified\":\"2025-01-10T14:40:13+00:00\",\"description\":\"Bitte lesen Sie unsere Datenschutz- und Urheberrechtsinformationen, bevor Sie unsere Website nutzen. Ehrlichkeit und Transparenz ist das, wof\u00fcr wir Stehen.\",\"breadcrumb\":{\"@id\":\"https:\/\/backup.e-max.eu\/de\/datenschutz-und-cookie-erklaerung\/#breadcrumb\"},\"inLanguage\":\"de\",\"potentialAction\":[{\"@type\":\"ReadAction\",\"target\":[\"https:\/\/backup.e-max.eu\/de\/datenschutz-und-cookie-erklaerung\/\"]}]},{\"@type\":\"BreadcrumbList\",\"@id\":\"https:\/\/backup.e-max.eu\/de\/datenschutz-und-cookie-erklaerung\/#breadcrumb\",\"itemListElement\":[{\"@type\":\"ListItem\",\"position\":1,\"name\":\"Home\",\"item\":\"https:\/\/backup.e-max.eu\/de\/\"},{\"@type\":\"ListItem\",\"position\":2,\"name\":\"Datenschutz- und Cookie-Erkl\u00e4rung\"}]},{\"@type\":\"WebSite\",\"@id\":\"https:\/\/backup.e-max.eu\/#website\",\"url\":\"https:\/\/backup.e-max.eu\/\",\"name\":\"E-MAX\",\"description\":\"Gerecycleerd aluminium met laagste carbon footprint\",\"publisher\":{\"@id\":\"https:\/\/backup.e-max.eu\/#organization\"},\"potentialAction\":[{\"@type\":\"SearchAction\",\"target\":{\"@type\":\"EntryPoint\",\"urlTemplate\":\"https:\/\/backup.e-max.eu\/?s={search_term_string}\"},\"query-input\":{\"@type\":\"PropertyValueSpecification\",\"valueRequired\":true,\"valueName\":\"search_term_string\"}}],\"inLanguage\":\"de\"},{\"@type\":\"Organization\",\"@id\":\"https:\/\/backup.e-max.eu\/#organization\",\"name\":\"E-MAX Aluminium N.V.\",\"url\":\"https:\/\/backup.e-max.eu\/\",\"logo\":{\"@type\":\"ImageObject\",\"inLanguage\":\"de\",\"@id\":\"https:\/\/backup.e-max.eu\/#\/schema\/logo\/image\/\",\"url\":\"https:\/\/i0.wp.com\/e-max.eu\/wp-content\/uploads\/2023\/04\/mb-EMAX-logo-Colour-Screen-RGB.png?fit=137%2C46&ssl=1\",\"contentUrl\":\"https:\/\/i0.wp.com\/e-max.eu\/wp-content\/uploads\/2023\/04\/mb-EMAX-logo-Colour-Screen-RGB.png?fit=137%2C46&ssl=1\",\"width\":137,\"height\":46,\"caption\":\"E-MAX Aluminium N.V.\"},\"image\":{\"@id\":\"https:\/\/backup.e-max.eu\/#\/schema\/logo\/image\/\"}}]}<\/script>\n<!-- \/ Yoast SEO plugin. -->","yoast_head_json":{"title":"Datenschutz- und Cookie-Erkl\u00e4rung - E-MAX","description":"Bitte lesen Sie unsere Datenschutz- und Urheberrechtsinformationen, bevor Sie unsere Website nutzen. Ehrlichkeit und Transparenz ist das, wof\u00fcr wir Stehen.","robots":{"index":"noindex","follow":"follow","max-snippet":"max-snippet:-1","max-image-preview":"max-image-preview:large","max-video-preview":"max-video-preview:-1"},"og_locale":"de_DE","og_type":"article","og_title":"Datenschutz- und Cookie-Erkl\u00e4rung - E-MAX","og_description":"Bitte lesen Sie unsere Datenschutz- und Urheberrechtsinformationen, bevor Sie unsere Website nutzen. Ehrlichkeit und Transparenz ist das, wof\u00fcr wir Stehen.","og_url":"https:\/\/backup.e-max.eu\/de\/datenschutz-und-cookie-erklaerung\/","og_site_name":"E-MAX","article_modified_time":"2025-01-10T14:40:13+00:00","twitter_card":"summary_large_image","schema":{"@context":"https:\/\/schema.org","@graph":[{"@type":"WebPage","@id":"https:\/\/backup.e-max.eu\/de\/datenschutz-und-cookie-erklaerung\/","url":"https:\/\/backup.e-max.eu\/de\/datenschutz-und-cookie-erklaerung\/","name":"Datenschutz- und Cookie-Erkl\u00e4rung - E-MAX","isPartOf":{"@id":"https:\/\/backup.e-max.eu\/#website"},"datePublished":"2023-05-24T09:06:26+00:00","dateModified":"2025-01-10T14:40:13+00:00","description":"Bitte lesen Sie unsere Datenschutz- und Urheberrechtsinformationen, bevor Sie unsere Website nutzen. Ehrlichkeit und Transparenz ist das, wof\u00fcr wir Stehen.","breadcrumb":{"@id":"https:\/\/backup.e-max.eu\/de\/datenschutz-und-cookie-erklaerung\/#breadcrumb"},"inLanguage":"de","potentialAction":[{"@type":"ReadAction","target":["https:\/\/backup.e-max.eu\/de\/datenschutz-und-cookie-erklaerung\/"]}]},{"@type":"BreadcrumbList","@id":"https:\/\/backup.e-max.eu\/de\/datenschutz-und-cookie-erklaerung\/#breadcrumb","itemListElement":[{"@type":"ListItem","position":1,"name":"Home","item":"https:\/\/backup.e-max.eu\/de\/"},{"@type":"ListItem","position":2,"name":"Datenschutz- und Cookie-Erkl\u00e4rung"}]},{"@type":"WebSite","@id":"https:\/\/backup.e-max.eu\/#website","url":"https:\/\/backup.e-max.eu\/","name":"E-MAX","description":"Gerecycleerd aluminium met laagste carbon footprint","publisher":{"@id":"https:\/\/backup.e-max.eu\/#organization"},"potentialAction":[{"@type":"SearchAction","target":{"@type":"EntryPoint","urlTemplate":"https:\/\/backup.e-max.eu\/?s={search_term_string}"},"query-input":{"@type":"PropertyValueSpecification","valueRequired":true,"valueName":"search_term_string"}}],"inLanguage":"de"},{"@type":"Organization","@id":"https:\/\/backup.e-max.eu\/#organization","name":"E-MAX Aluminium N.V.","url":"https:\/\/backup.e-max.eu\/","logo":{"@type":"ImageObject","inLanguage":"de","@id":"https:\/\/backup.e-max.eu\/#\/schema\/logo\/image\/","url":"https:\/\/i0.wp.com\/e-max.eu\/wp-content\/uploads\/2023\/04\/mb-EMAX-logo-Colour-Screen-RGB.png?fit=137%2C46&ssl=1","contentUrl":"https:\/\/i0.wp.com\/e-max.eu\/wp-content\/uploads\/2023\/04\/mb-EMAX-logo-Colour-Screen-RGB.png?fit=137%2C46&ssl=1","width":137,"height":46,"caption":"E-MAX Aluminium N.V."},"image":{"@id":"https:\/\/backup.e-max.eu\/#\/schema\/logo\/image\/"}}]}},"_links":{"self":[{"href":"https:\/\/backup.e-max.eu\/de\/wp-json\/wp\/v2\/pages\/9505","targetHints":{"allow":["GET"]}}],"collection":[{"href":"https:\/\/backup.e-max.eu\/de\/wp-json\/wp\/v2\/pages"}],"about":[{"href":"https:\/\/backup.e-max.eu\/de\/wp-json\/wp\/v2\/types\/page"}],"author":[{"embeddable":true,"href":"https:\/\/backup.e-max.eu\/de\/wp-json\/wp\/v2\/users\/1"}],"replies":[{"embeddable":true,"href":"https:\/\/backup.e-max.eu\/de\/wp-json\/wp\/v2\/comments?post=9505"}],"version-history":[{"count":2,"href":"https:\/\/backup.e-max.eu\/de\/wp-json\/wp\/v2\/pages\/9505\/revisions"}],"predecessor-version":[{"id":15125,"href":"https:\/\/backup.e-max.eu\/de\/wp-json\/wp\/v2\/pages\/9505\/revisions\/15125"}],"wp:attachment":[{"href":"https:\/\/backup.e-max.eu\/de\/wp-json\/wp\/v2\/media?parent=9505"}],"curies":[{"name":"wp","href":"https:\/\/api.w.org\/{rel}","templated":true}]}}