{"id":9410,"date":"2023-05-24T08:05:39","date_gmt":"2023-05-24T06:05:39","guid":{"rendered":"https:\/\/migrate.e-max.eu\/kwaliteit-en-veiligheid\/"},"modified":"2025-01-10T15:37:21","modified_gmt":"2025-01-10T14:37:21","slug":"qualitaet-und-sicherheit","status":"publish","type":"page","link":"https:\/\/backup.e-max.eu\/de\/qualitaet-und-sicherheit\/","title":{"rendered":"Qualit\u00e4t und Sicherheit"},"content":{"rendered":"\n<section id=\"photo-info-overlay-block_d4be04a72af71952d1dc4f924c291d74\" class=\" col-12 photo-info-overlay  d-flex align-items-stretch top-defaultpadding bottom-defaultpadding\">\n  <div id=\"photo-info-overlay-block_d4be04a72af71952d1dc4f924c291d74-hook\" class=\"hook\"><\/div>  <style>\n          @media (min-width: 992px) {\n        #photo-info-overlay-block_d4be04a72af71952d1dc4f924c291d74 {\n          height: auto;\n          min-height: 320px;\n        }\n      }\n              @media (max-width: 991px) {\n        #photo-info-overlay-block_d4be04a72af71952d1dc4f924c291d74 {\n            height: auto;\n            min-height: 120px;\n        }\n      }\n              @media (min-width: 1199.99px) {\n        #photo-info-overlay-block_d4be04a72af71952d1dc4f924c291d74 .wrapper h1,\n        #photo-info-overlay-block_d4be04a72af71952d1dc4f924c291d74 .wrapper h2 {\n          font-size: 3.125rem;\n        }\n      }\n              @media (min-width: 575.99px) and (max-width: 1199.98px) {\n        #photo-info-overlay-block_d4be04a72af71952d1dc4f924c291d74 .wrapper h1,\n        #photo-info-overlay-block_d4be04a72af71952d1dc4f924c291d74 .wrapper h2 {\n          font-size: 2.1875rem;\n        }\n      }\n              @media (max-width: 575.98px) {\n        #photo-info-overlay-block_d4be04a72af71952d1dc4f924c291d74 .wrapper h1,\n        #photo-info-overlay-block_d4be04a72af71952d1dc4f924c291d74 .wrapper h2 {\n          font-size: 1.5625rem;\n        }\n      }\n              @media (min-width: 1199.99px) {\n        #photo-info-overlay-block_d4be04a72af71952d1dc4f924c291d74 .wrapper p,\n        #photo-info-overlay-block_d4be04a72af71952d1dc4f924c291d74 .wrapper p {\n          font-size: 1rem;\n        }\n      }\n              @media (min-width: 575.99px) and (max-width: 1199.98px) {\n        #photo-info-overlay-block_d4be04a72af71952d1dc4f924c291d74 .wrapper p,\n        #photo-info-overlay-block_d4be04a72af71952d1dc4f924c291d74 .wrapper p {\n          font-size: 1rem;\n        }\n      }\n              @media (max-width: 575.98px) {\n        #photo-info-overlay-block_d4be04a72af71952d1dc4f924c291d74 .wrapper p,\n        #photo-info-overlay-block_d4be04a72af71952d1dc4f924c291d74 .wrapper p {\n          font-size: 0.875rem;\n        }\n      }\n      <\/style>\n\n      <div class=\"background\" style=\"background-image: url(https:\/\/i0.wp.com\/backup.e-max.eu\/wp-content\/uploads\/2023\/04\/header-scaled.jpg?fit=2048%2C415&#038;ssl=1)\"><\/div>\n      <div class=\"container d-flex flex-column justify-content-start\">\n    <div class=\"row d-flex flex-column align-items-start\">\n      <div class=\"col-12 col-lg-1\">\n        <div class=\"content \" >\n          <div class=\"color white\" style=\"opacity: calc(0\/100);\"><\/div>\n                    <div class=\"wrapper\">\n\n            \n            <div class=\"text\" style=\"color: var(--black)\">\n              \n            <\/div>\n\n                      <\/div>\n        <\/div>\n      <\/div>\n    <\/div>\n  <\/div>\n<\/section>\n\n\n\n<section id=\"intro-block_fc5f588f86815380c26e0726863c2302\" class=\"col-12 white intro top-defaultpadding bottom-defaultpadding\">\n  <div id=\"intro-block_fc5f588f86815380c26e0726863c2302-hook\" class=\"hook\"><\/div>      <style>\n      @media (max-width: 768px) {\n        #intro-block_fc5f588f86815380c26e0726863c2302 .title * {\n          text-align: left!important;\n        }\n\n        #intro-block_fc5f588f86815380c26e0726863c2302 .desc * {\n          text-align: left!important;\n        }\n      }\n    <\/style>\n    \n            \n    \n  <div class=\"container\">\n    <div class=\"row column-direction   \">\n      <div class=\"col-12 col-md-6 description  \">\n                                    <div class=\"title\" style=\"color: var(--black)\">\n                              <h1><span>QUALIT\u00c4T UND SICHERHEIT<\/span>\n<\/h1>\n                            <\/div>\n                      \n                      <div class=\"desc\" style=\"color: var(--black)\">\n              <p>Qualit\u00e4t und Sicherheit sind zwei wichtige Aspekte f\u00fcr unseren Arbeitsalltag. Wir sorgen umfassend daf\u00fcr, dass unsere Profile und Bolzen exakt gem\u00e4\u00df den vorgegebenen Ma\u00dfen hergestellt werden und dass unser Unternehmen im Einklang mit den vereinbarten Qualit\u00e4ts- und Sicherheitsnormen arbeitet.<\/p>\n<p><strong>EINZIGARTIGS MESSSYSTEM<br \/>\n<\/strong>An allen unseren Extrusionsstandorten verwenden wir ein einzigartiges Messverfahren, mit dem wir die Ma\u00dfe der Profile w\u00e4hrend der Produktion st\u00e4ndig kontrollieren k\u00f6nnen. Und zwar nutzen wir PROMEX, ein Inline Dimension Control System von Ascona. Mit diesem System k\u00f6nnen wir in verschiedenen Phasen des Extrusionsprozesses \u00fcberpr\u00fcfen, ob die Ma\u00dfe des Profils zu 100 % den W\u00fcnschen unseres Kunden entsprechen. S\u00e4mtliche extrudierten Profile werden mit dem System von Ascona gepr\u00fcft. Der ersten Lieferung Ihrer Profile k\u00f6nnen wir einen Messbericht beilegen. Au\u00dferdem k\u00f6nnen Sie ein 3.1-Zertifikat anfordern, mit dem die mechanischen und chemischen Eigenschaften der Profile best\u00e4tigt werden.<\/p>\n\n            <\/div>\n                          <\/div>\n      <div class=\"col-12 col-md-6  \">\n                    <img decoding=\"async\"\n              src=\"https:\/\/i0.wp.com\/backup.e-max.eu\/wp-content\/uploads\/2023\/05\/kwaliteit2.jpg?fit=600%2C600&#038;ssl=1\"\n              alt=\"Werknemer die een controle uitvoert voor een profiel mal\"\n              title=\"kwaliteit2\"\n              class=\"img-responsive\"\n              srcset=\"https:\/\/i0.wp.com\/backup.e-max.eu\/wp-content\/uploads\/2023\/05\/kwaliteit2.jpg?fit=450%2C450&#038;ssl=1 480w,\n                      https:\/\/i0.wp.com\/backup.e-max.eu\/wp-content\/uploads\/2023\/05\/kwaliteit2.jpg?fit=600%2C600&#038;ssl=1 2048w\"\n              sizes=\"(max-width: 480px) 480px\"\n              width=\"470\"\n                          \/>\n              <\/div>\n    <\/div>\n  <\/div>\n<\/section>\n\n\n\n<section id=\"intro-block_b3528fd7ba458d2db4ec6ab87ac4bad9\" class=\"col-12 white intro top-space-md bottom-space-md\">\n  <div id=\"intro-block_b3528fd7ba458d2db4ec6ab87ac4bad9-hook\" class=\"hook\"><\/div>      <style>\n      @media (max-width: 768px) {\n        #intro-block_b3528fd7ba458d2db4ec6ab87ac4bad9 .title * {\n          text-align: left!important;\n        }\n\n        #intro-block_b3528fd7ba458d2db4ec6ab87ac4bad9 .desc * {\n          text-align: left!important;\n        }\n      }\n    <\/style>\n    \n            \n    \n  <div class=\"container\">\n    <div class=\"row column-direction reverse reverse-mobile \">\n      <div class=\"col-12 col-md-6 description  \">\n                                    <div class=\"title\" style=\"color: var(--black)\">\n                              <h2><span>3D SCANNER<\/span>\n<\/h2>\n                            <\/div>\n                      \n                      <div class=\"desc\" style=\"color: var(--black)\">\n              <p>Die von E-MAX verwendeten Matrizen erf\u00fcllen die h\u00f6chsten Qualit\u00e4tsanspr\u00fcche. S\u00e4mtliche Matrizen werden im 3D-Scanner auf Abweichungen \u00fcberpr\u00fcft. Matrizen, die von einem externen Zulieferer angeliefert werden, \u00fcberpr\u00fcfen wir immer erst selbst, damit Sie sich t\u00e4glich auf die beste Qualit\u00e4t verlassen k\u00f6nnen. Wir nutzen den 3D-Scanner auch f\u00fcr Reverse Engineering, um eine bestehende Matrize zu scannen und in eine CAD-Datei umzuwandeln. Wenn die Matrize abgenutzt ist, liegt die n\u00e4chste Matrize direkt bereit.<\/p>\n\n            <\/div>\n                          <\/div>\n      <div class=\"col-12 col-md-6  \">\n                    <img decoding=\"async\"\n              src=\"https:\/\/i0.wp.com\/backup.e-max.eu\/wp-content\/uploads\/2023\/05\/kwaliteit-4.jpg?fit=888%2C498&#038;ssl=1\"\n              alt=\"Werknemer die een controle uitvoerd voor een profiel\"\n              title=\"kwaliteit-4\"\n              class=\"img-responsive\"\n              srcset=\"https:\/\/i0.wp.com\/backup.e-max.eu\/wp-content\/uploads\/2023\/05\/kwaliteit-4.jpg?fit=450%2C252&#038;ssl=1 480w,\n                      https:\/\/i0.wp.com\/backup.e-max.eu\/wp-content\/uploads\/2023\/05\/kwaliteit-4.jpg?fit=888%2C498&#038;ssl=1 2048w\"\n              sizes=\"(max-width: 480px) 480px\"\n              width=\"470\"\n                          \/>\n              <\/div>\n    <\/div>\n  <\/div>\n<\/section>\n\n\n\n<section id=\"intro-block_5eceb7e119b5808f78f0287141f6f258\" class=\"col-12 white intro top-defaultpadding bottom-defaultpadding\">\n  <div id=\"intro-block_5eceb7e119b5808f78f0287141f6f258-hook\" class=\"hook\"><\/div>      <style>\n      @media (max-width: 768px) {\n        #intro-block_5eceb7e119b5808f78f0287141f6f258 .title * {\n          text-align: left!important;\n        }\n\n        #intro-block_5eceb7e119b5808f78f0287141f6f258 .desc * {\n          text-align: left!important;\n        }\n      }\n    <\/style>\n    \n            \n    \n  <div class=\"container\">\n    <div class=\"row column-direction   \">\n      <div class=\"col-12 col-md-6 description  \">\n                                    <div class=\"title\" style=\"color: var(--black)\">\n                              <h2><span>ZERTIFIZIERTE LEISTUNGEN, GARANTIERTE QUALIT\u00c4T<\/span>\n<\/h2>\n                            <\/div>\n                      \n                      <div class=\"desc\" style=\"color: var(--black)\">\n              <p>Unsere Zertifikate sind der ultimative Beweis f\u00fcr unser st\u00e4ndiges Streben nach optimaler Qualit\u00e4t. Das gilt nicht nur f\u00fcr den Herstellungsprozess, sondern auch f\u00fcr die abschlie\u00dfende Lieferung.<\/p>\n<p>Wir besitzen folgende Zertifikate:<\/p>\n<ul>\n<li><strong>ISO 9001 : 2015<\/strong><\/li>\n<li><strong>ISO 14001:2015<\/strong><\/li>\n<li><strong>ISO 14064-1<\/strong><\/li>\n<li><strong>ISO 50001:2018<\/strong><\/li>\n<li><strong>CE 15088:2005<\/strong><\/li>\n<li><strong>REACH<\/strong><\/li>\n<li><strong>ALUECO<\/strong><\/li>\n<li><strong>EN-15088<\/strong><\/li>\n<\/ul>\n\n            <\/div>\n                                <div class=\"buttons justify-content-start\">\n                              \n  \n  <a\n    href=\"\/de\/download\/zertifikate\/\"     class=\"button primary-button\n                        \"\n    style=' \n            color: var(--white);      border-radius: 4px;      font-weight: 600;      font-family: Barlow;      '\n    title=\"ZERTIFIKATE ANSEHEN\" id=\"intro-block_5eceb7e119b5808f78f0287141f6f258-cta-1\"\n    >\n        <div class=\"text\">\n      ZERTIFIKATE ANSEHEN\n    <\/div>\n  <\/a>\n                          <\/div>\n                <\/div>\n      <div class=\"col-12 col-md-6 d-none d-md-block \">\n                    <img decoding=\"async\"\n              src=\"https:\/\/i0.wp.com\/backup.e-max.eu\/wp-content\/uploads\/2023\/05\/55_0-zwart.jpg?fit=1024%2C682&#038;ssl=1\"\n              alt=\"Zwart-wit foto van de opslagruimte met diverse aluminium profielen die door een werknemer verplaatst worden\"\n              title=\"55_0-zwart\"\n              class=\"img-responsive\"\n              srcset=\"https:\/\/i0.wp.com\/backup.e-max.eu\/wp-content\/uploads\/2023\/05\/55_0-zwart.jpg?fit=450%2C300&#038;ssl=1 480w,\n                      https:\/\/i0.wp.com\/backup.e-max.eu\/wp-content\/uploads\/2023\/05\/55_0-zwart.jpg?fit=1024%2C682&#038;ssl=1 2048w\"\n              sizes=\"(max-width: 480px) 480px\"\n              width=\"470\"\n                          \/>\n              <\/div>\n    <\/div>\n  <\/div>\n<\/section>\n","protected":false},"excerpt":{"rendered":"","protected":false},"author":1,"featured_media":0,"parent":0,"menu_order":0,"comment_status":"closed","ping_status":"closed","template":"","meta":{"_acf_changed":false,"footnotes":""},"class_list":["post-9410","page","type-page","status-publish","hentry"],"acf":[],"yoast_head":"<!-- This site is optimized with the Yoast SEO plugin v24.2 - https:\/\/yoast.com\/wordpress\/plugins\/seo\/ -->\n<title>Qualit\u00e4t und Sicherheit - E-MAX<\/title>\n<meta name=\"description\" content=\"Qualit\u00e4t und Sicherheit stehen bei E-MAX an erster Stelle. Entdecken Sie unsere hohen Standards f\u00fcr Aluminiuml\u00f6sungen.\" \/>\n<meta name=\"robots\" content=\"noindex, follow, max-snippet:-1, max-image-preview:large, max-video-preview:-1\" \/>\n<meta property=\"og:locale\" content=\"de_DE\" \/>\n<meta property=\"og:type\" content=\"article\" \/>\n<meta property=\"og:title\" content=\"Qualit\u00e4t und Sicherheit - E-MAX\" \/>\n<meta property=\"og:description\" content=\"Qualit\u00e4t und Sicherheit stehen bei E-MAX an erster Stelle. Entdecken Sie unsere hohen Standards f\u00fcr Aluminiuml\u00f6sungen.\" \/>\n<meta property=\"og:url\" content=\"https:\/\/backup.e-max.eu\/de\/qualitaet-und-sicherheit\/\" \/>\n<meta property=\"og:site_name\" content=\"E-MAX\" \/>\n<meta property=\"article:modified_time\" content=\"2025-01-10T14:37:21+00:00\" \/>\n<meta name=\"twitter:card\" content=\"summary_large_image\" \/>\n<script type=\"application\/ld+json\" class=\"yoast-schema-graph\">{\"@context\":\"https:\/\/schema.org\",\"@graph\":[{\"@type\":\"WebPage\",\"@id\":\"https:\/\/backup.e-max.eu\/de\/qualitaet-und-sicherheit\/\",\"url\":\"https:\/\/backup.e-max.eu\/de\/qualitaet-und-sicherheit\/\",\"name\":\"Qualit\u00e4t und Sicherheit - E-MAX\",\"isPartOf\":{\"@id\":\"https:\/\/backup.e-max.eu\/#website\"},\"datePublished\":\"2023-05-24T06:05:39+00:00\",\"dateModified\":\"2025-01-10T14:37:21+00:00\",\"description\":\"Qualit\u00e4t und Sicherheit stehen bei E-MAX an erster Stelle. Entdecken Sie unsere hohen Standards f\u00fcr Aluminiuml\u00f6sungen.\",\"breadcrumb\":{\"@id\":\"https:\/\/backup.e-max.eu\/de\/qualitaet-und-sicherheit\/#breadcrumb\"},\"inLanguage\":\"de\",\"potentialAction\":[{\"@type\":\"ReadAction\",\"target\":[\"https:\/\/backup.e-max.eu\/de\/qualitaet-und-sicherheit\/\"]}]},{\"@type\":\"BreadcrumbList\",\"@id\":\"https:\/\/backup.e-max.eu\/de\/qualitaet-und-sicherheit\/#breadcrumb\",\"itemListElement\":[{\"@type\":\"ListItem\",\"position\":1,\"name\":\"Home\",\"item\":\"https:\/\/backup.e-max.eu\/de\/\"},{\"@type\":\"ListItem\",\"position\":2,\"name\":\"Qualit\u00e4t und Sicherheit\"}]},{\"@type\":\"WebSite\",\"@id\":\"https:\/\/backup.e-max.eu\/#website\",\"url\":\"https:\/\/backup.e-max.eu\/\",\"name\":\"E-MAX\",\"description\":\"Gerecycleerd aluminium met laagste carbon footprint\",\"publisher\":{\"@id\":\"https:\/\/backup.e-max.eu\/#organization\"},\"potentialAction\":[{\"@type\":\"SearchAction\",\"target\":{\"@type\":\"EntryPoint\",\"urlTemplate\":\"https:\/\/backup.e-max.eu\/?s={search_term_string}\"},\"query-input\":{\"@type\":\"PropertyValueSpecification\",\"valueRequired\":true,\"valueName\":\"search_term_string\"}}],\"inLanguage\":\"de\"},{\"@type\":\"Organization\",\"@id\":\"https:\/\/backup.e-max.eu\/#organization\",\"name\":\"E-MAX Aluminium N.V.\",\"url\":\"https:\/\/backup.e-max.eu\/\",\"logo\":{\"@type\":\"ImageObject\",\"inLanguage\":\"de\",\"@id\":\"https:\/\/backup.e-max.eu\/#\/schema\/logo\/image\/\",\"url\":\"https:\/\/i0.wp.com\/e-max.eu\/wp-content\/uploads\/2023\/04\/mb-EMAX-logo-Colour-Screen-RGB.png?fit=137%2C46&ssl=1\",\"contentUrl\":\"https:\/\/i0.wp.com\/e-max.eu\/wp-content\/uploads\/2023\/04\/mb-EMAX-logo-Colour-Screen-RGB.png?fit=137%2C46&ssl=1\",\"width\":137,\"height\":46,\"caption\":\"E-MAX Aluminium N.V.\"},\"image\":{\"@id\":\"https:\/\/backup.e-max.eu\/#\/schema\/logo\/image\/\"}}]}<\/script>\n<!-- \/ Yoast SEO plugin. -->","yoast_head_json":{"title":"Qualit\u00e4t und Sicherheit - E-MAX","description":"Qualit\u00e4t und Sicherheit stehen bei E-MAX an erster Stelle. Entdecken Sie unsere hohen Standards f\u00fcr Aluminiuml\u00f6sungen.","robots":{"index":"noindex","follow":"follow","max-snippet":"max-snippet:-1","max-image-preview":"max-image-preview:large","max-video-preview":"max-video-preview:-1"},"og_locale":"de_DE","og_type":"article","og_title":"Qualit\u00e4t und Sicherheit - E-MAX","og_description":"Qualit\u00e4t und Sicherheit stehen bei E-MAX an erster Stelle. Entdecken Sie unsere hohen Standards f\u00fcr Aluminiuml\u00f6sungen.","og_url":"https:\/\/backup.e-max.eu\/de\/qualitaet-und-sicherheit\/","og_site_name":"E-MAX","article_modified_time":"2025-01-10T14:37:21+00:00","twitter_card":"summary_large_image","schema":{"@context":"https:\/\/schema.org","@graph":[{"@type":"WebPage","@id":"https:\/\/backup.e-max.eu\/de\/qualitaet-und-sicherheit\/","url":"https:\/\/backup.e-max.eu\/de\/qualitaet-und-sicherheit\/","name":"Qualit\u00e4t und Sicherheit - E-MAX","isPartOf":{"@id":"https:\/\/backup.e-max.eu\/#website"},"datePublished":"2023-05-24T06:05:39+00:00","dateModified":"2025-01-10T14:37:21+00:00","description":"Qualit\u00e4t und Sicherheit stehen bei E-MAX an erster Stelle. Entdecken Sie unsere hohen Standards f\u00fcr Aluminiuml\u00f6sungen.","breadcrumb":{"@id":"https:\/\/backup.e-max.eu\/de\/qualitaet-und-sicherheit\/#breadcrumb"},"inLanguage":"de","potentialAction":[{"@type":"ReadAction","target":["https:\/\/backup.e-max.eu\/de\/qualitaet-und-sicherheit\/"]}]},{"@type":"BreadcrumbList","@id":"https:\/\/backup.e-max.eu\/de\/qualitaet-und-sicherheit\/#breadcrumb","itemListElement":[{"@type":"ListItem","position":1,"name":"Home","item":"https:\/\/backup.e-max.eu\/de\/"},{"@type":"ListItem","position":2,"name":"Qualit\u00e4t und Sicherheit"}]},{"@type":"WebSite","@id":"https:\/\/backup.e-max.eu\/#website","url":"https:\/\/backup.e-max.eu\/","name":"E-MAX","description":"Gerecycleerd aluminium met laagste carbon footprint","publisher":{"@id":"https:\/\/backup.e-max.eu\/#organization"},"potentialAction":[{"@type":"SearchAction","target":{"@type":"EntryPoint","urlTemplate":"https:\/\/backup.e-max.eu\/?s={search_term_string}"},"query-input":{"@type":"PropertyValueSpecification","valueRequired":true,"valueName":"search_term_string"}}],"inLanguage":"de"},{"@type":"Organization","@id":"https:\/\/backup.e-max.eu\/#organization","name":"E-MAX Aluminium N.V.","url":"https:\/\/backup.e-max.eu\/","logo":{"@type":"ImageObject","inLanguage":"de","@id":"https:\/\/backup.e-max.eu\/#\/schema\/logo\/image\/","url":"https:\/\/i0.wp.com\/e-max.eu\/wp-content\/uploads\/2023\/04\/mb-EMAX-logo-Colour-Screen-RGB.png?fit=137%2C46&ssl=1","contentUrl":"https:\/\/i0.wp.com\/e-max.eu\/wp-content\/uploads\/2023\/04\/mb-EMAX-logo-Colour-Screen-RGB.png?fit=137%2C46&ssl=1","width":137,"height":46,"caption":"E-MAX Aluminium N.V."},"image":{"@id":"https:\/\/backup.e-max.eu\/#\/schema\/logo\/image\/"}}]}},"_links":{"self":[{"href":"https:\/\/backup.e-max.eu\/de\/wp-json\/wp\/v2\/pages\/9410","targetHints":{"allow":["GET"]}}],"collection":[{"href":"https:\/\/backup.e-max.eu\/de\/wp-json\/wp\/v2\/pages"}],"about":[{"href":"https:\/\/backup.e-max.eu\/de\/wp-json\/wp\/v2\/types\/page"}],"author":[{"embeddable":true,"href":"https:\/\/backup.e-max.eu\/de\/wp-json\/wp\/v2\/users\/1"}],"replies":[{"embeddable":true,"href":"https:\/\/backup.e-max.eu\/de\/wp-json\/wp\/v2\/comments?post=9410"}],"version-history":[{"count":4,"href":"https:\/\/backup.e-max.eu\/de\/wp-json\/wp\/v2\/pages\/9410\/revisions"}],"predecessor-version":[{"id":15111,"href":"https:\/\/backup.e-max.eu\/de\/wp-json\/wp\/v2\/pages\/9410\/revisions\/15111"}],"wp:attachment":[{"href":"https:\/\/backup.e-max.eu\/de\/wp-json\/wp\/v2\/media?parent=9410"}],"curies":[{"name":"wp","href":"https:\/\/api.w.org\/{rel}","templated":true}]}}