{"id":9406,"date":"2023-05-24T10:23:29","date_gmt":"2023-05-24T08:23:29","guid":{"rendered":"https:\/\/migrate.e-max.eu\/historie\/"},"modified":"2025-07-24T16:33:01","modified_gmt":"2025-07-24T14:33:01","slug":"die-geschichte","status":"publish","type":"page","link":"https:\/\/backup.e-max.eu\/de\/die-geschichte\/","title":{"rendered":"DIE GESCHICHTE"},"content":{"rendered":"\n<section id=\"photo-info-overlay-block_53b560e2c4d1e8d5469aea16eae7bd5f\" class=\" col-12 photo-info-overlay  d-flex align-items-stretch top-defaultpadding bottom-defaultpadding\">\n  <div id=\"photo-info-overlay-block_53b560e2c4d1e8d5469aea16eae7bd5f-hook\" class=\"hook\"><\/div>  <style>\n          @media (min-width: 992px) {\n        #photo-info-overlay-block_53b560e2c4d1e8d5469aea16eae7bd5f {\n          height: auto;\n          min-height: 320px;\n        }\n      }\n              @media (max-width: 991px) {\n        #photo-info-overlay-block_53b560e2c4d1e8d5469aea16eae7bd5f {\n            height: auto;\n            min-height: 120px;\n        }\n      }\n              @media (min-width: 1199.99px) {\n        #photo-info-overlay-block_53b560e2c4d1e8d5469aea16eae7bd5f .wrapper h1,\n        #photo-info-overlay-block_53b560e2c4d1e8d5469aea16eae7bd5f .wrapper h2 {\n          font-size: 3.125rem;\n        }\n      }\n              @media (min-width: 575.99px) and (max-width: 1199.98px) {\n        #photo-info-overlay-block_53b560e2c4d1e8d5469aea16eae7bd5f .wrapper h1,\n        #photo-info-overlay-block_53b560e2c4d1e8d5469aea16eae7bd5f .wrapper h2 {\n          font-size: 2.1875rem;\n        }\n      }\n              @media (max-width: 575.98px) {\n        #photo-info-overlay-block_53b560e2c4d1e8d5469aea16eae7bd5f .wrapper h1,\n        #photo-info-overlay-block_53b560e2c4d1e8d5469aea16eae7bd5f .wrapper h2 {\n          font-size: 1.5625rem;\n        }\n      }\n              @media (min-width: 1199.99px) {\n        #photo-info-overlay-block_53b560e2c4d1e8d5469aea16eae7bd5f .wrapper p,\n        #photo-info-overlay-block_53b560e2c4d1e8d5469aea16eae7bd5f .wrapper p {\n          font-size: 1rem;\n        }\n      }\n              @media (min-width: 575.99px) and (max-width: 1199.98px) {\n        #photo-info-overlay-block_53b560e2c4d1e8d5469aea16eae7bd5f .wrapper p,\n        #photo-info-overlay-block_53b560e2c4d1e8d5469aea16eae7bd5f .wrapper p {\n          font-size: 1rem;\n        }\n      }\n              @media (max-width: 575.98px) {\n        #photo-info-overlay-block_53b560e2c4d1e8d5469aea16eae7bd5f .wrapper p,\n        #photo-info-overlay-block_53b560e2c4d1e8d5469aea16eae7bd5f .wrapper p {\n          font-size: 0.875rem;\n        }\n      }\n      <\/style>\n\n      <div class=\"background\" style=\"background-image: url(https:\/\/i0.wp.com\/backup.e-max.eu\/wp-content\/uploads\/2023\/04\/header-scaled.jpg?fit=2048%2C415&#038;ssl=1)\"><\/div>\n      <div class=\"container d-flex flex-column justify-content-start\">\n    <div class=\"row d-flex flex-column align-items-start\">\n      <div class=\"col-12 col-lg-1\">\n        <div class=\"content \" >\n          <div class=\"color white\" style=\"opacity: calc(0\/100);\"><\/div>\n                    <div class=\"wrapper\">\n\n            \n            <div class=\"text\" style=\"color: var(--black)\">\n              \n            <\/div>\n\n                      <\/div>\n        <\/div>\n      <\/div>\n    <\/div>\n  <\/div>\n<\/section>\n\n\n\n   \n  <style>\n    @media (min-width: 991.99px) {\n      .image-content-block_aa8e30dcf5a392a99e02119f26b99b28 .img-content-description {\n        width: 75%;\n\n                  padding-right: 8.33333333%;\n              }\n\n      .image-content-block_aa8e30dcf5a392a99e02119f26b99b28 .background-wrapper-image-content {\n                  left: 0;\n              }\n\n      .image-content-block_aa8e30dcf5a392a99e02119f26b99b28 .media-wrapper {\n                  right: 0;\n        \n                  top: 0;\n          bottom: 0;\n              }\n    }\n\n    .image-content-block_aa8e30dcf5a392a99e02119f26b99b28 .media-wrapper {\n      width: 25%;\n    }\n\n    .image-content-block_aa8e30dcf5a392a99e02119f26b99b28 .background-wrapper-image-content {\n      width: 75%;\n    }\n  <\/style>\n\n<section id=\"image-content-block_aa8e30dcf5a392a99e02119f26b99b28\" class=\"col-12 image-content-block_aa8e30dcf5a392a99e02119f26b99b28 white image-content  \">\n<div id=\"image-content-block_aa8e30dcf5a392a99e02119f26b99b28-hook\" class=\"hook\"><\/div>  <div class=\"background-wrapper-image-content\">\n      <\/div>\n  <div class=\"container\">\n    <div class=\"row\">\n      <div class=\"image-content-seperator\">\n        <div class=\"col-12 description\">\n          <div class=\"img-content-description top-defaultpadding bottom-defaultpadding\">\n                        <div class=\"title\" style=\"color: var(--black);\">\n                              <h1>\n                  DIE GESCHICHTE\n\n                <\/h1>\n                          <\/div>\n                        <div class=\"text\" style=\"color: var(--black);\">\n                              <p>Im Mittelpunkt der Historie von E-MAX steht echter Unternehmergeist: die Schaffung und Umsetzung von Chancen. So sind wir ein zuverl\u00e4ssiger Partner f\u00fcr die Entwicklung nachhaltiger, kohlenstoffarmer Aluminiuml\u00f6sungen geworden.<\/p>\n<p>Alles beginnt im Jahr <strong><em>1996<\/em><\/strong>. Drei Unternehmer machen ihren Traum wahr und starten ein eigenes Unternehmen, das auf Aluminiumextrusion spezialisiert ist: E-MAX Sustainable Aluminium.<\/p>\n<p><strong><em>1997<\/em><\/strong> l\u00e4uft die Produktion an, bei der zehn Mitarbeiter mit einer 2500-Tonnen-Extrusionspresse zwei Kunden beliefern. Da der Kundenbestand w\u00e4chst, kann bereits <strong><em>2000<\/em><\/strong> eine zweite Presse mit einer Kapazit\u00e4t von 3500 Tonnen in Betrieb genommen werden.<\/p>\n<p><em><strong>2001<\/strong><\/em>\u00a0sorgt die \u00dcbernahme von E-MAX durch den Unternehmer Jos Vaessen f\u00fcr weitere Wachstumsm\u00f6glichkeiten. Der Maschinenpark kann erweitert werden, und die Mitarbeiterzahl w\u00e4chst auf 40 Personen an. E-MAX beliefert mittlerweile 200 Kunden in Belgien und den Niederlanden.<\/p>\n<p>Ab\u00a0<em><strong>2002<\/strong><\/em>\u00a0sorgt die professionelle Zusammenarbeit mit Nachunternehmern daf\u00fcr, dass der Absatzmarkt auf Deutschland, \u00d6sterreich und Frankreich ausgeweitet wird.<\/p>\n<p><em><strong>2005<\/strong><\/em>\u00a0er\u00f6ffnen wir ein komplett neues Logistikzentrum. Der Maschinenpark wird um eine automatische Verpackungsanlage erweitert. Mittlerweile erzielt E-MAX einen Umsatz von ca. 80 Millionen \u20ac.<\/p>\n<p><em><strong>2007<\/strong><\/em>: Es gibt eine wichtige Entwicklung bei E-MAX. Wir \u00fcbernehmen eine Aluminiumgie\u00dferei von Alcoa in Kerkrade (NL). So k\u00f6nnen wir uns einen st\u00e4ndigen Zustrom von Rohstoffen sichern. Umgehend werden die ersten Schritte in die Wege geleitet, um Synergieeffekte zwischen beiden Unternehmen zu nutzen.<\/p>\n<p><em><strong>2008<\/strong><\/em>\u00a0macht E-MAX den n\u00e4chsten Schritt auf dem internationalen Markt. Ab sofort liefern wir Aluminiuml\u00f6sungen auch nach Russland.<\/p>\n<p><em><strong>2009<\/strong><\/em>: Durch das Wachstum des Unternehmens bieten sich immer neue M\u00f6glichkeiten. E-MAX erweitert den Maschinenpark um eine neue Verpackungsanlage, S\u00e4gemaschinen und ein automatisches Lagersystem f\u00fcr Matrizen. Auch f\u00fcr die Gie\u00dferei in Kerkrade werden die notwendigen Investitionen get\u00e4tigt.<\/p>\n<p><em><strong>2010<\/strong><\/em>: Die Synergie zwischen der Extrusionsabteilung in Dilsen und der Gie\u00dferei ist abgeschlossen. E-MAX pr\u00e4sentiert sich als vollwertiger Aluminiumkonzern. Wir leisten Pionierarbeit im Bereich nachhaltiges Aluminium, indem wir nach dreij\u00e4hriger Forschung an renommierten Forschungsinstituten die <a href=\"\/de\/product\/legierungen\">X-ECO Legierungen<\/a> vorgestellt haben.<\/p>\n<p><em><strong>2011<\/strong><\/em>\u00a0sind wir durch die komplette \u00dcbernahme von Alex, einem Aluminiumextrusionsunternehmen aus Gullegem (B), weiter gewachsen. Alex ist ein junges Unternehmen mit einer \u00e4u\u00dferst modernen Infrastruktur und beeindruckenden Architektur. Der Standort in der N\u00e4he der franz\u00f6sischen Grenze und der Zugang zum franz\u00f6sischen Markt bieten gro\u00dfe Chancen und erg\u00e4nzen sich in jeder Hinsicht mit den Aktivit\u00e4ten von E-MAX.<\/p>\n<p><em><strong>2017<\/strong><\/em>: Das Aluminiumextrusionsunternehmen von BOAL in Wevelgem (B) wird \u00fcbernommen und in die Aktivit\u00e4ten der E-MAX Gruppe integriert. Dadurch wachsen die Maschinenkapazit\u00e4t auf 60.000 Tonnen pro Jahr und der Personalbestand auf 400 Mitarbeiter an. Dank der \u00dcbernahme k\u00f6nnen wir noch besser Fu\u00df in Frankreich fassen. In den vergangenen Jahren haben wir au\u00dferdem erheblich in die Gie\u00dferei und die Erzeugung nachhaltiger Energie investiert. Damit sind wir de einzige Anbieter in der Benelux, der vollst\u00e4ndig und ausschlie\u00dflich kohlenstoffarme Aluminiumprofile liefert.<\/p>\n<p>Im <em>Juli <strong>2023<\/strong><\/em> unterzeichnete die Constellium SE eine verbindliche Vereinbarung mit E-MAX \u00fcber den Verkauf von drei ihrer Strangpresswerke in Landau, Crailsheim und Burg in Deutschland. Die endg\u00fcltige Transaktion wurde am 30. September 2023 vollzogen. E-MAX macht damit einen wichtigen Schritt in seiner Wachstumsstrategie und w\u00e4chst auf 800 Mitarbeiter mit einem Jahresumsatz von 500 Millionen Euro. Mit einer Gesamt-Extrusionskapazit\u00e4t von 100.000 Tonnen pro Jahr kann E-MAX seine eigene X-ECO-Bolzenkapazit\u00e4t von 80.000 Tonnen vollst\u00e4ndig im eigenen Haus verarbeiten.<\/p>\n\n                          <\/div>\n                          <div class=\"buttons justify-content-start\">\n                                  \n  \n  <a\n    href=\"\/de\/unser-verkaufsteam\/\"     class=\"button primary-button\n                        \"\n    style=' \n            color: var(--white);      border-radius: 4px;      font-weight: 600;      font-family: Barlow;      '\n    title=\"KONTAKT MIT DEM VERKAUFSTEAM\" id=\"image-content-block_aa8e30dcf5a392a99e02119f26b99b28-cta-1\"\n    >\n        <div class=\"text\">\n      KONTAKT MIT DEM VERKAUFSTEAM\n    <\/div>\n  <\/a>\n                              <\/div>\n                      <\/div>\n        <\/div>\n      <\/div>\n    <\/div>\n  <\/div>\n\n  <div class=\"media-wrapper\">\n          <div class=\"video-hook\"><\/div>\n      <div class=\"video\">\n              <iframe\n          class=\"vimeoplayer\"\n          data-type=\"vimeo\"\n          src=\"https:\/\/player.vimeo.com\/video\/824047925?autoplay=1&#038;title=0&#038;byline=0&#038;muted=1&#038;controls=0&#038;autopause=0&#038;dnt=1\"\n          allow=\"autoplay; fullscreen; picture-in-picture\"\n          allowfullscreen\n          data-origwidth=\"\"\n          data-origheight=\"\"\n          title=\"HISTORIE\"\n        ><\/iframe>\n            <\/div>\n      <\/div>\n<\/section>\n","protected":false},"excerpt":{"rendered":"","protected":false},"author":1,"featured_media":0,"parent":0,"menu_order":0,"comment_status":"closed","ping_status":"closed","template":"","meta":{"_acf_changed":false,"footnotes":""},"class_list":["post-9406","page","type-page","status-publish","hentry"],"acf":[],"yoast_head":"<!-- This site is optimized with the Yoast SEO plugin v24.2 - https:\/\/yoast.com\/wordpress\/plugins\/seo\/ -->\n<title>Die Geschichte von E-MAX - E-MAX<\/title>\n<meta name=\"description\" content=\"Die Geschichte von E-MAX: von den Anf\u00e4ngen bis heute. Aluminiuml\u00f6sungen mit Innovation und Tradition.\" \/>\n<meta name=\"robots\" content=\"noindex, follow, max-snippet:-1, max-image-preview:large, max-video-preview:-1\" \/>\n<meta property=\"og:locale\" content=\"de_DE\" \/>\n<meta property=\"og:type\" content=\"article\" \/>\n<meta property=\"og:title\" content=\"Die Geschichte von E-MAX - E-MAX\" \/>\n<meta property=\"og:description\" content=\"Die Geschichte von E-MAX: von den Anf\u00e4ngen bis heute. Aluminiuml\u00f6sungen mit Innovation und Tradition.\" \/>\n<meta property=\"og:url\" content=\"https:\/\/backup.e-max.eu\/de\/die-geschichte\/\" \/>\n<meta property=\"og:site_name\" content=\"E-MAX\" \/>\n<meta property=\"article:modified_time\" content=\"2025-07-24T14:33:01+00:00\" \/>\n<meta name=\"twitter:card\" content=\"summary_large_image\" \/>\n<script type=\"application\/ld+json\" class=\"yoast-schema-graph\">{\"@context\":\"https:\/\/schema.org\",\"@graph\":[{\"@type\":\"WebPage\",\"@id\":\"https:\/\/backup.e-max.eu\/de\/die-geschichte\/\",\"url\":\"https:\/\/backup.e-max.eu\/de\/die-geschichte\/\",\"name\":\"Die Geschichte von E-MAX - E-MAX\",\"isPartOf\":{\"@id\":\"https:\/\/backup.e-max.eu\/#website\"},\"datePublished\":\"2023-05-24T08:23:29+00:00\",\"dateModified\":\"2025-07-24T14:33:01+00:00\",\"description\":\"Die Geschichte von E-MAX: von den Anf\u00e4ngen bis heute. Aluminiuml\u00f6sungen mit Innovation und Tradition.\",\"breadcrumb\":{\"@id\":\"https:\/\/backup.e-max.eu\/de\/die-geschichte\/#breadcrumb\"},\"inLanguage\":\"de\",\"potentialAction\":[{\"@type\":\"ReadAction\",\"target\":[\"https:\/\/backup.e-max.eu\/de\/die-geschichte\/\"]}]},{\"@type\":\"BreadcrumbList\",\"@id\":\"https:\/\/backup.e-max.eu\/de\/die-geschichte\/#breadcrumb\",\"itemListElement\":[{\"@type\":\"ListItem\",\"position\":1,\"name\":\"Home\",\"item\":\"https:\/\/backup.e-max.eu\/de\/\"},{\"@type\":\"ListItem\",\"position\":2,\"name\":\"DIE GESCHICHTE\"}]},{\"@type\":\"WebSite\",\"@id\":\"https:\/\/backup.e-max.eu\/#website\",\"url\":\"https:\/\/backup.e-max.eu\/\",\"name\":\"E-MAX\",\"description\":\"Gerecycleerd aluminium met laagste carbon footprint\",\"publisher\":{\"@id\":\"https:\/\/backup.e-max.eu\/#organization\"},\"potentialAction\":[{\"@type\":\"SearchAction\",\"target\":{\"@type\":\"EntryPoint\",\"urlTemplate\":\"https:\/\/backup.e-max.eu\/?s={search_term_string}\"},\"query-input\":{\"@type\":\"PropertyValueSpecification\",\"valueRequired\":true,\"valueName\":\"search_term_string\"}}],\"inLanguage\":\"de\"},{\"@type\":\"Organization\",\"@id\":\"https:\/\/backup.e-max.eu\/#organization\",\"name\":\"E-MAX Aluminium N.V.\",\"url\":\"https:\/\/backup.e-max.eu\/\",\"logo\":{\"@type\":\"ImageObject\",\"inLanguage\":\"de\",\"@id\":\"https:\/\/backup.e-max.eu\/#\/schema\/logo\/image\/\",\"url\":\"https:\/\/i0.wp.com\/e-max.eu\/wp-content\/uploads\/2023\/04\/mb-EMAX-logo-Colour-Screen-RGB.png?fit=137%2C46&ssl=1\",\"contentUrl\":\"https:\/\/i0.wp.com\/e-max.eu\/wp-content\/uploads\/2023\/04\/mb-EMAX-logo-Colour-Screen-RGB.png?fit=137%2C46&ssl=1\",\"width\":137,\"height\":46,\"caption\":\"E-MAX Aluminium N.V.\"},\"image\":{\"@id\":\"https:\/\/backup.e-max.eu\/#\/schema\/logo\/image\/\"}}]}<\/script>\n<!-- \/ Yoast SEO plugin. -->","yoast_head_json":{"title":"Die Geschichte von E-MAX - E-MAX","description":"Die Geschichte von E-MAX: von den Anf\u00e4ngen bis heute. Aluminiuml\u00f6sungen mit Innovation und Tradition.","robots":{"index":"noindex","follow":"follow","max-snippet":"max-snippet:-1","max-image-preview":"max-image-preview:large","max-video-preview":"max-video-preview:-1"},"og_locale":"de_DE","og_type":"article","og_title":"Die Geschichte von E-MAX - E-MAX","og_description":"Die Geschichte von E-MAX: von den Anf\u00e4ngen bis heute. Aluminiuml\u00f6sungen mit Innovation und Tradition.","og_url":"https:\/\/backup.e-max.eu\/de\/die-geschichte\/","og_site_name":"E-MAX","article_modified_time":"2025-07-24T14:33:01+00:00","twitter_card":"summary_large_image","schema":{"@context":"https:\/\/schema.org","@graph":[{"@type":"WebPage","@id":"https:\/\/backup.e-max.eu\/de\/die-geschichte\/","url":"https:\/\/backup.e-max.eu\/de\/die-geschichte\/","name":"Die Geschichte von E-MAX - E-MAX","isPartOf":{"@id":"https:\/\/backup.e-max.eu\/#website"},"datePublished":"2023-05-24T08:23:29+00:00","dateModified":"2025-07-24T14:33:01+00:00","description":"Die Geschichte von E-MAX: von den Anf\u00e4ngen bis heute. Aluminiuml\u00f6sungen mit Innovation und Tradition.","breadcrumb":{"@id":"https:\/\/backup.e-max.eu\/de\/die-geschichte\/#breadcrumb"},"inLanguage":"de","potentialAction":[{"@type":"ReadAction","target":["https:\/\/backup.e-max.eu\/de\/die-geschichte\/"]}]},{"@type":"BreadcrumbList","@id":"https:\/\/backup.e-max.eu\/de\/die-geschichte\/#breadcrumb","itemListElement":[{"@type":"ListItem","position":1,"name":"Home","item":"https:\/\/backup.e-max.eu\/de\/"},{"@type":"ListItem","position":2,"name":"DIE GESCHICHTE"}]},{"@type":"WebSite","@id":"https:\/\/backup.e-max.eu\/#website","url":"https:\/\/backup.e-max.eu\/","name":"E-MAX","description":"Gerecycleerd aluminium met laagste carbon footprint","publisher":{"@id":"https:\/\/backup.e-max.eu\/#organization"},"potentialAction":[{"@type":"SearchAction","target":{"@type":"EntryPoint","urlTemplate":"https:\/\/backup.e-max.eu\/?s={search_term_string}"},"query-input":{"@type":"PropertyValueSpecification","valueRequired":true,"valueName":"search_term_string"}}],"inLanguage":"de"},{"@type":"Organization","@id":"https:\/\/backup.e-max.eu\/#organization","name":"E-MAX Aluminium N.V.","url":"https:\/\/backup.e-max.eu\/","logo":{"@type":"ImageObject","inLanguage":"de","@id":"https:\/\/backup.e-max.eu\/#\/schema\/logo\/image\/","url":"https:\/\/i0.wp.com\/e-max.eu\/wp-content\/uploads\/2023\/04\/mb-EMAX-logo-Colour-Screen-RGB.png?fit=137%2C46&ssl=1","contentUrl":"https:\/\/i0.wp.com\/e-max.eu\/wp-content\/uploads\/2023\/04\/mb-EMAX-logo-Colour-Screen-RGB.png?fit=137%2C46&ssl=1","width":137,"height":46,"caption":"E-MAX Aluminium N.V."},"image":{"@id":"https:\/\/backup.e-max.eu\/#\/schema\/logo\/image\/"}}]}},"_links":{"self":[{"href":"https:\/\/backup.e-max.eu\/de\/wp-json\/wp\/v2\/pages\/9406","targetHints":{"allow":["GET"]}}],"collection":[{"href":"https:\/\/backup.e-max.eu\/de\/wp-json\/wp\/v2\/pages"}],"about":[{"href":"https:\/\/backup.e-max.eu\/de\/wp-json\/wp\/v2\/types\/page"}],"author":[{"embeddable":true,"href":"https:\/\/backup.e-max.eu\/de\/wp-json\/wp\/v2\/users\/1"}],"replies":[{"embeddable":true,"href":"https:\/\/backup.e-max.eu\/de\/wp-json\/wp\/v2\/comments?post=9406"}],"version-history":[{"count":4,"href":"https:\/\/backup.e-max.eu\/de\/wp-json\/wp\/v2\/pages\/9406\/revisions"}],"predecessor-version":[{"id":16292,"href":"https:\/\/backup.e-max.eu\/de\/wp-json\/wp\/v2\/pages\/9406\/revisions\/16292"}],"wp:attachment":[{"href":"https:\/\/backup.e-max.eu\/de\/wp-json\/wp\/v2\/media?parent=9406"}],"curies":[{"name":"wp","href":"https:\/\/api.w.org\/{rel}","templated":true}]}}