{"id":9401,"date":"2023-05-23T13:01:07","date_gmt":"2023-05-23T11:01:07","guid":{"rendered":"https:\/\/migrate.e-max.eu\/green-deal\/"},"modified":"2025-01-10T15:38:54","modified_gmt":"2025-01-10T14:38:54","slug":"green-deal","status":"publish","type":"page","link":"https:\/\/backup.e-max.eu\/de\/green-deal\/","title":{"rendered":"Europ\u00e4ische Green Deal"},"content":{"rendered":"\n<section id=\"photo-info-overlay-block_64426062e6de3\" class=\" col-12 photo-info-overlay  d-flex align-items-stretch top-defaultpadding bottom-defaultpadding\">\n  <div id=\"photo-info-overlay-block_64426062e6de3-hook\" class=\"hook\"><\/div>  <style>\n          @media (min-width: 992px) {\n        #photo-info-overlay-block_64426062e6de3 {\n          height: auto;\n          min-height: 320px;\n        }\n      }\n              @media (max-width: 991px) {\n        #photo-info-overlay-block_64426062e6de3 {\n            height: auto;\n            min-height: 120px;\n        }\n      }\n              @media (min-width: 1199.99px) {\n        #photo-info-overlay-block_64426062e6de3 .wrapper h1,\n        #photo-info-overlay-block_64426062e6de3 .wrapper h2 {\n          font-size: 3.125rem;\n        }\n      }\n              @media (min-width: 575.99px) and (max-width: 1199.98px) {\n        #photo-info-overlay-block_64426062e6de3 .wrapper h1,\n        #photo-info-overlay-block_64426062e6de3 .wrapper h2 {\n          font-size: 2.1875rem;\n        }\n      }\n              @media (max-width: 575.98px) {\n        #photo-info-overlay-block_64426062e6de3 .wrapper h1,\n        #photo-info-overlay-block_64426062e6de3 .wrapper h2 {\n          font-size: 1.5625rem;\n        }\n      }\n              @media (min-width: 1199.99px) {\n        #photo-info-overlay-block_64426062e6de3 .wrapper p,\n        #photo-info-overlay-block_64426062e6de3 .wrapper p {\n          font-size: 1rem;\n        }\n      }\n              @media (min-width: 575.99px) and (max-width: 1199.98px) {\n        #photo-info-overlay-block_64426062e6de3 .wrapper p,\n        #photo-info-overlay-block_64426062e6de3 .wrapper p {\n          font-size: 1rem;\n        }\n      }\n              @media (max-width: 575.98px) {\n        #photo-info-overlay-block_64426062e6de3 .wrapper p,\n        #photo-info-overlay-block_64426062e6de3 .wrapper p {\n          font-size: 0.875rem;\n        }\n      }\n      <\/style>\n\n      <div class=\"background\" style=\"background-image: url(https:\/\/i0.wp.com\/backup.e-max.eu\/wp-content\/uploads\/2023\/04\/header-scaled.jpg?fit=2048%2C415&#038;ssl=1)\"><\/div>\n      <div class=\"container d-flex flex-column justify-content-start\">\n    <div class=\"row d-flex flex-column align-items-start\">\n      <div class=\"col-12 col-lg-1\">\n        <div class=\"content \" >\n          <div class=\"color white\" style=\"opacity: calc(0\/100);\"><\/div>\n                    <div class=\"wrapper\">\n\n            \n            <div class=\"text\" style=\"color: var(--black)\">\n              \n            <\/div>\n\n                      <\/div>\n        <\/div>\n      <\/div>\n    <\/div>\n  <\/div>\n<\/section>\n\n\n\n<section id=\"intro-block_646c9ca13e6c2\" class=\"col-12 white intro top-defaultpadding bottom-defaultpadding\">\n  <div id=\"intro-block_646c9ca13e6c2-hook\" class=\"hook\"><\/div>    \n            \n          \n  <div class=\"container\">\n    <div class=\"row column-direction reverse  \">\n      <div class=\"col-12 col-md-6 description  \">\n          \n                      <div class=\"desc\" style=\"color: var(--black)\">\n              <p><span style=\"color: #83b81a;\">WELCHEN EINFLUSS WIRD DIESES KONZEPT HABEN?<\/span><\/p>\n<p>Ein klimaneutrales Europa bis 2050. Das ist das Ziel des European Green Deal und das politische Versprechen der Europ\u00e4ischen Kommission. Nachhaltiges Wachstum, auch in der Wirtschaft, ist in dieser Hinsicht eine wichtige S\u00e4ule.<\/p>\n<p>&nbsp;<\/p>\n\n            <\/div>\n                          <\/div>\n      <div class=\"col-12 col-md-6  \">\n        \n                          <div style=\"color: var(--black)\">\n                              <h1 class=\"\">GREEN DEAL EUROPA\n<\/h1>\n                            <\/div>\n            \n              <\/div>\n    <\/div>\n  <\/div>\n<\/section>\n\n\n\n<section id=\"intro-block_646c9d0b3e6c3\" class=\"col-12 white intro top-defaultpadding bottom-defaultpadding\">\n  <div id=\"intro-block_646c9d0b3e6c3-hook\" class=\"hook\"><\/div>    \n            \n    \n  <div class=\"container\">\n    <div class=\"row column-direction   \">\n      <div class=\"col-12 col-md-6 description  \">\n                                    <div class=\"title\" style=\"color: var(--black)\">\n                              <h2><span>DIE HERAUSFORDERUNGEN GEMEINSAM ANGEHEN<\/span>\n<\/h2>\n                            <\/div>\n                      \n                      <div class=\"desc\" style=\"color: var(--black)\">\n              <p>Die Herausforderungen, vor denen wir stehen, sind allgemein bekannt. Herausforderungen wie steigender CO2-Aussto\u00df, knapp werdende fossile Brennstoffe und eine aus dem Gleichgewicht geratende Natur. Durch die F\u00f6rderung nachhaltiger Energie, die Verringerung des Aussto\u00dfes von Treibhausgasen, Energieeinsparungen und das Vorantreiben einer Kreislaufwirtschaft versuchen wir, diesen Herausforderungen zu begegnen. Um die Ziele des Pariser Klimaabkommens zu erreichen, m\u00fcssen zudem die CO2-Emissionen bis 2030 um mindestens 50 %, besser 55 %, unter dem Niveau von 1990 liegen.<\/p>\n<p>Mit dem Europ\u00e4ischen Klimagesetz wurde der erste Schritt getan, um dieses Versprechen in der europ\u00e4ischen Gesetzgebung festzulegen. Dieses Klimagesetz ist das Herzst\u00fcck des Green Deals und die Verankerung des Pariser Weltklimaabkommens. Wir haben dabei nicht nur eine Verantwortung, sondern auch eine Verpflichtung.<\/p>\n\n            <\/div>\n                          <\/div>\n      <div class=\"col-12 col-md-6  \">\n                    <img decoding=\"async\"\n              src=\"https:\/\/i0.wp.com\/backup.e-max.eu\/wp-content\/uploads\/2023\/05\/earth__vrijstaand_1.png?fit=507%2C424&#038;ssl=1\"\n              alt=\"Hand met daarin een ilustraie van een deel van de werkeldbol\"\n              title=\"earth__vrijstaand_1\"\n              class=\"img-responsive\"\n              srcset=\"https:\/\/i0.wp.com\/backup.e-max.eu\/wp-content\/uploads\/2023\/05\/earth__vrijstaand_1.png?fit=450%2C376&#038;ssl=1 480w,\n                      https:\/\/i0.wp.com\/backup.e-max.eu\/wp-content\/uploads\/2023\/05\/earth__vrijstaand_1.png?fit=507%2C424&#038;ssl=1 2048w\"\n              sizes=\"(max-width: 480px) 480px\"\n              width=\"470\"\n                          \/>\n              <\/div>\n    <\/div>\n  <\/div>\n<\/section>\n\n\n\n<section id=\"intro-block_646c9d9d3e6c4\" class=\"col-12 white intro top-defaultpadding bottom-defaultpadding\">\n  <div id=\"intro-block_646c9d9d3e6c4-hook\" class=\"hook\"><\/div>    \n            \n    \n  <div class=\"container\">\n    <div class=\"row column-direction reverse  \">\n      <div class=\"col-12 col-md-6 description  \">\n                                    <div class=\"title\" style=\"color: var(--black)\">\n                              <h2><span>KLIMAGESETZ ALS CHANCE F\u00dcR UNTERNEHMEN<\/span>\n<\/h2>\n                            <\/div>\n                      \n                      <div class=\"desc\" style=\"color: var(--black)\">\n              <p>Der Green Deal wird einen gro\u00dfen Einfluss auf die europ\u00e4ische Wirtschaft haben. Er ist die gr\u00f6\u00dfte Herausforderung, aber auch die gr\u00f6\u00dfte Gelegenheit unserer Zeit. Schlie\u00dflich gibt es gen\u00fcgend M\u00f6glichkeiten zur Verwirklichung der Nachhaltigkeit.<\/p>\n<p>Ein Green Deal ist eine freiwillige Vereinbarung zwischen einem (privaten) Partner wie einem Unternehmen und der fl\u00e4mischen oder niederl\u00e4ndischen Regierung, um gemeinsames ein gr\u00fcnes Projekt zu starten. Auf diese Weise setzen Sie Ihre Ideen in konkrete Taten um. F\u00fcr Unternehmen ist es aufgrund der innovativen Partnerschaften, einer gr\u00f6\u00dferen Sichtbarkeit und nat\u00fcrlich der Nachhaltigkeit interessant, einen Green Deal einzugehen. Ein Green Deal kann Ihr Unternehmen weiter voranbringen und Ihnen einen Vorteil gegen\u00fcber Ihren Konkurrenten verschaffen. Die Zusammenarbeit mit (anderen) Unternehmen, die sich aktiv f\u00fcr Nachhaltigkeit und\/oder Green Deals engagieren, vermittelt auch Ihrem eigenen Unternehmen neue Impulse.<\/p>\n<p>Lesen Sie mehr \u00fcber die Green Deals:<br \/>\n&#8211;\u00a0\u00a0 \u00a0<a href=\"https:\/\/greendeals.be\/\" target=\"_blank\" rel=\"noopener\">Green Deals in Belgien<\/a><br \/>\n&#8211;\u00a0\u00a0 \u00a0<a href=\"https:\/\/greendeals.nl\/\" target=\"_blank\" rel=\"noopener\">Green Deals in den Niederlanden<\/a><\/p>\n\n            <\/div>\n                          <\/div>\n      <div class=\"col-12 col-md-6  \">\n                    <img decoding=\"async\"\n              src=\"https:\/\/i0.wp.com\/backup.e-max.eu\/wp-content\/uploads\/2023\/05\/factsfigures.jpg?fit=560%2C323&#038;ssl=1\"\n              alt=\"stockfoto van een persoon wat op een glazenwand een beurskoers aan het tekenen is\"\n              title=\"factsfigures\"\n              class=\"img-responsive\"\n              srcset=\"https:\/\/i0.wp.com\/backup.e-max.eu\/wp-content\/uploads\/2023\/05\/factsfigures.jpg?fit=450%2C260&#038;ssl=1 480w,\n                      https:\/\/i0.wp.com\/backup.e-max.eu\/wp-content\/uploads\/2023\/05\/factsfigures.jpg?fit=560%2C323&#038;ssl=1 2048w\"\n              sizes=\"(max-width: 480px) 480px\"\n              width=\"470\"\n                          \/>\n              <\/div>\n    <\/div>\n  <\/div>\n<\/section>\n","protected":false},"excerpt":{"rendered":"","protected":false},"author":1,"featured_media":0,"parent":0,"menu_order":0,"comment_status":"closed","ping_status":"closed","template":"","meta":{"_acf_changed":false,"footnotes":""},"class_list":["post-9401","page","type-page","status-publish","hentry"],"acf":[],"yoast_head":"<!-- This site is optimized with the Yoast SEO plugin v24.2 - https:\/\/yoast.com\/wordpress\/plugins\/seo\/ -->\n<title>Engagement f\u00fcr Nachhaltigkeit: Europ\u00e4ische Green Deal - E-MAX<\/title>\n<meta name=\"description\" content=\"E-MAX unterst\u00fctzt den Green Deal: nachhaltige Aluminiuml\u00f6sungen f\u00fcr eine gr\u00fcnere und bessere Zukunft.\" \/>\n<meta name=\"robots\" content=\"noindex, follow, max-snippet:-1, max-image-preview:large, max-video-preview:-1\" \/>\n<meta property=\"og:locale\" content=\"de_DE\" \/>\n<meta property=\"og:type\" content=\"article\" \/>\n<meta property=\"og:title\" content=\"Engagement f\u00fcr Nachhaltigkeit: Europ\u00e4ische Green Deal - E-MAX\" \/>\n<meta property=\"og:description\" content=\"E-MAX unterst\u00fctzt den Green Deal: nachhaltige Aluminiuml\u00f6sungen f\u00fcr eine gr\u00fcnere und bessere Zukunft.\" \/>\n<meta property=\"og:url\" content=\"https:\/\/backup.e-max.eu\/de\/green-deal\/\" \/>\n<meta property=\"og:site_name\" content=\"E-MAX\" \/>\n<meta property=\"article:modified_time\" content=\"2025-01-10T14:38:54+00:00\" \/>\n<meta name=\"twitter:card\" content=\"summary_large_image\" \/>\n<script type=\"application\/ld+json\" class=\"yoast-schema-graph\">{\"@context\":\"https:\/\/schema.org\",\"@graph\":[{\"@type\":\"WebPage\",\"@id\":\"https:\/\/backup.e-max.eu\/de\/green-deal\/\",\"url\":\"https:\/\/backup.e-max.eu\/de\/green-deal\/\",\"name\":\"Engagement f\u00fcr Nachhaltigkeit: Europ\u00e4ische Green Deal - E-MAX\",\"isPartOf\":{\"@id\":\"https:\/\/backup.e-max.eu\/#website\"},\"datePublished\":\"2023-05-23T11:01:07+00:00\",\"dateModified\":\"2025-01-10T14:38:54+00:00\",\"description\":\"E-MAX unterst\u00fctzt den Green Deal: nachhaltige Aluminiuml\u00f6sungen f\u00fcr eine gr\u00fcnere und bessere Zukunft.\",\"breadcrumb\":{\"@id\":\"https:\/\/backup.e-max.eu\/de\/green-deal\/#breadcrumb\"},\"inLanguage\":\"de\",\"potentialAction\":[{\"@type\":\"ReadAction\",\"target\":[\"https:\/\/backup.e-max.eu\/de\/green-deal\/\"]}]},{\"@type\":\"BreadcrumbList\",\"@id\":\"https:\/\/backup.e-max.eu\/de\/green-deal\/#breadcrumb\",\"itemListElement\":[{\"@type\":\"ListItem\",\"position\":1,\"name\":\"Home\",\"item\":\"https:\/\/backup.e-max.eu\/de\/\"},{\"@type\":\"ListItem\",\"position\":2,\"name\":\"Europ\u00e4ische Green Deal\"}]},{\"@type\":\"WebSite\",\"@id\":\"https:\/\/backup.e-max.eu\/#website\",\"url\":\"https:\/\/backup.e-max.eu\/\",\"name\":\"E-MAX\",\"description\":\"Gerecycleerd aluminium met laagste carbon footprint\",\"publisher\":{\"@id\":\"https:\/\/backup.e-max.eu\/#organization\"},\"potentialAction\":[{\"@type\":\"SearchAction\",\"target\":{\"@type\":\"EntryPoint\",\"urlTemplate\":\"https:\/\/backup.e-max.eu\/?s={search_term_string}\"},\"query-input\":{\"@type\":\"PropertyValueSpecification\",\"valueRequired\":true,\"valueName\":\"search_term_string\"}}],\"inLanguage\":\"de\"},{\"@type\":\"Organization\",\"@id\":\"https:\/\/backup.e-max.eu\/#organization\",\"name\":\"E-MAX Aluminium N.V.\",\"url\":\"https:\/\/backup.e-max.eu\/\",\"logo\":{\"@type\":\"ImageObject\",\"inLanguage\":\"de\",\"@id\":\"https:\/\/backup.e-max.eu\/#\/schema\/logo\/image\/\",\"url\":\"https:\/\/i0.wp.com\/e-max.eu\/wp-content\/uploads\/2023\/04\/mb-EMAX-logo-Colour-Screen-RGB.png?fit=137%2C46&ssl=1\",\"contentUrl\":\"https:\/\/i0.wp.com\/e-max.eu\/wp-content\/uploads\/2023\/04\/mb-EMAX-logo-Colour-Screen-RGB.png?fit=137%2C46&ssl=1\",\"width\":137,\"height\":46,\"caption\":\"E-MAX Aluminium N.V.\"},\"image\":{\"@id\":\"https:\/\/backup.e-max.eu\/#\/schema\/logo\/image\/\"}}]}<\/script>\n<!-- \/ Yoast SEO plugin. -->","yoast_head_json":{"title":"Engagement f\u00fcr Nachhaltigkeit: Europ\u00e4ische Green Deal - E-MAX","description":"E-MAX unterst\u00fctzt den Green Deal: nachhaltige Aluminiuml\u00f6sungen f\u00fcr eine gr\u00fcnere und bessere Zukunft.","robots":{"index":"noindex","follow":"follow","max-snippet":"max-snippet:-1","max-image-preview":"max-image-preview:large","max-video-preview":"max-video-preview:-1"},"og_locale":"de_DE","og_type":"article","og_title":"Engagement f\u00fcr Nachhaltigkeit: Europ\u00e4ische Green Deal - E-MAX","og_description":"E-MAX unterst\u00fctzt den Green Deal: nachhaltige Aluminiuml\u00f6sungen f\u00fcr eine gr\u00fcnere und bessere Zukunft.","og_url":"https:\/\/backup.e-max.eu\/de\/green-deal\/","og_site_name":"E-MAX","article_modified_time":"2025-01-10T14:38:54+00:00","twitter_card":"summary_large_image","schema":{"@context":"https:\/\/schema.org","@graph":[{"@type":"WebPage","@id":"https:\/\/backup.e-max.eu\/de\/green-deal\/","url":"https:\/\/backup.e-max.eu\/de\/green-deal\/","name":"Engagement f\u00fcr Nachhaltigkeit: Europ\u00e4ische Green Deal - E-MAX","isPartOf":{"@id":"https:\/\/backup.e-max.eu\/#website"},"datePublished":"2023-05-23T11:01:07+00:00","dateModified":"2025-01-10T14:38:54+00:00","description":"E-MAX unterst\u00fctzt den Green Deal: nachhaltige Aluminiuml\u00f6sungen f\u00fcr eine gr\u00fcnere und bessere Zukunft.","breadcrumb":{"@id":"https:\/\/backup.e-max.eu\/de\/green-deal\/#breadcrumb"},"inLanguage":"de","potentialAction":[{"@type":"ReadAction","target":["https:\/\/backup.e-max.eu\/de\/green-deal\/"]}]},{"@type":"BreadcrumbList","@id":"https:\/\/backup.e-max.eu\/de\/green-deal\/#breadcrumb","itemListElement":[{"@type":"ListItem","position":1,"name":"Home","item":"https:\/\/backup.e-max.eu\/de\/"},{"@type":"ListItem","position":2,"name":"Europ\u00e4ische Green Deal"}]},{"@type":"WebSite","@id":"https:\/\/backup.e-max.eu\/#website","url":"https:\/\/backup.e-max.eu\/","name":"E-MAX","description":"Gerecycleerd aluminium met laagste carbon footprint","publisher":{"@id":"https:\/\/backup.e-max.eu\/#organization"},"potentialAction":[{"@type":"SearchAction","target":{"@type":"EntryPoint","urlTemplate":"https:\/\/backup.e-max.eu\/?s={search_term_string}"},"query-input":{"@type":"PropertyValueSpecification","valueRequired":true,"valueName":"search_term_string"}}],"inLanguage":"de"},{"@type":"Organization","@id":"https:\/\/backup.e-max.eu\/#organization","name":"E-MAX Aluminium N.V.","url":"https:\/\/backup.e-max.eu\/","logo":{"@type":"ImageObject","inLanguage":"de","@id":"https:\/\/backup.e-max.eu\/#\/schema\/logo\/image\/","url":"https:\/\/i0.wp.com\/e-max.eu\/wp-content\/uploads\/2023\/04\/mb-EMAX-logo-Colour-Screen-RGB.png?fit=137%2C46&ssl=1","contentUrl":"https:\/\/i0.wp.com\/e-max.eu\/wp-content\/uploads\/2023\/04\/mb-EMAX-logo-Colour-Screen-RGB.png?fit=137%2C46&ssl=1","width":137,"height":46,"caption":"E-MAX Aluminium N.V."},"image":{"@id":"https:\/\/backup.e-max.eu\/#\/schema\/logo\/image\/"}}]}},"_links":{"self":[{"href":"https:\/\/backup.e-max.eu\/de\/wp-json\/wp\/v2\/pages\/9401","targetHints":{"allow":["GET"]}}],"collection":[{"href":"https:\/\/backup.e-max.eu\/de\/wp-json\/wp\/v2\/pages"}],"about":[{"href":"https:\/\/backup.e-max.eu\/de\/wp-json\/wp\/v2\/types\/page"}],"author":[{"embeddable":true,"href":"https:\/\/backup.e-max.eu\/de\/wp-json\/wp\/v2\/users\/1"}],"replies":[{"embeddable":true,"href":"https:\/\/backup.e-max.eu\/de\/wp-json\/wp\/v2\/comments?post=9401"}],"version-history":[{"count":3,"href":"https:\/\/backup.e-max.eu\/de\/wp-json\/wp\/v2\/pages\/9401\/revisions"}],"predecessor-version":[{"id":15118,"href":"https:\/\/backup.e-max.eu\/de\/wp-json\/wp\/v2\/pages\/9401\/revisions\/15118"}],"wp:attachment":[{"href":"https:\/\/backup.e-max.eu\/de\/wp-json\/wp\/v2\/media?parent=9401"}],"curies":[{"name":"wp","href":"https:\/\/api.w.org\/{rel}","templated":true}]}}