{"id":9388,"date":"2023-06-02T14:37:50","date_gmt":"2023-06-02T12:37:50","guid":{"rendered":"https:\/\/migrate.e-max.eu\/downloads\/brochure\/"},"modified":"2025-01-28T13:55:51","modified_gmt":"2025-01-28T12:55:51","slug":"broschuere","status":"publish","type":"page","link":"https:\/\/backup.e-max.eu\/de\/download\/broschuere\/","title":{"rendered":"Brosch\u00fcre"},"content":{"rendered":"\n<section id=\"photo-info-overlay-block_30f2e7a06c94f6c248034f626d3a6e35\" class=\" col-12 photo-info-overlay  d-flex align-items-stretch top-defaultpadding bottom-defaultpadding\">\n  <div id=\"photo-info-overlay-block_30f2e7a06c94f6c248034f626d3a6e35-hook\" class=\"hook\"><\/div>  <style>\n          @media (min-width: 992px) {\n        #photo-info-overlay-block_30f2e7a06c94f6c248034f626d3a6e35 {\n          height: auto;\n          min-height: 320px;\n        }\n      }\n              @media (max-width: 991px) {\n        #photo-info-overlay-block_30f2e7a06c94f6c248034f626d3a6e35 {\n            height: auto;\n            min-height: 120px;\n        }\n      }\n              @media (min-width: 1199.99px) {\n        #photo-info-overlay-block_30f2e7a06c94f6c248034f626d3a6e35 .wrapper h1,\n        #photo-info-overlay-block_30f2e7a06c94f6c248034f626d3a6e35 .wrapper h2 {\n          font-size: 3.125rem;\n        }\n      }\n              @media (min-width: 575.99px) and (max-width: 1199.98px) {\n        #photo-info-overlay-block_30f2e7a06c94f6c248034f626d3a6e35 .wrapper h1,\n        #photo-info-overlay-block_30f2e7a06c94f6c248034f626d3a6e35 .wrapper h2 {\n          font-size: 2.1875rem;\n        }\n      }\n              @media (max-width: 575.98px) {\n        #photo-info-overlay-block_30f2e7a06c94f6c248034f626d3a6e35 .wrapper h1,\n        #photo-info-overlay-block_30f2e7a06c94f6c248034f626d3a6e35 .wrapper h2 {\n          font-size: 1.5625rem;\n        }\n      }\n              @media (min-width: 1199.99px) {\n        #photo-info-overlay-block_30f2e7a06c94f6c248034f626d3a6e35 .wrapper p,\n        #photo-info-overlay-block_30f2e7a06c94f6c248034f626d3a6e35 .wrapper p {\n          font-size: 1rem;\n        }\n      }\n              @media (min-width: 575.99px) and (max-width: 1199.98px) {\n        #photo-info-overlay-block_30f2e7a06c94f6c248034f626d3a6e35 .wrapper p,\n        #photo-info-overlay-block_30f2e7a06c94f6c248034f626d3a6e35 .wrapper p {\n          font-size: 1rem;\n        }\n      }\n              @media (max-width: 575.98px) {\n        #photo-info-overlay-block_30f2e7a06c94f6c248034f626d3a6e35 .wrapper p,\n        #photo-info-overlay-block_30f2e7a06c94f6c248034f626d3a6e35 .wrapper p {\n          font-size: 0.875rem;\n        }\n      }\n      <\/style>\n\n      <div class=\"background\" style=\"background-image: url(https:\/\/i0.wp.com\/backup.e-max.eu\/wp-content\/uploads\/2023\/04\/header-scaled.jpg?fit=2048%2C415&#038;ssl=1)\"><\/div>\n      <div class=\"container d-flex flex-column justify-content-start\">\n    <div class=\"row d-flex flex-column align-items-start\">\n      <div class=\"col-12 col-lg-1\">\n        <div class=\"content \" >\n          <div class=\"color white\" style=\"opacity: calc(0\/100);\"><\/div>\n                    <div class=\"wrapper\">\n\n            \n            <div class=\"text\" style=\"color: var(--black)\">\n              \n            <\/div>\n\n                      <\/div>\n        <\/div>\n      <\/div>\n    <\/div>\n  <\/div>\n<\/section>\n\n\n\n<section class=\"container-block white\" id=\"container-block-block_4e232bed05d160677b0afe49558c658c\">\n  <div id=\"container-block-block_4e232bed05d160677b0afe49558c658c-hook\" class=\"hook\"><\/div>  \n  <div class=\"container\">\n    <div class=\"row\">\n      <div class=\"col-12\">\n        \n\n<div style=\"height:100px\" aria-hidden=\"true\" class=\"wp-block-spacer\"><\/div>\n\n\n\n<h1 class=\"wp-block-heading\">LADEN SIE UNSERE BROSCH\u00dcRE UND UNSER WHITEPAPER HERUNTER<\/h1>\n\n\n\n<p>Sind Sie neugierig, was E-MAX Ihnen zu bieten hat? Unsere Brosch\u00fcre ist Ihr vollst\u00e4ndiger Leitfaden f\u00fcr innovative Aluminiuml\u00f6sungen und hochwertige Dienstleistungen. Ob Sie im Bauwesen, im Transportwesen, in der Industrie oder in anderen Bereichen t\u00e4tig sind, unsere Brosch\u00fcre bietet Ihnen alle Informationen, die Sie ben\u00f6tigen, um die Vorteile von Aluminium optimal zu nutzen. Auf dieser Seite k\u00f6nnen Sie zwei informative Dokumente herunterladen:<\/p>\n\n\n\n<ul class=\"wp-block-list\">\n<li>Brosch\u00fcre<br>Entdecken Sie, wer wir sind, was wir tun und welche Grundwerte uns wichtig sind.<br><\/li>\n\n\n\n<li>Whitepaper<br>Lesen Sie mehr \u00fcber unsere Vision einer nachhaltigen Aluminiumproduktion, innovative Technologien und unseren Beitrag zu einer Kreislaufwirtschaft.<\/li>\n<\/ul>\n\n\n\n<p>Beide Dokumente bieten wertvolle Einblicke, wie E-MAX auf eine gr\u00fcnere und nachhaltigere Zukunft hinarbeitet. Laden Sie sie jetzt herunter und lassen Sie sich inspirieren!<\/p>\n\n\n      <\/div>\n    <\/div>\n  <\/div>\n<\/section>\n\n\n\n<section class=\"contact col-12 white top-defaultpadding bottom-defaultpadding\" id=\"vacancy-anchor\" style=\"color: var(--black);\">\n  <div id=\"contact--hook\" class=\"hook\"><\/div>    <div class=\"container\">\n      <div class=\"col-12 nopadding\">\n                        <h2>BROSCH\u00dcRE ODER WHITEPAPER ANFORDERN\n<\/h2>\n                    <\/div>\n      <div class=\"col-12 nopadding\">\n          <div class=\"row\">\n                      <\/div>\n      <\/div>\n      <div class=\"col-12 nopadding\">\n        <div class=\"row\">\n                      <script type=\"text\/javascript\">\n\/* <![CDATA[ *\/\nvar gform;gform||(document.addEventListener(\"gform_main_scripts_loaded\",function(){gform.scriptsLoaded=!0}),document.addEventListener(\"gform\/theme\/scripts_loaded\",function(){gform.themeScriptsLoaded=!0}),window.addEventListener(\"DOMContentLoaded\",function(){gform.domLoaded=!0}),gform={domLoaded:!1,scriptsLoaded:!1,themeScriptsLoaded:!1,isFormEditor:()=>\"function\"==typeof InitializeEditor,callIfLoaded:function(o){return!(!gform.domLoaded||!gform.scriptsLoaded||!gform.themeScriptsLoaded&&!gform.isFormEditor()||(gform.isFormEditor()&&console.warn(\"The use of gform.initializeOnLoaded() is deprecated in the form editor context and will be removed in Gravity Forms 3.1.\"),o(),0))},initializeOnLoaded:function(o){gform.callIfLoaded(o)||(document.addEventListener(\"gform_main_scripts_loaded\",()=>{gform.scriptsLoaded=!0,gform.callIfLoaded(o)}),document.addEventListener(\"gform\/theme\/scripts_loaded\",()=>{gform.themeScriptsLoaded=!0,gform.callIfLoaded(o)}),window.addEventListener(\"DOMContentLoaded\",()=>{gform.domLoaded=!0,gform.callIfLoaded(o)}))},hooks:{action:{},filter:{}},addAction:function(o,r,e,t){gform.addHook(\"action\",o,r,e,t)},addFilter:function(o,r,e,t){gform.addHook(\"filter\",o,r,e,t)},doAction:function(o){gform.doHook(\"action\",o,arguments)},applyFilters:function(o){return gform.doHook(\"filter\",o,arguments)},removeAction:function(o,r){gform.removeHook(\"action\",o,r)},removeFilter:function(o,r,e){gform.removeHook(\"filter\",o,r,e)},addHook:function(o,r,e,t,n){null==gform.hooks[o][r]&&(gform.hooks[o][r]=[]);var d=gform.hooks[o][r];null==n&&(n=r+\"_\"+d.length),gform.hooks[o][r].push({tag:n,callable:e,priority:t=null==t?10:t})},doHook:function(r,o,e){var t;if(e=Array.prototype.slice.call(e,1),null!=gform.hooks[r][o]&&((o=gform.hooks[r][o]).sort(function(o,r){return o.priority-r.priority}),o.forEach(function(o){\"function\"!=typeof(t=o.callable)&&(t=window[t]),\"action\"==r?t.apply(null,e):e[0]=t.apply(null,e)})),\"filter\"==r)return e[0]},removeHook:function(o,r,t,n){var e;null!=gform.hooks[o][r]&&(e=(e=gform.hooks[o][r]).filter(function(o,r,e){return!!(null!=n&&n!=o.tag||null!=t&&t!=o.priority)}),gform.hooks[o][r]=e)}});\n\/* ]]> *\/\n<\/script>\n\n                <div class='gf_browser_gecko gform_wrapper gravity-theme gform-theme--no-framework' data-form-theme='gravity-theme' data-form-index='0' id='gform_wrapper_6' ><form method='post' enctype='multipart\/form-data'  id='gform_6'  action='\/de\/wp-json\/wp\/v2\/pages\/9388' data-formid='6' novalidate><div class='gf_invisible ginput_recaptchav3' data-sitekey='6LfVj7oqAAAAAABleM7wlq3Eu6UWay6n2KrhiYgL' data-tabindex='0'><input id=\"input_e5e3b1f4b28fc34530a842900157c22e\" class=\"gfield_recaptcha_response\" type=\"hidden\" name=\"input_e5e3b1f4b28fc34530a842900157c22e\" value=\"\"\/><\/div>\n                        <div class='gform-body gform_body'><div id='gform_fields_6' class='gform_fields top_label form_sublabel_below description_below validation_below'><div id=\"field_6_25\" class=\"gfield gfield--type-honeypot gform_validation_container field_sublabel_below gfield--has-description field_description_below field_validation_below gfield_visibility_visible\"  ><label class='gfield_label gform-field-label' for='input_6_25'>Comments<\/label><div class='ginput_container'><input name='input_25' id='input_6_25' type='text' value='' autocomplete='new-password'\/><\/div><div class='gfield_description' id='gfield_description_6_25'>Dieses Feld dient zur Validierung und sollte nicht ver\u00e4ndert werden.<\/div><\/div><li class=\"gfmc-column gfmc-column100 gfmc-row-1-column gfmc-row-1-col-1-of-1\"><ul class=\"flex-wrapper flex-wrapper-1\"><div id=\"field_6_1\" class=\"gfield gfield--type-text gfield--input-type-text gfield--width-full gfield_contains_required field_sublabel_below gfield--no-description field_description_below hidden_label field_validation_below gfield_visibility_visible\"  ><label class='gfield_label gform-field-label' for='input_6_1'>Uw naam<span class=\"gfield_required\"><span class=\"gfield_required gfield_required_text\">(erforderlich)<\/span><\/span><\/label><div class='ginput_container ginput_container_text'><input name='input_1' id='input_6_1' type='text' value='' class='large'    placeholder='Ihr Name*' aria-required=\"true\" aria-invalid=\"false\"   \/><\/div><\/div><div id=\"field_6_7\" class=\"gfield gfield--type-email gfield--input-type-email gfield--width-full gfield_contains_required field_sublabel_below gfield--no-description field_description_below hidden_label field_validation_below gfield_visibility_visible\"  ><label class='gfield_label gform-field-label' for='input_6_7'>Uw e-mailadres<span class=\"gfield_required\"><span class=\"gfield_required gfield_required_text\">(erforderlich)<\/span><\/span><\/label><div class='ginput_container ginput_container_email'>\n                            <input name='input_7' id='input_6_7' type='email' value='' class='large'   placeholder='Ihre E-Mail Adresse*' aria-required=\"true\" aria-invalid=\"false\"  \/>\n                        <\/div><\/div><fieldset id=\"field_6_24\" class=\"gfield gfield--type-checkbox gfield--type-choice gfield--input-type-checkbox gfield--width-full field_sublabel_below gfield--no-description field_description_below field_validation_below gfield_visibility_visible\"  ><legend class='gfield_label gform-field-label gfield_label_before_complex' >Typ herunterladen<\/legend><div class='ginput_container ginput_container_checkbox'><div class='gfield_checkbox ' id='input_6_24'><div class='gchoice gchoice_6_24_1'>\n\t\t\t\t\t\t\t\t<input class='gfield-choice-input' name='input_24.1' type='checkbox'  value='Whitepaper'  id='choice_6_24_1'   \/>\n\t\t\t\t\t\t\t\t<label for='choice_6_24_1' id='label_6_24_1' class='gform-field-label gform-field-label--type-inline'>WHITEPAPER ANFORDERN<\/label>\n\t\t\t\t\t\t\t<\/div><div class='gchoice gchoice_6_24_2'>\n\t\t\t\t\t\t\t\t<input class='gfield-choice-input' name='input_24.2' type='checkbox'  value='Brosch\u00fcre'  id='choice_6_24_2'   \/>\n\t\t\t\t\t\t\t\t<label for='choice_6_24_2' id='label_6_24_2' class='gform-field-label gform-field-label--type-inline'>BROSCH\u00dcRE ANFORDERN<\/label>\n\t\t\t\t\t\t\t<\/div><\/div><\/div><\/fieldset><\/ul><\/li><\/div><\/div>\n        <div class='gform-footer gform_footer top_label'> <input type='submit' id='gform_submit_button_6' class='gform_button button' onclick='gform.submission.handleButtonClick(this);' data-submission-type='submit' value='Senden Sie'  \/> \n            <input type='hidden' class='gform_hidden' name='gform_submission_method' data-js='gform_submission_method_6' value='postback' \/>\n            <input type='hidden' class='gform_hidden' name='gform_theme' data-js='gform_theme_6' id='gform_theme_6' value='gravity-theme' \/>\n            <input type='hidden' class='gform_hidden' name='gform_style_settings' data-js='gform_style_settings_6' id='gform_style_settings_6' value='' \/>\n            <input type='hidden' class='gform_hidden' name='is_submit_6' value='1' \/>\n            <input type='hidden' class='gform_hidden' name='gform_submit' value='6' \/>\n            \n            <input type='hidden' class='gform_hidden' name='gform_currency' data-currency='EUR' value='36KFcJUU91qsHc7gV6\/BlQWBfuniGA9hUjr1zCOAf\/2eXKOQGGODAa8ERrGNWFOdrSzX3m1KJNx6FtwUfsyWpM2mc4+5SGZ1l6fr0kIjJSmlf4c=' \/>\n            <input type='hidden' class='gform_hidden' name='gform_unique_id' value='' \/>\n            <input type='hidden' class='gform_hidden' name='state_6' value='WyJ7XCIyNC4xXCI6XCIxNDQ0MTM4YzkyNWFlOWU3NDY4YjAwNGYzZWI5MjQ4ZVwiLFwiMjQuMlwiOlwiYmE2YWFjMmMzNzhjYTRmOTc5ZDJlYmY2NTc2M2ZkNTFcIn0iLCI5MzExNzU3MDgyYjU3N2RmODBhNzM4NWI5YTk1NTZhYSJd' \/>\n            <input type='hidden' autocomplete='off' class='gform_hidden' name='gform_target_page_number_6' id='gform_target_page_number_6' value='0' \/>\n            <input type='hidden' autocomplete='off' class='gform_hidden' name='gform_source_page_number_6' id='gform_source_page_number_6' value='1' \/>\n            <input type='hidden' name='gform_field_values' value='' \/>\n            \n        <\/div>\n                        <\/form>\n                        <\/div><script type=\"text\/javascript\">\n\/* <![CDATA[ *\/\n gform.initializeOnLoaded( function() {gformInitSpinner( 6, 'https:\/\/backup.e-max.eu\/wp-content\/plugins\/gravityforms\/images\/spinner.svg', true );jQuery('#gform_ajax_frame_6').on('load',function(){var contents = jQuery(this).contents().find('*').html();var is_postback = contents.indexOf('GF_AJAX_POSTBACK') >= 0;if(!is_postback){return;}var form_content = jQuery(this).contents().find('#gform_wrapper_6');var is_confirmation = jQuery(this).contents().find('#gform_confirmation_wrapper_6').length > 0;var is_redirect = contents.indexOf('gformRedirect(){') >= 0;var is_form = form_content.length > 0 && ! is_redirect && ! is_confirmation;var mt = parseInt(jQuery('html').css('margin-top'), 10) + parseInt(jQuery('body').css('margin-top'), 10) + 100;if(is_form){jQuery('#gform_wrapper_6').html(form_content.html());if(form_content.hasClass('gform_validation_error')){jQuery('#gform_wrapper_6').addClass('gform_validation_error');} else {jQuery('#gform_wrapper_6').removeClass('gform_validation_error');}setTimeout( function() { \/* delay the scroll by 50 milliseconds to fix a bug in chrome *\/  }, 50 );if(window['gformInitDatepicker']) {gformInitDatepicker();}if(window['gformInitPriceFields']) {gformInitPriceFields();}var current_page = jQuery('#gform_source_page_number_6').val();gformInitSpinner( 6, 'https:\/\/backup.e-max.eu\/wp-content\/plugins\/gravityforms\/images\/spinner.svg', true );jQuery(document).trigger('gform_page_loaded', [6, current_page]);window['gf_submitting_6'] = false;}else if(!is_redirect){var confirmation_content = jQuery(this).contents().find('.GF_AJAX_POSTBACK').html();if(!confirmation_content){confirmation_content = contents;}jQuery('#gform_wrapper_6').replaceWith(confirmation_content);jQuery(document).trigger('gform_confirmation_loaded', [6]);window['gf_submitting_6'] = false;wp.a11y.speak(jQuery('#gform_confirmation_message_6').text());}else{jQuery('#gform_6').append(contents);if(window['gformRedirect']) {gformRedirect();}}jQuery(document).trigger(\"gform_pre_post_render\", [{ formId: \"6\", currentPage: \"current_page\", abort: function() { this.preventDefault(); } }]);        if (event && event.defaultPrevented) {                return;        }        const gformWrapperDiv = document.getElementById( \"gform_wrapper_6\" );        if ( gformWrapperDiv ) {            const visibilitySpan = document.createElement( \"span\" );            visibilitySpan.id = \"gform_visibility_test_6\";            gformWrapperDiv.insertAdjacentElement( \"afterend\", visibilitySpan );        }        const visibilityTestDiv = document.getElementById( \"gform_visibility_test_6\" );        let postRenderFired = false;        function triggerPostRender() {            if ( postRenderFired ) {                return;            }            postRenderFired = true;            gform.core.triggerPostRenderEvents( 6, current_page );            if ( visibilityTestDiv ) {                visibilityTestDiv.parentNode.removeChild( visibilityTestDiv );            }        }        function debounce( func, wait, immediate ) {            var timeout;            return function() {                var context = this, args = arguments;                var later = function() {                    timeout = null;                    if ( !immediate ) func.apply( context, args );                };                var callNow = immediate && !timeout;                clearTimeout( timeout );                timeout = setTimeout( later, wait );                if ( callNow ) func.apply( context, args );            };        }        const debouncedTriggerPostRender = debounce( function() {            triggerPostRender();        }, 200 );        if ( visibilityTestDiv && visibilityTestDiv.offsetParent === null ) {            const observer = new MutationObserver( ( mutations ) => {                mutations.forEach( ( mutation ) => {                    if ( mutation.type === 'attributes' && visibilityTestDiv.offsetParent !== null ) {                        debouncedTriggerPostRender();                        observer.disconnect();                    }                });            });            observer.observe( document.body, {                attributes: true,                childList: false,                subtree: true,                attributeFilter: [ 'style', 'class' ],            });        } else {            triggerPostRender();        }    } );} ); \n\/* ]]> *\/\n<\/script>\n\n                  <\/div>\n      <\/div>\n  <\/div>\n<\/section>\n","protected":false},"excerpt":{"rendered":"","protected":false},"author":1,"featured_media":0,"parent":9382,"menu_order":0,"comment_status":"closed","ping_status":"closed","template":"","meta":{"_acf_changed":false,"footnotes":""},"class_list":["post-9388","page","type-page","status-publish","hentry"],"acf":[],"yoast_head":"<!-- This site is optimized with the Yoast SEO plugin v24.2 - https:\/\/yoast.com\/wordpress\/plugins\/seo\/ -->\n<title>Laden Sie unsere Brosch\u00fcre - E-MAX<\/title>\n<meta name=\"description\" content=\"Laden Sie unsere Brosch\u00fcre \u00fcber nachhaltiges Aluminium herunter und entdecken Sie E-MAX.\" \/>\n<meta name=\"robots\" content=\"noindex, follow, max-snippet:-1, max-image-preview:large, max-video-preview:-1\" \/>\n<meta property=\"og:locale\" content=\"de_DE\" \/>\n<meta property=\"og:type\" content=\"article\" \/>\n<meta property=\"og:title\" content=\"Laden Sie unsere Brosch\u00fcre - E-MAX\" \/>\n<meta property=\"og:description\" content=\"Laden Sie unsere Brosch\u00fcre \u00fcber nachhaltiges Aluminium herunter und entdecken Sie E-MAX.\" \/>\n<meta property=\"og:url\" content=\"https:\/\/backup.e-max.eu\/de\/download\/broschuere\/\" \/>\n<meta property=\"og:site_name\" content=\"E-MAX\" \/>\n<meta property=\"article:modified_time\" content=\"2025-01-28T12:55:51+00:00\" \/>\n<meta name=\"twitter:card\" content=\"summary_large_image\" \/>\n<meta name=\"twitter:label1\" content=\"Gesch\u00e4tzte Lesezeit\" \/>\n\t<meta name=\"twitter:data1\" content=\"1\u00a0Minute\" \/>\n<script type=\"application\/ld+json\" class=\"yoast-schema-graph\">{\"@context\":\"https:\/\/schema.org\",\"@graph\":[{\"@type\":\"WebPage\",\"@id\":\"https:\/\/backup.e-max.eu\/de\/download\/broschuere\/\",\"url\":\"https:\/\/backup.e-max.eu\/de\/download\/broschuere\/\",\"name\":\"Laden Sie unsere Brosch\u00fcre - E-MAX\",\"isPartOf\":{\"@id\":\"https:\/\/backup.e-max.eu\/#website\"},\"datePublished\":\"2023-06-02T12:37:50+00:00\",\"dateModified\":\"2025-01-28T12:55:51+00:00\",\"description\":\"Laden Sie unsere Brosch\u00fcre \u00fcber nachhaltiges Aluminium herunter und entdecken Sie E-MAX.\",\"breadcrumb\":{\"@id\":\"https:\/\/backup.e-max.eu\/de\/download\/broschuere\/#breadcrumb\"},\"inLanguage\":\"de\",\"potentialAction\":[{\"@type\":\"ReadAction\",\"target\":[\"https:\/\/backup.e-max.eu\/de\/download\/broschuere\/\"]}]},{\"@type\":\"BreadcrumbList\",\"@id\":\"https:\/\/backup.e-max.eu\/de\/download\/broschuere\/#breadcrumb\",\"itemListElement\":[{\"@type\":\"ListItem\",\"position\":1,\"name\":\"Home\",\"item\":\"https:\/\/backup.e-max.eu\/de\/\"},{\"@type\":\"ListItem\",\"position\":2,\"name\":\"Downloads von E-Max\",\"item\":\"https:\/\/backup.e-max.eu\/de\/download\/\"},{\"@type\":\"ListItem\",\"position\":3,\"name\":\"Brosch\u00fcre\"}]},{\"@type\":\"WebSite\",\"@id\":\"https:\/\/backup.e-max.eu\/#website\",\"url\":\"https:\/\/backup.e-max.eu\/\",\"name\":\"E-MAX\",\"description\":\"Gerecycleerd aluminium met laagste carbon footprint\",\"publisher\":{\"@id\":\"https:\/\/backup.e-max.eu\/#organization\"},\"potentialAction\":[{\"@type\":\"SearchAction\",\"target\":{\"@type\":\"EntryPoint\",\"urlTemplate\":\"https:\/\/backup.e-max.eu\/?s={search_term_string}\"},\"query-input\":{\"@type\":\"PropertyValueSpecification\",\"valueRequired\":true,\"valueName\":\"search_term_string\"}}],\"inLanguage\":\"de\"},{\"@type\":\"Organization\",\"@id\":\"https:\/\/backup.e-max.eu\/#organization\",\"name\":\"E-MAX Aluminium N.V.\",\"url\":\"https:\/\/backup.e-max.eu\/\",\"logo\":{\"@type\":\"ImageObject\",\"inLanguage\":\"de\",\"@id\":\"https:\/\/backup.e-max.eu\/#\/schema\/logo\/image\/\",\"url\":\"https:\/\/i0.wp.com\/e-max.eu\/wp-content\/uploads\/2023\/04\/mb-EMAX-logo-Colour-Screen-RGB.png?fit=137%2C46&ssl=1\",\"contentUrl\":\"https:\/\/i0.wp.com\/e-max.eu\/wp-content\/uploads\/2023\/04\/mb-EMAX-logo-Colour-Screen-RGB.png?fit=137%2C46&ssl=1\",\"width\":137,\"height\":46,\"caption\":\"E-MAX Aluminium N.V.\"},\"image\":{\"@id\":\"https:\/\/backup.e-max.eu\/#\/schema\/logo\/image\/\"}}]}<\/script>\n<!-- \/ Yoast SEO plugin. -->","yoast_head_json":{"title":"Laden Sie unsere Brosch\u00fcre - E-MAX","description":"Laden Sie unsere Brosch\u00fcre \u00fcber nachhaltiges Aluminium herunter und entdecken Sie E-MAX.","robots":{"index":"noindex","follow":"follow","max-snippet":"max-snippet:-1","max-image-preview":"max-image-preview:large","max-video-preview":"max-video-preview:-1"},"og_locale":"de_DE","og_type":"article","og_title":"Laden Sie unsere Brosch\u00fcre - E-MAX","og_description":"Laden Sie unsere Brosch\u00fcre \u00fcber nachhaltiges Aluminium herunter und entdecken Sie E-MAX.","og_url":"https:\/\/backup.e-max.eu\/de\/download\/broschuere\/","og_site_name":"E-MAX","article_modified_time":"2025-01-28T12:55:51+00:00","twitter_card":"summary_large_image","twitter_misc":{"Gesch\u00e4tzte Lesezeit":"1\u00a0Minute"},"schema":{"@context":"https:\/\/schema.org","@graph":[{"@type":"WebPage","@id":"https:\/\/backup.e-max.eu\/de\/download\/broschuere\/","url":"https:\/\/backup.e-max.eu\/de\/download\/broschuere\/","name":"Laden Sie unsere Brosch\u00fcre - E-MAX","isPartOf":{"@id":"https:\/\/backup.e-max.eu\/#website"},"datePublished":"2023-06-02T12:37:50+00:00","dateModified":"2025-01-28T12:55:51+00:00","description":"Laden Sie unsere Brosch\u00fcre \u00fcber nachhaltiges Aluminium herunter und entdecken Sie E-MAX.","breadcrumb":{"@id":"https:\/\/backup.e-max.eu\/de\/download\/broschuere\/#breadcrumb"},"inLanguage":"de","potentialAction":[{"@type":"ReadAction","target":["https:\/\/backup.e-max.eu\/de\/download\/broschuere\/"]}]},{"@type":"BreadcrumbList","@id":"https:\/\/backup.e-max.eu\/de\/download\/broschuere\/#breadcrumb","itemListElement":[{"@type":"ListItem","position":1,"name":"Home","item":"https:\/\/backup.e-max.eu\/de\/"},{"@type":"ListItem","position":2,"name":"Downloads von E-Max","item":"https:\/\/backup.e-max.eu\/de\/download\/"},{"@type":"ListItem","position":3,"name":"Brosch\u00fcre"}]},{"@type":"WebSite","@id":"https:\/\/backup.e-max.eu\/#website","url":"https:\/\/backup.e-max.eu\/","name":"E-MAX","description":"Gerecycleerd aluminium met laagste carbon footprint","publisher":{"@id":"https:\/\/backup.e-max.eu\/#organization"},"potentialAction":[{"@type":"SearchAction","target":{"@type":"EntryPoint","urlTemplate":"https:\/\/backup.e-max.eu\/?s={search_term_string}"},"query-input":{"@type":"PropertyValueSpecification","valueRequired":true,"valueName":"search_term_string"}}],"inLanguage":"de"},{"@type":"Organization","@id":"https:\/\/backup.e-max.eu\/#organization","name":"E-MAX Aluminium N.V.","url":"https:\/\/backup.e-max.eu\/","logo":{"@type":"ImageObject","inLanguage":"de","@id":"https:\/\/backup.e-max.eu\/#\/schema\/logo\/image\/","url":"https:\/\/i0.wp.com\/e-max.eu\/wp-content\/uploads\/2023\/04\/mb-EMAX-logo-Colour-Screen-RGB.png?fit=137%2C46&ssl=1","contentUrl":"https:\/\/i0.wp.com\/e-max.eu\/wp-content\/uploads\/2023\/04\/mb-EMAX-logo-Colour-Screen-RGB.png?fit=137%2C46&ssl=1","width":137,"height":46,"caption":"E-MAX Aluminium N.V."},"image":{"@id":"https:\/\/backup.e-max.eu\/#\/schema\/logo\/image\/"}}]}},"_links":{"self":[{"href":"https:\/\/backup.e-max.eu\/de\/wp-json\/wp\/v2\/pages\/9388","targetHints":{"allow":["GET"]}}],"collection":[{"href":"https:\/\/backup.e-max.eu\/de\/wp-json\/wp\/v2\/pages"}],"about":[{"href":"https:\/\/backup.e-max.eu\/de\/wp-json\/wp\/v2\/types\/page"}],"author":[{"embeddable":true,"href":"https:\/\/backup.e-max.eu\/de\/wp-json\/wp\/v2\/users\/1"}],"replies":[{"embeddable":true,"href":"https:\/\/backup.e-max.eu\/de\/wp-json\/wp\/v2\/comments?post=9388"}],"version-history":[{"count":4,"href":"https:\/\/backup.e-max.eu\/de\/wp-json\/wp\/v2\/pages\/9388\/revisions"}],"predecessor-version":[{"id":15267,"href":"https:\/\/backup.e-max.eu\/de\/wp-json\/wp\/v2\/pages\/9388\/revisions\/15267"}],"up":[{"embeddable":true,"href":"https:\/\/backup.e-max.eu\/de\/wp-json\/wp\/v2\/pages\/9382"}],"wp:attachment":[{"href":"https:\/\/backup.e-max.eu\/de\/wp-json\/wp\/v2\/media?parent=9388"}],"curies":[{"name":"wp","href":"https:\/\/api.w.org\/{rel}","templated":true}]}}