{"id":9382,"date":"2023-06-02T13:51:06","date_gmt":"2023-06-02T11:51:06","guid":{"rendered":"https:\/\/migrate.e-max.eu\/downloads\/"},"modified":"2025-01-28T13:40:54","modified_gmt":"2025-01-28T12:40:54","slug":"download","status":"publish","type":"page","link":"https:\/\/backup.e-max.eu\/de\/download\/","title":{"rendered":"Downloads von E-Max"},"content":{"rendered":"\n<section id=\"photo-info-overlay-block_f4ce961e7efe8c68bbee4bee5d09fa4e\" class=\" col-12 photo-info-overlay  d-flex align-items-stretch top-defaultpadding bottom-defaultpadding\">\n  <div id=\"photo-info-overlay-block_f4ce961e7efe8c68bbee4bee5d09fa4e-hook\" class=\"hook\"><\/div>  <style>\n          @media (min-width: 992px) {\n        #photo-info-overlay-block_f4ce961e7efe8c68bbee4bee5d09fa4e {\n          height: auto;\n          min-height: 320px;\n        }\n      }\n              @media (max-width: 991px) {\n        #photo-info-overlay-block_f4ce961e7efe8c68bbee4bee5d09fa4e {\n            height: auto;\n            min-height: 120px;\n        }\n      }\n              @media (min-width: 1199.99px) {\n        #photo-info-overlay-block_f4ce961e7efe8c68bbee4bee5d09fa4e .wrapper h1,\n        #photo-info-overlay-block_f4ce961e7efe8c68bbee4bee5d09fa4e .wrapper h2 {\n          font-size: 3.125rem;\n        }\n      }\n              @media (min-width: 575.99px) and (max-width: 1199.98px) {\n        #photo-info-overlay-block_f4ce961e7efe8c68bbee4bee5d09fa4e .wrapper h1,\n        #photo-info-overlay-block_f4ce961e7efe8c68bbee4bee5d09fa4e .wrapper h2 {\n          font-size: 2.1875rem;\n        }\n      }\n              @media (max-width: 575.98px) {\n        #photo-info-overlay-block_f4ce961e7efe8c68bbee4bee5d09fa4e .wrapper h1,\n        #photo-info-overlay-block_f4ce961e7efe8c68bbee4bee5d09fa4e .wrapper h2 {\n          font-size: 1.5625rem;\n        }\n      }\n              @media (min-width: 1199.99px) {\n        #photo-info-overlay-block_f4ce961e7efe8c68bbee4bee5d09fa4e .wrapper p,\n        #photo-info-overlay-block_f4ce961e7efe8c68bbee4bee5d09fa4e .wrapper p {\n          font-size: 1rem;\n        }\n      }\n              @media (min-width: 575.99px) and (max-width: 1199.98px) {\n        #photo-info-overlay-block_f4ce961e7efe8c68bbee4bee5d09fa4e .wrapper p,\n        #photo-info-overlay-block_f4ce961e7efe8c68bbee4bee5d09fa4e .wrapper p {\n          font-size: 1rem;\n        }\n      }\n              @media (max-width: 575.98px) {\n        #photo-info-overlay-block_f4ce961e7efe8c68bbee4bee5d09fa4e .wrapper p,\n        #photo-info-overlay-block_f4ce961e7efe8c68bbee4bee5d09fa4e .wrapper p {\n          font-size: 0.875rem;\n        }\n      }\n      <\/style>\n\n      <div class=\"background\" style=\"background-image: url(https:\/\/i0.wp.com\/backup.e-max.eu\/wp-content\/uploads\/2023\/04\/header-scaled.jpg?fit=2048%2C415&#038;ssl=1)\"><\/div>\n      <div class=\"container d-flex flex-column justify-content-start\">\n    <div class=\"row d-flex flex-column align-items-start\">\n      <div class=\"col-12 col-lg-1\">\n        <div class=\"content \" >\n          <div class=\"color white\" style=\"opacity: calc(0\/100);\"><\/div>\n                    <div class=\"wrapper\">\n\n            \n            <div class=\"text\" style=\"color: var(--black)\">\n              \n            <\/div>\n\n                      <\/div>\n        <\/div>\n      <\/div>\n    <\/div>\n  <\/div>\n<\/section>\n\n\n\n<section id=\"intro-block_aeb0cb38a1ade8e0d677a546052825a9\" class=\"col-12 white intro top-defaultpadding bottom-defaultpadding\">\n  <div id=\"intro-block_aeb0cb38a1ade8e0d677a546052825a9-hook\" class=\"hook\"><\/div>      <style>\n      @media (max-width: 768px) {\n        #intro-block_aeb0cb38a1ade8e0d677a546052825a9 .title * {\n          text-align: left!important;\n        }\n\n        #intro-block_aeb0cb38a1ade8e0d677a546052825a9 .desc * {\n          text-align: left!important;\n        }\n      }\n    <\/style>\n    \n            \n    \n  <div class=\"container\">\n    <div class=\"row column-direction   \">\n      <div class=\"col-12 col-md-6 description  \">\n                                    <div class=\"title\" style=\"color: var(--black)\">\n                              <h1><span>HERUNTERLADEN: ENTDECKEN SIE UNSER WISSEN UND UNSERE L\u00d6SUNGEN<\/span>\n<\/h1>\n                            <\/div>\n                      \n                      <div class=\"desc\" style=\"color: var(--black)\">\n              <p>Wir von E-MAX machen es Ihnen leicht, auf alle wichtigen Informationen zuzugreifen, die Sie f\u00fcr Ihr Projekt ben\u00f6tigen. Auf dieser Seite finden Sie eine umfassende Sammlung von Brosch\u00fcren, technischen Spezifikationen, Nachhaltigkeitsberichten und mehr. Alles, was Sie \u00fcber unsere hochwertigen Aluminiumprodukte und -dienstleistungen wissen m\u00fcssen, finden Sie an einem zentralen Ort.<\/p>\n<p>Ob Sie nun die neuesten Spezifikationen unserer Aluminiumprofile, Informationen \u00fcber unsere Recyclingverfahren oder Einblicke in unsere Nachhaltigkeitsinitiativen suchen, unsere Dokumente bieten detaillierte und praktische Informationen. Diese Ressourcen sollen Ihnen helfen, fundierte Entscheidungen zu treffen und Ihre Projektziele zu erreichen.<\/p>\n<p>Alle Downloads sind in \u00fcbersichtlichen Kategorien verf\u00fcgbar, so dass Sie schnell und einfach finden k\u00f6nnen, was Sie brauchen. Vermissen Sie ein bestimmtes Dokument? Unser Team ist jederzeit bereit, Ihnen weiterzuhelfen und zus\u00e4tzliche Informationen zu liefern.<\/p>\n<p>Bl\u00e4ttern Sie durch unsere Downloads und entdecken Sie, wie E-MAX Sie mit innovativen Aluminiuml\u00f6sungen und nachhaltigen Anwendungen unterst\u00fctzen kann. Mit uns k\u00f6nnen Sie sich auf Qualit\u00e4t, Transparenz und Kompetenz verlassen.<\/p>\n\n            <\/div>\n                                <div class=\"buttons justify-content-start\">\n                              \n  \n  <a\n    href=\"\/de\/download\/broschuere\/\"     class=\"button primary-button\n                        \"\n    style=' \n            color: var(--white);      border-radius: 4px;      font-weight: 600;      font-family: Barlow;      '\n    title=\"BROSCH\u00dcRE &#038; WHITEPAPER\" id=\"intro-block_aeb0cb38a1ade8e0d677a546052825a9-cta-1\"\n    >\n        <div class=\"text\">\n      BROSCH\u00dcRE &#038; WHITEPAPER\n    <\/div>\n  <\/a>\n                              \n  \n  <a\n    href=\"\/de\/download\/zertifikate\/\"     class=\"button primary-button\n                        \"\n    style=' \n            color: var(--white);      border-radius: 4px;      font-weight: 600;      font-family: Barlow;      '\n    title=\"ZERTIFIKATE\" id=\"intro-block_aeb0cb38a1ade8e0d677a546052825a9-cta-2\"\n    >\n        <div class=\"text\">\n      ZERTIFIKATE\n    <\/div>\n  <\/a>\n                              \n  \n  <a\n    href=\"\/de\/download\/infografiken\/\"     class=\"button primary-button\n                        \"\n    style=' \n            color: var(--white);      border-radius: 4px;      font-weight: 600;      font-family: Barlow;      '\n    title=\"INFOGRAPHIEN\" id=\"intro-block_aeb0cb38a1ade8e0d677a546052825a9-cta-3\"\n    >\n        <div class=\"text\">\n      INFOGRAPHIEN\n    <\/div>\n  <\/a>\n                          <\/div>\n                <\/div>\n      <div class=\"col-12 col-md-6  \">\n                    <img decoding=\"async\"\n              src=\"https:\/\/i0.wp.com\/backup.e-max.eu\/wp-content\/uploads\/2023\/05\/Group.jpg?fit=600%2C600&#038;ssl=1\"\n              alt=\"Mockup van een laptop met een website pagina van EMAX\"\n              title=\"Group\"\n              class=\"img-responsive\"\n              srcset=\"https:\/\/i0.wp.com\/backup.e-max.eu\/wp-content\/uploads\/2023\/05\/Group.jpg?fit=450%2C450&#038;ssl=1 480w,\n                      https:\/\/i0.wp.com\/backup.e-max.eu\/wp-content\/uploads\/2023\/05\/Group.jpg?fit=600%2C600&#038;ssl=1 2048w\"\n              sizes=\"(max-width: 480px) 480px\"\n              width=\"470\"\n                          \/>\n              <\/div>\n    <\/div>\n  <\/div>\n<\/section>\n","protected":false},"excerpt":{"rendered":"","protected":false},"author":1,"featured_media":0,"parent":0,"menu_order":0,"comment_status":"closed","ping_status":"closed","template":"","meta":{"_acf_changed":false,"footnotes":""},"class_list":["post-9382","page","type-page","status-publish","hentry"],"acf":[],"yoast_head":"<!-- This site is optimized with the Yoast SEO plugin v24.2 - https:\/\/yoast.com\/wordpress\/plugins\/seo\/ -->\n<title>Laden Sie unsere Zertifikate, Brosch\u00fcren und Infografiken - E-MAX<\/title>\n<meta name=\"description\" content=\"Hier finden Sie alle E-MAX Downloads: Brosch\u00fcren, Infografiken und Zertifikate. Erfahren Sie mehr \u00fcber unsere nachhaltigen Aluminiuml\u00f6sungen.\" \/>\n<meta name=\"robots\" content=\"noindex, follow, max-snippet:-1, max-image-preview:large, max-video-preview:-1\" \/>\n<meta property=\"og:locale\" content=\"de_DE\" \/>\n<meta property=\"og:type\" content=\"article\" \/>\n<meta property=\"og:title\" content=\"Laden Sie unsere Zertifikate, Brosch\u00fcren und Infografiken - E-MAX\" \/>\n<meta property=\"og:description\" content=\"Hier finden Sie alle E-MAX Downloads: Brosch\u00fcren, Infografiken und Zertifikate. Erfahren Sie mehr \u00fcber unsere nachhaltigen Aluminiuml\u00f6sungen.\" \/>\n<meta property=\"og:url\" content=\"https:\/\/backup.e-max.eu\/de\/download\/\" \/>\n<meta property=\"og:site_name\" content=\"E-MAX\" \/>\n<meta property=\"article:modified_time\" content=\"2025-01-28T12:40:54+00:00\" \/>\n<meta name=\"twitter:card\" content=\"summary_large_image\" \/>\n<script type=\"application\/ld+json\" class=\"yoast-schema-graph\">{\"@context\":\"https:\/\/schema.org\",\"@graph\":[{\"@type\":\"WebPage\",\"@id\":\"https:\/\/backup.e-max.eu\/de\/download\/\",\"url\":\"https:\/\/backup.e-max.eu\/de\/download\/\",\"name\":\"Laden Sie unsere Zertifikate, Brosch\u00fcren und Infografiken - E-MAX\",\"isPartOf\":{\"@id\":\"https:\/\/backup.e-max.eu\/#website\"},\"datePublished\":\"2023-06-02T11:51:06+00:00\",\"dateModified\":\"2025-01-28T12:40:54+00:00\",\"description\":\"Hier finden Sie alle E-MAX Downloads: Brosch\u00fcren, Infografiken und Zertifikate. Erfahren Sie mehr \u00fcber unsere nachhaltigen Aluminiuml\u00f6sungen.\",\"breadcrumb\":{\"@id\":\"https:\/\/backup.e-max.eu\/de\/download\/#breadcrumb\"},\"inLanguage\":\"de\",\"potentialAction\":[{\"@type\":\"ReadAction\",\"target\":[\"https:\/\/backup.e-max.eu\/de\/download\/\"]}]},{\"@type\":\"BreadcrumbList\",\"@id\":\"https:\/\/backup.e-max.eu\/de\/download\/#breadcrumb\",\"itemListElement\":[{\"@type\":\"ListItem\",\"position\":1,\"name\":\"Home\",\"item\":\"https:\/\/backup.e-max.eu\/de\/\"},{\"@type\":\"ListItem\",\"position\":2,\"name\":\"Downloads von E-Max\"}]},{\"@type\":\"WebSite\",\"@id\":\"https:\/\/backup.e-max.eu\/#website\",\"url\":\"https:\/\/backup.e-max.eu\/\",\"name\":\"E-MAX\",\"description\":\"Gerecycleerd aluminium met laagste carbon footprint\",\"publisher\":{\"@id\":\"https:\/\/backup.e-max.eu\/#organization\"},\"potentialAction\":[{\"@type\":\"SearchAction\",\"target\":{\"@type\":\"EntryPoint\",\"urlTemplate\":\"https:\/\/backup.e-max.eu\/?s={search_term_string}\"},\"query-input\":{\"@type\":\"PropertyValueSpecification\",\"valueRequired\":true,\"valueName\":\"search_term_string\"}}],\"inLanguage\":\"de\"},{\"@type\":\"Organization\",\"@id\":\"https:\/\/backup.e-max.eu\/#organization\",\"name\":\"E-MAX Aluminium N.V.\",\"url\":\"https:\/\/backup.e-max.eu\/\",\"logo\":{\"@type\":\"ImageObject\",\"inLanguage\":\"de\",\"@id\":\"https:\/\/backup.e-max.eu\/#\/schema\/logo\/image\/\",\"url\":\"https:\/\/i0.wp.com\/e-max.eu\/wp-content\/uploads\/2023\/04\/mb-EMAX-logo-Colour-Screen-RGB.png?fit=137%2C46&ssl=1\",\"contentUrl\":\"https:\/\/i0.wp.com\/e-max.eu\/wp-content\/uploads\/2023\/04\/mb-EMAX-logo-Colour-Screen-RGB.png?fit=137%2C46&ssl=1\",\"width\":137,\"height\":46,\"caption\":\"E-MAX Aluminium N.V.\"},\"image\":{\"@id\":\"https:\/\/backup.e-max.eu\/#\/schema\/logo\/image\/\"}}]}<\/script>\n<!-- \/ Yoast SEO plugin. -->","yoast_head_json":{"title":"Laden Sie unsere Zertifikate, Brosch\u00fcren und Infografiken - E-MAX","description":"Hier finden Sie alle E-MAX Downloads: Brosch\u00fcren, Infografiken und Zertifikate. Erfahren Sie mehr \u00fcber unsere nachhaltigen Aluminiuml\u00f6sungen.","robots":{"index":"noindex","follow":"follow","max-snippet":"max-snippet:-1","max-image-preview":"max-image-preview:large","max-video-preview":"max-video-preview:-1"},"og_locale":"de_DE","og_type":"article","og_title":"Laden Sie unsere Zertifikate, Brosch\u00fcren und Infografiken - E-MAX","og_description":"Hier finden Sie alle E-MAX Downloads: Brosch\u00fcren, Infografiken und Zertifikate. Erfahren Sie mehr \u00fcber unsere nachhaltigen Aluminiuml\u00f6sungen.","og_url":"https:\/\/backup.e-max.eu\/de\/download\/","og_site_name":"E-MAX","article_modified_time":"2025-01-28T12:40:54+00:00","twitter_card":"summary_large_image","schema":{"@context":"https:\/\/schema.org","@graph":[{"@type":"WebPage","@id":"https:\/\/backup.e-max.eu\/de\/download\/","url":"https:\/\/backup.e-max.eu\/de\/download\/","name":"Laden Sie unsere Zertifikate, Brosch\u00fcren und Infografiken - E-MAX","isPartOf":{"@id":"https:\/\/backup.e-max.eu\/#website"},"datePublished":"2023-06-02T11:51:06+00:00","dateModified":"2025-01-28T12:40:54+00:00","description":"Hier finden Sie alle E-MAX Downloads: Brosch\u00fcren, Infografiken und Zertifikate. Erfahren Sie mehr \u00fcber unsere nachhaltigen Aluminiuml\u00f6sungen.","breadcrumb":{"@id":"https:\/\/backup.e-max.eu\/de\/download\/#breadcrumb"},"inLanguage":"de","potentialAction":[{"@type":"ReadAction","target":["https:\/\/backup.e-max.eu\/de\/download\/"]}]},{"@type":"BreadcrumbList","@id":"https:\/\/backup.e-max.eu\/de\/download\/#breadcrumb","itemListElement":[{"@type":"ListItem","position":1,"name":"Home","item":"https:\/\/backup.e-max.eu\/de\/"},{"@type":"ListItem","position":2,"name":"Downloads von E-Max"}]},{"@type":"WebSite","@id":"https:\/\/backup.e-max.eu\/#website","url":"https:\/\/backup.e-max.eu\/","name":"E-MAX","description":"Gerecycleerd aluminium met laagste carbon footprint","publisher":{"@id":"https:\/\/backup.e-max.eu\/#organization"},"potentialAction":[{"@type":"SearchAction","target":{"@type":"EntryPoint","urlTemplate":"https:\/\/backup.e-max.eu\/?s={search_term_string}"},"query-input":{"@type":"PropertyValueSpecification","valueRequired":true,"valueName":"search_term_string"}}],"inLanguage":"de"},{"@type":"Organization","@id":"https:\/\/backup.e-max.eu\/#organization","name":"E-MAX Aluminium N.V.","url":"https:\/\/backup.e-max.eu\/","logo":{"@type":"ImageObject","inLanguage":"de","@id":"https:\/\/backup.e-max.eu\/#\/schema\/logo\/image\/","url":"https:\/\/i0.wp.com\/e-max.eu\/wp-content\/uploads\/2023\/04\/mb-EMAX-logo-Colour-Screen-RGB.png?fit=137%2C46&ssl=1","contentUrl":"https:\/\/i0.wp.com\/e-max.eu\/wp-content\/uploads\/2023\/04\/mb-EMAX-logo-Colour-Screen-RGB.png?fit=137%2C46&ssl=1","width":137,"height":46,"caption":"E-MAX Aluminium N.V."},"image":{"@id":"https:\/\/backup.e-max.eu\/#\/schema\/logo\/image\/"}}]}},"_links":{"self":[{"href":"https:\/\/backup.e-max.eu\/de\/wp-json\/wp\/v2\/pages\/9382","targetHints":{"allow":["GET"]}}],"collection":[{"href":"https:\/\/backup.e-max.eu\/de\/wp-json\/wp\/v2\/pages"}],"about":[{"href":"https:\/\/backup.e-max.eu\/de\/wp-json\/wp\/v2\/types\/page"}],"author":[{"embeddable":true,"href":"https:\/\/backup.e-max.eu\/de\/wp-json\/wp\/v2\/users\/1"}],"replies":[{"embeddable":true,"href":"https:\/\/backup.e-max.eu\/de\/wp-json\/wp\/v2\/comments?post=9382"}],"version-history":[{"count":7,"href":"https:\/\/backup.e-max.eu\/de\/wp-json\/wp\/v2\/pages\/9382\/revisions"}],"predecessor-version":[{"id":15256,"href":"https:\/\/backup.e-max.eu\/de\/wp-json\/wp\/v2\/pages\/9382\/revisions\/15256"}],"wp:attachment":[{"href":"https:\/\/backup.e-max.eu\/de\/wp-json\/wp\/v2\/media?parent=9382"}],"curies":[{"name":"wp","href":"https:\/\/api.w.org\/{rel}","templated":true}]}}