{"id":9356,"date":"2022-03-08T09:18:45","date_gmt":"2022-03-08T09:18:45","guid":{"rendered":"https:\/\/migrate.e-max.eu\/privacy-policy\/"},"modified":"2025-01-10T15:38:44","modified_gmt":"2025-01-10T14:38:44","slug":"haftungsausschluss-urheberrecht","status":"publish","type":"page","link":"https:\/\/backup.e-max.eu\/de\/haftungsausschluss-urheberrecht\/","title":{"rendered":"Haftungsausschluss \/ Urheberrecht"},"content":{"rendered":"\n<section id=\"photo-info-overlay-block_64426062e6de3\" class=\" col-12 photo-info-overlay  d-flex align-items-stretch top-defaultpadding bottom-defaultpadding\">\n  <div id=\"photo-info-overlay-block_64426062e6de3-hook\" class=\"hook\"><\/div>  <style>\n          @media (min-width: 992px) {\n        #photo-info-overlay-block_64426062e6de3 {\n          height: auto;\n          min-height: 320px;\n        }\n      }\n              @media (max-width: 991px) {\n        #photo-info-overlay-block_64426062e6de3 {\n            height: auto;\n            min-height: 120px;\n        }\n      }\n              @media (min-width: 1199.99px) {\n        #photo-info-overlay-block_64426062e6de3 .wrapper h1,\n        #photo-info-overlay-block_64426062e6de3 .wrapper h2 {\n          font-size: 3.125rem;\n        }\n      }\n              @media (min-width: 575.99px) and (max-width: 1199.98px) {\n        #photo-info-overlay-block_64426062e6de3 .wrapper h1,\n        #photo-info-overlay-block_64426062e6de3 .wrapper h2 {\n          font-size: 2.1875rem;\n        }\n      }\n              @media (max-width: 575.98px) {\n        #photo-info-overlay-block_64426062e6de3 .wrapper h1,\n        #photo-info-overlay-block_64426062e6de3 .wrapper h2 {\n          font-size: 1.5625rem;\n        }\n      }\n              @media (min-width: 1199.99px) {\n        #photo-info-overlay-block_64426062e6de3 .wrapper p,\n        #photo-info-overlay-block_64426062e6de3 .wrapper p {\n          font-size: 1rem;\n        }\n      }\n              @media (min-width: 575.99px) and (max-width: 1199.98px) {\n        #photo-info-overlay-block_64426062e6de3 .wrapper p,\n        #photo-info-overlay-block_64426062e6de3 .wrapper p {\n          font-size: 1rem;\n        }\n      }\n              @media (max-width: 575.98px) {\n        #photo-info-overlay-block_64426062e6de3 .wrapper p,\n        #photo-info-overlay-block_64426062e6de3 .wrapper p {\n          font-size: 0.875rem;\n        }\n      }\n      <\/style>\n\n      <div class=\"background\" style=\"background-image: url(https:\/\/i0.wp.com\/backup.e-max.eu\/wp-content\/uploads\/2023\/04\/header-scaled.jpg?fit=2048%2C415&#038;ssl=1)\"><\/div>\n      <div class=\"container d-flex flex-column justify-content-start\">\n    <div class=\"row d-flex flex-column align-items-start\">\n      <div class=\"col-12 col-lg-1\">\n        <div class=\"content \" >\n          <div class=\"color white\" style=\"opacity: calc(0\/100);\"><\/div>\n                    <div class=\"wrapper\">\n\n            \n            <div class=\"text\" style=\"color: var(--black)\">\n              \n            <\/div>\n\n                      <\/div>\n        <\/div>\n      <\/div>\n    <\/div>\n  <\/div>\n<\/section>\n\n\n\n<section id=\"intro-block_646dd2b4891cb\" class=\"col-12 white intro top-defaultpadding bottom-defaultpadding\">\n  <div id=\"intro-block_646dd2b4891cb-hook\" class=\"hook\"><\/div>    \n            \n    \n  <div class=\"container\">\n    <div class=\"row column-direction   \">\n      <div class=\"col-12 col-md-7 description  \">\n                                    <div class=\"title\" style=\"color: var(--black)\">\n                              <h1><span>HAFTUNGSAUSSCHLUSS \/ URHEBERRECHT<\/span>\n<\/h1>\n                            <\/div>\n                      \n                      <div class=\"desc\" style=\"color: var(--black)\">\n              <p>\u00a9 2020 E-MAX. Alle Rechte vorbehalten. Diese Website und ihr Inhalt sind ausschlie\u00dfliches Eigentum von E-MAX, mit Sitz in Dilsen-Stokkem, Siemenslaan 8, 3650 Dilsen-Stokkem, Belgien.<\/p>\n<p>Die Website und ihr Inhalt sind durch geistige Eigentumsrechte gesch\u00fctzt. Es ist nicht gestattet, Teile (Texte, Abbildungen, Layout, Logos u.dgl.) der Website oder ihres Inhalts teilweise oder ganz zu vervielf\u00e4ltigen, zu verbreiten, zu \u00e4ndern oder mit der \u00d6ffentlichkeit zu teilen. F\u00fcr jede Vervielf\u00e4ltigung, Verbreitung, \u00c4nderung oder Teilung eines oder mehrerer Teile dieser Website mit der \u00d6ffentlichkeit ist die ausdr\u00fcckliche, schriftliche Zustimmung von E-MAX erforderlich.<\/p>\n<p>Der Eigent\u00fcmer hat den Inhalt mit gr\u00f6\u00dftm\u00f6glicher Sorgfalt erstellt, aber lehnt jegliche Haftung f\u00fcr eventuelle Fehler in der Darstellung ab.<\/p>\n<p>Der Eigent\u00fcmer ist nicht f\u00fcr Inhalte von Dateien, die mit dieser Website verbunden sind, und\/oder von Websites verantwortlich, auf die verwiesen wird.<\/p>\n<p>Die nicht autorisierte oder zweckwidrige Nutzung des Inhalts oder von Teilen davon stellt einen Versto\u00df gegen geistige Eigentumsrechte dar. Bevor der dargestellte Inhalt oder Teile davon an \u00f6ffentlich zug\u00e4nglichen Orten genutzt werden kann, m\u00fcssen wir einer solchen Nutzung schriftlich zugestimmt haben.<\/p>\n\n            <\/div>\n                          <\/div>\n      <div class=\"col-12 col-md-5 d-none d-md-block \">\n                    <img decoding=\"async\"\n              src=\"https:\/\/i0.wp.com\/backup.e-max.eu\/wp-content\/uploads\/2023\/05\/E-Max-icon-Disclaimer-TRANSPARANT-600x600px.png?fit=600%2C600&#038;ssl=1\"\n              alt=\"Groen icon van beeldscherm met kruis erdoorheen\"\n              title=\"E-Max-icon-Disclaimer-TRANSPARANT-600x600px\"\n              class=\"img-responsive\"\n              srcset=\"https:\/\/i0.wp.com\/backup.e-max.eu\/wp-content\/uploads\/2023\/05\/E-Max-icon-Disclaimer-TRANSPARANT-600x600px.png?fit=450%2C450&#038;ssl=1 480w,\n                      https:\/\/i0.wp.com\/backup.e-max.eu\/wp-content\/uploads\/2023\/05\/E-Max-icon-Disclaimer-TRANSPARANT-600x600px.png?fit=600%2C600&#038;ssl=1 2048w\"\n              sizes=\"(max-width: 480px) 480px\"\n              width=\"470\"\n                          \/>\n              <\/div>\n    <\/div>\n  <\/div>\n<\/section>\n","protected":false},"excerpt":{"rendered":"","protected":false},"author":1,"featured_media":0,"parent":0,"menu_order":0,"comment_status":"closed","ping_status":"open","template":"","meta":{"_acf_changed":false,"footnotes":""},"class_list":["post-9356","page","type-page","status-publish","hentry"],"acf":[],"yoast_head":"<!-- This site is optimized with the Yoast SEO plugin v24.2 - https:\/\/yoast.com\/wordpress\/plugins\/seo\/ -->\n<title>Haftungsausschluss \/ Urheberrecht - E-MAX<\/title>\n<meta name=\"description\" content=\"Lesen Sie den Haftungsausschluss und die Urheberrechte von E-MAX. F\u00fcr eine transparente Nutzung der Inhalte.\" \/>\n<meta name=\"robots\" content=\"noindex, follow, max-snippet:-1, max-image-preview:large, max-video-preview:-1\" \/>\n<meta property=\"og:locale\" content=\"de_DE\" \/>\n<meta property=\"og:type\" content=\"article\" \/>\n<meta property=\"og:title\" content=\"Haftungsausschluss \/ Urheberrecht - E-MAX\" \/>\n<meta property=\"og:description\" content=\"Lesen Sie den Haftungsausschluss und die Urheberrechte von E-MAX. F\u00fcr eine transparente Nutzung der Inhalte.\" \/>\n<meta property=\"og:url\" content=\"https:\/\/backup.e-max.eu\/de\/haftungsausschluss-urheberrecht\/\" \/>\n<meta property=\"og:site_name\" content=\"E-MAX\" \/>\n<meta property=\"article:modified_time\" content=\"2025-01-10T14:38:44+00:00\" \/>\n<meta name=\"twitter:card\" content=\"summary_large_image\" \/>\n<script type=\"application\/ld+json\" class=\"yoast-schema-graph\">{\"@context\":\"https:\/\/schema.org\",\"@graph\":[{\"@type\":\"WebPage\",\"@id\":\"https:\/\/backup.e-max.eu\/de\/haftungsausschluss-urheberrecht\/\",\"url\":\"https:\/\/backup.e-max.eu\/de\/haftungsausschluss-urheberrecht\/\",\"name\":\"Haftungsausschluss \/ Urheberrecht - E-MAX\",\"isPartOf\":{\"@id\":\"https:\/\/backup.e-max.eu\/#website\"},\"datePublished\":\"2022-03-08T09:18:45+00:00\",\"dateModified\":\"2025-01-10T14:38:44+00:00\",\"description\":\"Lesen Sie den Haftungsausschluss und die Urheberrechte von E-MAX. F\u00fcr eine transparente Nutzung der Inhalte.\",\"breadcrumb\":{\"@id\":\"https:\/\/backup.e-max.eu\/de\/haftungsausschluss-urheberrecht\/#breadcrumb\"},\"inLanguage\":\"de\",\"potentialAction\":[{\"@type\":\"ReadAction\",\"target\":[\"https:\/\/backup.e-max.eu\/de\/haftungsausschluss-urheberrecht\/\"]}]},{\"@type\":\"BreadcrumbList\",\"@id\":\"https:\/\/backup.e-max.eu\/de\/haftungsausschluss-urheberrecht\/#breadcrumb\",\"itemListElement\":[{\"@type\":\"ListItem\",\"position\":1,\"name\":\"Home\",\"item\":\"https:\/\/backup.e-max.eu\/de\/\"},{\"@type\":\"ListItem\",\"position\":2,\"name\":\"Haftungsausschluss \/ Urheberrecht\"}]},{\"@type\":\"WebSite\",\"@id\":\"https:\/\/backup.e-max.eu\/#website\",\"url\":\"https:\/\/backup.e-max.eu\/\",\"name\":\"E-MAX\",\"description\":\"Gerecycleerd aluminium met laagste carbon footprint\",\"publisher\":{\"@id\":\"https:\/\/backup.e-max.eu\/#organization\"},\"potentialAction\":[{\"@type\":\"SearchAction\",\"target\":{\"@type\":\"EntryPoint\",\"urlTemplate\":\"https:\/\/backup.e-max.eu\/?s={search_term_string}\"},\"query-input\":{\"@type\":\"PropertyValueSpecification\",\"valueRequired\":true,\"valueName\":\"search_term_string\"}}],\"inLanguage\":\"de\"},{\"@type\":\"Organization\",\"@id\":\"https:\/\/backup.e-max.eu\/#organization\",\"name\":\"E-MAX Aluminium N.V.\",\"url\":\"https:\/\/backup.e-max.eu\/\",\"logo\":{\"@type\":\"ImageObject\",\"inLanguage\":\"de\",\"@id\":\"https:\/\/backup.e-max.eu\/#\/schema\/logo\/image\/\",\"url\":\"https:\/\/i0.wp.com\/e-max.eu\/wp-content\/uploads\/2023\/04\/mb-EMAX-logo-Colour-Screen-RGB.png?fit=137%2C46&ssl=1\",\"contentUrl\":\"https:\/\/i0.wp.com\/e-max.eu\/wp-content\/uploads\/2023\/04\/mb-EMAX-logo-Colour-Screen-RGB.png?fit=137%2C46&ssl=1\",\"width\":137,\"height\":46,\"caption\":\"E-MAX Aluminium N.V.\"},\"image\":{\"@id\":\"https:\/\/backup.e-max.eu\/#\/schema\/logo\/image\/\"}}]}<\/script>\n<!-- \/ Yoast SEO plugin. -->","yoast_head_json":{"title":"Haftungsausschluss \/ Urheberrecht - E-MAX","description":"Lesen Sie den Haftungsausschluss und die Urheberrechte von E-MAX. F\u00fcr eine transparente Nutzung der Inhalte.","robots":{"index":"noindex","follow":"follow","max-snippet":"max-snippet:-1","max-image-preview":"max-image-preview:large","max-video-preview":"max-video-preview:-1"},"og_locale":"de_DE","og_type":"article","og_title":"Haftungsausschluss \/ Urheberrecht - E-MAX","og_description":"Lesen Sie den Haftungsausschluss und die Urheberrechte von E-MAX. F\u00fcr eine transparente Nutzung der Inhalte.","og_url":"https:\/\/backup.e-max.eu\/de\/haftungsausschluss-urheberrecht\/","og_site_name":"E-MAX","article_modified_time":"2025-01-10T14:38:44+00:00","twitter_card":"summary_large_image","schema":{"@context":"https:\/\/schema.org","@graph":[{"@type":"WebPage","@id":"https:\/\/backup.e-max.eu\/de\/haftungsausschluss-urheberrecht\/","url":"https:\/\/backup.e-max.eu\/de\/haftungsausschluss-urheberrecht\/","name":"Haftungsausschluss \/ Urheberrecht - E-MAX","isPartOf":{"@id":"https:\/\/backup.e-max.eu\/#website"},"datePublished":"2022-03-08T09:18:45+00:00","dateModified":"2025-01-10T14:38:44+00:00","description":"Lesen Sie den Haftungsausschluss und die Urheberrechte von E-MAX. F\u00fcr eine transparente Nutzung der Inhalte.","breadcrumb":{"@id":"https:\/\/backup.e-max.eu\/de\/haftungsausschluss-urheberrecht\/#breadcrumb"},"inLanguage":"de","potentialAction":[{"@type":"ReadAction","target":["https:\/\/backup.e-max.eu\/de\/haftungsausschluss-urheberrecht\/"]}]},{"@type":"BreadcrumbList","@id":"https:\/\/backup.e-max.eu\/de\/haftungsausschluss-urheberrecht\/#breadcrumb","itemListElement":[{"@type":"ListItem","position":1,"name":"Home","item":"https:\/\/backup.e-max.eu\/de\/"},{"@type":"ListItem","position":2,"name":"Haftungsausschluss \/ Urheberrecht"}]},{"@type":"WebSite","@id":"https:\/\/backup.e-max.eu\/#website","url":"https:\/\/backup.e-max.eu\/","name":"E-MAX","description":"Gerecycleerd aluminium met laagste carbon footprint","publisher":{"@id":"https:\/\/backup.e-max.eu\/#organization"},"potentialAction":[{"@type":"SearchAction","target":{"@type":"EntryPoint","urlTemplate":"https:\/\/backup.e-max.eu\/?s={search_term_string}"},"query-input":{"@type":"PropertyValueSpecification","valueRequired":true,"valueName":"search_term_string"}}],"inLanguage":"de"},{"@type":"Organization","@id":"https:\/\/backup.e-max.eu\/#organization","name":"E-MAX Aluminium N.V.","url":"https:\/\/backup.e-max.eu\/","logo":{"@type":"ImageObject","inLanguage":"de","@id":"https:\/\/backup.e-max.eu\/#\/schema\/logo\/image\/","url":"https:\/\/i0.wp.com\/e-max.eu\/wp-content\/uploads\/2023\/04\/mb-EMAX-logo-Colour-Screen-RGB.png?fit=137%2C46&ssl=1","contentUrl":"https:\/\/i0.wp.com\/e-max.eu\/wp-content\/uploads\/2023\/04\/mb-EMAX-logo-Colour-Screen-RGB.png?fit=137%2C46&ssl=1","width":137,"height":46,"caption":"E-MAX Aluminium N.V."},"image":{"@id":"https:\/\/backup.e-max.eu\/#\/schema\/logo\/image\/"}}]}},"_links":{"self":[{"href":"https:\/\/backup.e-max.eu\/de\/wp-json\/wp\/v2\/pages\/9356","targetHints":{"allow":["GET"]}}],"collection":[{"href":"https:\/\/backup.e-max.eu\/de\/wp-json\/wp\/v2\/pages"}],"about":[{"href":"https:\/\/backup.e-max.eu\/de\/wp-json\/wp\/v2\/types\/page"}],"author":[{"embeddable":true,"href":"https:\/\/backup.e-max.eu\/de\/wp-json\/wp\/v2\/users\/1"}],"replies":[{"embeddable":true,"href":"https:\/\/backup.e-max.eu\/de\/wp-json\/wp\/v2\/comments?post=9356"}],"version-history":[{"count":3,"href":"https:\/\/backup.e-max.eu\/de\/wp-json\/wp\/v2\/pages\/9356\/revisions"}],"predecessor-version":[{"id":15117,"href":"https:\/\/backup.e-max.eu\/de\/wp-json\/wp\/v2\/pages\/9356\/revisions\/15117"}],"wp:attachment":[{"href":"https:\/\/backup.e-max.eu\/de\/wp-json\/wp\/v2\/media?parent=9356"}],"curies":[{"name":"wp","href":"https:\/\/api.w.org\/{rel}","templated":true}]}}